{"id":11892,"date":"2024-04-25T15:21:02","date_gmt":"2024-04-25T12:21:02","guid":{"rendered":"https:\/\/tanyanargile.com.tr\/urun\/limon-nargile-melasi-125gr\/"},"modified":"2024-11-02T17:43:22","modified_gmt":"2024-11-02T14:43:22","slug":"%d8%af%d8%a8%d8%b3-%d8%b4%d9%8a%d8%b4%d8%a9-%d9%84%d9%8a%d9%85%d9%88%d9%86-125-%d8%ac%d8%b1%d8%a7%d9%85","status":"publish","type":"product","link":"https:\/\/tanyanargile.com.tr\/ar\/%d8%af%d8%a8%d8%b3-%d8%b4%d9%8a%d8%b4%d8%a9-%d9%84%d9%8a%d9%85%d9%88%d9%86-125-%d8%ac%d8%b1%d8%a7%d9%85\/","title":{"rendered":"\u0644\u064a\u0645\u0648\u0646 <br> \u062f\u0628\u0633 \u0627\u0644\u0634\u064a\u0634\u0629 125 \u062c\u0631\u0627\u0645"},"content":{"rendered":"<h1>L\u0130MON 125Gr. Bitkisel Nargile Melas\u0131<\/h1>\n<p> \u0646\u0643\u0647\u0627\u062a\u0643 \u0627\u0644\u0645\u0641\u0636\u0644\u0629 \u0648\u0627\u0644\u0645\u063a\u0631\u064a\u0629 \u0644\u0623\u062d\u0644\u0627\u0645\u0643 <strong>\u064a\u0643\u062a\u0634\u0641<\/strong>!<br \/>\nMersin \u015fehrinin,me\u015fhur lamas limonlar\u0131n\u0131n kabuklar\u0131ndan elde edilen e\u015fsiz lezzetin ferahl\u0131\u011f\u0131n\u0131 i\u00e7inizde hissedeceksiniz. K\u0131\u015fk\u0131rt\u0131c\u0131 lezzete haz\u0131r olun. Bu lezzetle ay\u0131lacaks\u0131n\u0131z.<\/p>\n<h3>\u0645\u062d\u062a\u0648\u064a\u0627\u062a:<\/h3>\n<p> \u0644\u064a\u0645\u0648\u0646<\/h3>\n<h3>\u0623\u0643\u062b\u0631 \u0645\u0645\u0627 \u062a\u0628\u062d\u062b \u0639\u0646\u0647 \u0641\u064a \u0627\u0644\u0634\u064a\u0634\u0629<\/h3>\n<h3>\u0627\u0644\u0645\u0639\u0627\u064a\u064a\u0631 \u0627\u0644\u062f\u0648\u0644\u064a\u0629 \u0648\u0627\u0644\u062c\u0648\u062f\u0629<\/h3>\n<p>\u062a\u0642\u062f\u0645 \u0645\u0646\u062a\u062c\u0627\u062a\u0646\u0627 \u062f\u0628\u0633 \u0627\u0644\u0634\u064a\u0634\u0629 \u0627\u0644\u0637\u0628\u064a\u0639\u064a \u0627\u0644\u0641\u0627\u062e\u0631 \u0627\u0644\u063a\u0646\u064a\u060c \u0648\u0627\u0644\u0630\u064a \u064a\u062a\u0645 \u0625\u0646\u062a\u0627\u062c\u0647 \u062e\u0635\u064a\u0635\u064b\u0627 \u0645\u0646 \u062e\u0644\u0627\u0644 \u062a\u0631\u0643\u064a\u0628 \u0641\u0648\u0627\u0643\u0647 \u0637\u0628\u064a\u0639\u064a\u0629 \u062a\u0645\u0627\u0645\u064b\u0627 \u0628\u0646\u0643\u0647\u0627\u062a \u0645\u062e\u062a\u0644\u0641\u0629 \u0648\u0641\u0642\u064b\u0627 \u0644\u0645\u0639\u0627\u064a\u064a\u0631 \u0627\u0644\u0627\u062a\u062d\u0627\u062f \u0627\u0644\u0623\u0648\u0631\u0648\u0628\u064a \u0648\u0625\u062f\u0627\u0631\u0629 \u0627\u0644\u063a\u0630\u0627\u0621 \u0648\u0627\u0644\u062f\u0648\u0627\u0621 \u0627\u0644\u0623\u0645\u0631\u064a\u0643\u064a\u0629.<br \/>\n\u062a\u0627\u0646\u064a\u0627 \u0646\u0627\u0631\u062c\u064a\u0644\u060c \u0627\u0644\u0634\u0631\u0643\u0629 \u0627\u0644\u0631\u0627\u0626\u062f\u0629 \u0641\u064a \u0635\u0646\u0627\u0639\u0629 \u0627\u0644\u0634\u064a\u0634\u0629 \u0641\u064a \u0627\u0644\u0639\u0627\u0644\u0645 \u0645\u0639 \u0627\u0644\u0623\u0647\u0645\u064a\u0629 \u0627\u0644\u062a\u064a \u0646\u0639\u0644\u0642\u0647\u0627 \u0639\u0644\u0649 \u0627\u0644\u0628\u062d\u062b \u0648\u0627\u0644\u062a\u0637\u0648\u064a\u0631 \u0648\u0627\u0644\u0627\u0628\u062a\u0643\u0627\u0631 \u0648\u0646\u0637\u0627\u0642\u0627\u062a \u0627\u0644\u0645\u0646\u062a\u062c\u0627\u062a \u0627\u0644\u062c\u062f\u064a\u062f\u0629 \u0627\u0644\u062a\u064a \u0646\u0642\u062f\u0645\u0647\u0627 \u0644\u0644\u0633\u0648\u0642\u060c \u062a\u062a\u0642\u062f\u0645 \u0628\u0633\u0631\u0639\u0629 \u0646\u062d\u0648 \u0623\u0646 \u062a\u0635\u0628\u062d \u0639\u0644\u0627\u0645\u0629 \u062a\u062c\u0627\u0631\u064a\u0629 \u0646\u062c\u0645\u0629 \u0641\u064a \u0627\u0644\u0639\u0627\u0644\u0645.<\/p>\n<h3>\u0633\u0646\u0648\u0627\u062a \u0645\u0646 \u0627\u0644\u062e\u0628\u0631\u0629<\/h3>\n<p>\u0644\u0642\u062f \u0623\u0635\u0628\u062d\u0646\u0627 \u0639\u0646\u0648\u0627\u0646 \u0623\u0648\u0644\u0626\u0643 \u0627\u0644\u0630\u064a\u0646 \u064a\u0635\u0646\u0639\u0648\u0646 \u0627\u062a\u062c\u0627\u0647\u0627\u062a \u0645\u062e\u062a\u0644\u0641\u0629 \u0644\u0644\u0634\u064a\u0634\u0629 \u0643\u0644 \u0639\u0627\u0645\u060c \u0645\u0639 \u0642\u0648\u0629 \u0643\u0648\u0646\u0646\u0627 \u0631\u0627\u0626\u062f\u064a\u0646 \u0641\u064a \u062a\u0631\u0643\u064a\u0627 \u0648\u0627\u0644\u0639\u0627\u0644\u0645 \u0628\u062a\u062c\u0627\u0631\u0628\u0646\u0627 \u0627\u0644\u0645\u062a\u0641\u0648\u0642\u0629 \u0648\u062a\u062c\u0627\u0631\u0628\u0646\u0627 \u0627\u0644\u0645\u062a\u0641\u0648\u0642\u0629 \u0645\u0646\u0630 \u0639\u0627\u0645 1996\u060c \u0648\u0623\u0635\u0628\u062d\u0646\u0627 \u0627\u0644\u0639\u0644\u0627\u0645\u0629 \u0627\u0644\u062a\u062c\u0627\u0631\u064a\u0629 \u0627\u0644\u062a\u064a \u064a\u062a\u0628\u0639\u0647\u0627 \u062f\u0627\u0626\u0645\u064b\u0627 \u0645\u0633\u062a\u0647\u0644\u0643\u0648 \u0627\u0644\u0634\u064a\u0634\u0629 \u0648\u0635\u0646\u0627\u0639\u0629 \u0627\u0644\u0634\u064a\u0634\u0629.<br \/>\n\u0645\u0646 \u0623\u062c\u0644 \u062a\u062d\u0633\u064a\u0646 \u0627\u0644\u0645\u0646\u062a\u062c\u0627\u062a \u0627\u0644\u062a\u064a \u0646\u0646\u062a\u062c\u0647\u0627 \u0645\u0646 \u062e\u0644\u0627\u0644 \u062f\u0631\u0627\u0633\u0627\u062a \u0627\u0644\u0628\u062d\u062b \u0648\u0627\u0644\u062a\u0637\u0648\u064a\u0631 \u0644\u0628\u0631\u0627\u0621\u0627\u062a \u0627\u0644\u0627\u062e\u062a\u0631\u0627\u0639 \u0627\u0644\u062f\u0648\u0644\u064a\u0629 \u0627\u0644\u062a\u064a \u062d\u0635\u0644\u0646\u0627 \u0639\u0644\u064a\u0647\u0627\u060c \u0641\u0625\u0646\u0646\u0627 \u0646\u0646\u062a\u062c \u0645\u0646\u062a\u062c\u0627\u062a \u062a\u0642\u0644\u0644 \u0645\u0646 \u0641\u0639\u0627\u0644\u064a\u0629 \u0627\u0644\u0645\u0648\u0627\u062f \u0627\u0644\u0636\u0627\u0631\u0629 \u0641\u064a \u0627\u0644\u0634\u064a\u0634\u0629\u060c \u0645\u0645\u0627 \u064a\u062c\u0639\u0644 \u062b\u0642\u0627\u0641\u0629 \u0627\u0644\u0634\u064a\u0634\u0629 \u063a\u064a\u0631 \u0636\u0627\u0631\u0629 \u0648\u0623\u0643\u062b\u0631 \u0645\u062a\u0639\u0629.<\/p>\n<h3>\u0645\u0646\u062a\u062c\u0627\u062a\u0646\u0627 \u0644\u0627 \u062a\u062d\u062a\u0648\u064a \u0639\u0644\u0649 \u0627\u0644\u062a\u0628\u063a \u0623\u0648 \u0627\u0644\u0646\u064a\u0643\u0648\u062a\u064a\u0646!<br \/>\n\u0644\u0627 \u064a\u0645\u0643\u0646 \u0628\u064a\u0639\u0647\u0627 \u0644\u0644\u0623\u0634\u062e\u0627\u0635 \u0627\u0644\u0630\u064a\u0646 \u062a\u0642\u0644 \u0623\u0639\u0645\u0627\u0631\u0647\u0645 \u0639\u0646 18 \u0639\u0627\u0645\u064b\u0627!<\/h3>\n<h4>T\u00fct\u00fcns\u00fcz &amp; Nikotinsiz<\/h4>\n<p>\u0644\u0627 \u062a\u0648\u062c\u062f \u0645\u0643\u0648\u0646\u0627\u062a \u0636\u0627\u0631\u0629 \u0645\u062b\u0644 \u0627\u0644\u062a\u0628\u063a \u0648\u0627\u0644\u0646\u064a\u0643\u0648\u062a\u064a\u0646 \u0648\u0627\u0644\u0642\u0637\u0631\u0627\u0646 \u0648\u063a\u064a\u0631\u0647\u0627 \u062a\u0633\u0628\u0628 \u0627\u0644\u0633\u0631\u0637\u0627\u0646!<\/p>\n<h4>100% \u0637\u0628\u064a\u0639\u064a<\/h4>\n<p>\u0645\u0635\u0646\u0648\u0639\u0629 \u0628\u0627\u0644\u0643\u0627\u0645\u0644 \u0645\u0646 \u0627\u0644\u0641\u0648\u0627\u0643\u0647 \u0627\u0644\u0637\u0628\u064a\u0639\u064a\u0629 100%!<\/p>\n<h4>\u0646\u0643\u0647\u0627\u062a \u0645\u063a\u0631\u064a\u0629<\/h4>\n<p>\u0633\u0648\u0641 \u062a\u062c\u062f \u0627\u0644\u0646\u0643\u0647\u0627\u062a \u0627\u0644\u0645\u063a\u0631\u064a\u0629 \u0627\u0644\u0645\u0641\u0636\u0644\u0629 \u0644\u062f\u064a\u0643 \u0644\u0623\u062d\u0644\u0627\u0645\u0643!<\/p>\n<h4>\u0633\u0627\u0639\u062a\u064a\u0646 \u0645\u0646 \u0627\u0644\u0623\u062f\u0627\u0621 \u0627\u0644\u0641\u0627\u0626\u0642<\/h4>\n<p>\u0646\u0636\u0645\u0646 \u0644\u0643\u0645 \u0627\u0644\u0637\u0639\u0645 \u0627\u0644\u0642\u0648\u064a \u0648\u0627\u0644\u0623\u062f\u0627\u0621 \u0627\u0644\u0639\u0627\u0644\u064a! \u0633\u0648\u0641 \u062a\u062a\u0641\u0627\u062c\u0623 \u0628\u0627\u0644\u0623\u062f\u0627\u0621 \u0627\u0644\u0645\u0643\u062b\u0641.<\/p>\n<h4>\u0631\u0627\u0626\u062d\u0629 \u0642\u0648\u064a\u0629 \u0644\u0644\u063a\u0627\u064a\u0629<\/h4>\n<p>\u0627\u0634\u0639\u0631 \u0628\u0631\u0627\u0626\u062d\u0629 \u0627\u0644\u0634\u064a\u0634\u0629 \u0627\u0644\u0642\u0648\u064a\u0629 \u0628\u0634\u0643\u0644 \u0644\u0627 \u064a\u0635\u062f\u0642 \u062d\u062a\u0649 \u0627\u0644\u0644\u062d\u0638\u0629 \u0627\u0644\u0623\u062e\u064a\u0631\u0629!<\/p>\n<h4>Tatl\u0131 &amp; Fresh<\/h4>\n<p>Extra G\u00fc\u00e7l\u00fc Tatl\u0131 &amp; Fresh Tatlar\u0131n dans\u0131na hayran olacaks\u0131n\u0131z!<\/p>\n<h4>\u062a\u063a\u0644\u064a\u0641 \u0645\u0645\u064a\u0632 \u062c\u062f\u064a\u062f<\/h4>\n<p>\u0646\u0643\u0647\u0627\u062a \u0627\u0644\u0634\u064a\u0634\u0629 \u0627\u0644\u0645\u0641\u0636\u0644\u0629 \u0644\u062f\u064a\u0643 \u0644\u0646 \u062a\u062c\u0641 \u0623\u0628\u062f\u064b\u0627!<\/p>\n<h4>\u0625\u062f\u0627\u0631\u0629 \u062d\u0631\u0627\u0631\u064a\u0629 \u0645\u0645\u062a\u0627\u0632\u0629<\/h4>\n<p>\u0648\u0647\u0648 \u0623\u0643\u062b\u0631 \u0645\u0642\u0627\u0648\u0645\u0629 \u0644\u0644\u0627\u062d\u062a\u0631\u0627\u0642 \u0628\u062e\u0645\u0633 \u0645\u0631\u0627\u062a \u0645\u0646 \u0627\u0644\u062a\u0628\u063a \u0627\u0644\u0639\u0627\u062f\u064a \u0628\u0633\u0628\u0628 \u062d\u0631\u0627\u0631\u0629 \u0627\u0644\u0641\u062d\u0645 \u0627\u0644\u0645\u0648\u062c\u0648\u062f \u0641\u064a \u0627\u0644\u0634\u064a\u0634\u0629!<\/p>\n<h4>\u0627\u0644\u0645\u0639\u0627\u064a\u064a\u0631 \u0627\u0644\u062f\u0648\u0644\u064a\u0629<\/h4>\n<p>\u064a\u062a\u0645 \u0627\u0644\u0625\u0646\u062a\u0627\u062c \u0648\u0641\u0642\u064b\u0627 \u0644\u0645\u0639\u0627\u064a\u064a\u0631 \u0627\u0644\u0627\u062a\u062d\u0627\u062f \u0627\u0644\u0623\u0648\u0631\u0648\u0628\u064a \u0648\u0625\u062f\u0627\u0631\u0629 \u0627\u0644\u063a\u0630\u0627\u0621 \u0648\u0627\u0644\u062f\u0648\u0627\u0621 \u0627\u0644\u0623\u0645\u0631\u064a\u0643\u064a\u0629.<\/p>\n<h4>D\u00fcnya&#8217;n\u0131n Y\u0131ld\u0131zla\u015fan Markas\u0131<\/h4>\n<p>Nargile Sekt\u00f6r\u00fc&#8217;nde art artda al\u0131nan ihracat \u015fampiyonluk \u00f6d\u00fclleri ile D\u00fcnya Markas\u0131 haline gelmi\u015ftir!<\/p>\n<h4>\u062a\u0635\u062f\u064a\u0631 \u0625\u0644\u0649 55 \u062f\u0648\u0644\u0629<\/h4>\n<p>\u0627\u0633\u062a\u0641\u062f \u0645\u0646 \u0634\u0628\u0643\u0629 \u0627\u0644\u0634\u062d\u0646 \u0627\u0644\u062e\u0627\u0635\u0629 \u0628\u0646\u0627 \u0627\u0644\u0645\u062a\u0648\u0641\u0631\u0629 \u0641\u064a 55 \u062f\u0648\u0644\u0629<br \/>\n\u0646\u062d\u0646 \u0646\u063a\u064a\u0631 \u0637\u0639\u0645 \u0627\u0644\u0639\u0627\u0644\u0645! \u0648\u0644\u0643\u0645 \u0623\u0646\u062a\u0645 \u0623\u064a\u0636\u0627\u064b \u0646\u0635\u064a\u0628 \u0641\u064a \u0627\u0644\u0646\u0636\u0627\u0644 \u0627\u0644\u0630\u064a \u0628\u062f\u0623\u0646\u0627\u0647 \u0628\u0627\u0644\u0634\u0639\u0627\u0631.<\/p>\n<h4>\u0648\u0647\u064a \u062d\u0627\u0635\u0644\u0629 \u0639\u0644\u0649 \u0628\u0631\u0627\u0621\u0629 \u0627\u062e\u062a\u0631\u0627\u0639 \u062f\u0648\u0644\u064a\u0629!<\/h4>\n<p>\u0643\u0648\u0646\u0647 \u0627\u0644\u0623\u0648\u0644 \u0645\u0646 \u0646\u0648\u0639\u0647 \u0641\u064a \u0627\u0644\u0639\u0627\u0644\u0645\u060c \u0641\u0642\u062f \u062d\u0635\u0644 \u0639\u0644\u0649 \u0628\u0631\u0627\u0621\u0629 \u0627\u062e\u062a\u0631\u0627\u0639 \u0628\u0627\u0639\u062a\u0628\u0627\u0631\u0647 \u062e\u0627\u0644\u064a\u064b\u0627 \u0645\u0646 \u0627\u0644\u062a\u0628\u063a \u0648\u062e\u0627\u0644\u064a \u0645\u0646 \u0627\u0644\u0646\u064a\u0643\u0648\u062a\u064a\u0646.<\/p>","protected":false},"excerpt":{"rendered":"<p class=\"translation-block\"><strong>\u0627\u0644\u0644\u064a\u0645\u0648\u0646<\/strong> \u0633\u062a\u0634\u0639\u0631 \u0628\u0627\u0644\u0627\u0646\u062a\u0639\u0627\u0634 \u0648\u0627\u0644\u0637\u0639\u0645 \u0627\u0644\u0641\u0631\u064a\u062f \u0627\u0644\u0630\u064a \u064a\u062a\u0645 \u0627\u0644\u062d\u0635\u0648\u0644 \u0639\u0644\u064a\u0647 \u0645\u0646 \u0642\u0634\u0648\u0631 \u0644\u064a\u0645\u0648\u0646 \u0627\u0644\u0644\u0627\u0645\u0627 \u0627\u0644\u0634\u0647\u064a\u0631 \u0641\u064a \u0645\u062f\u064a\u0646\u0629 \u0645\u0631\u0633\u064a\u0646. \u0627\u0644\u0627\u0633\u062a\u0639\u062f\u0627\u062f \u0644\u0644\u0646\u0643\u0647\u0629 \u0627\u0644\u0627\u0633\u062a\u0641\u0632\u0627\u0632\u064a\u0629. \u0633\u0648\u0641 \u062a\u0633\u062a\u064a\u0642\u0638 \u0628\u0647\u0630\u0627 \u0627\u0644\u0637\u0639\u0645. <strong>\u0627\u0643\u062a\u0634\u0641 \u0646\u0643\u0647\u0627\u062a \u0627\u0644\u0634\u064a\u0634\u0629 \u0627\u0644\u0645\u0641\u0636\u0644\u0629 \u0644\u062f\u064a\u0643 \u0648\u0627\u0644\u062a\u064a \u062a\u062d\u0644\u0645 \u0628\u0647\u0627!<\/strong><\/p>","protected":false},"featured_media":11676,"comment_status":"open","ping_status":"closed","template":"","meta":{"content-type":""},"product_brand":[],"product_cat":[27],"product_tag":[369,118,96,368,367,94,103,104,151,93,100,102,97,98,99,95],"class_list":{"0":"post-11892","1":"product","2":"type-product","3":"status-publish","4":"has-post-thumbnail","6":"product_cat-herbal-hookah-tanya-125gr","7":"product_tag-bitkisel-nargile-melasi","8":"product_tag-herbal-hookah-flavors","9":"product_tag-herbal-hookah-molasses","10":"product_tag-herbal-shisha-flavors","11":"product_tag-herbal-shisha-molasses","12":"product_tag-hookah","13":"product_tag-hookah-molasses","14":"product_tag-hookah-tobacco","15":"product_tag-limon","16":"product_tag-nargile","17":"product_tag-nargile-aromasi","18":"product_tag-nargile-keyfi","19":"product_tag-nargile-melasi","20":"product_tag-nargile-tutunu","21":"product_tag-premium-nargile-melasi","22":"product_tag-shisha","24":"first","25":"instock","26":"virtual","27":"taxable","28":"product-type-simple"},"_links":{"self":[{"href":"https:\/\/tanyanargile.com.tr\/ar\/wp-json\/wp\/v2\/product\/11892","targetHints":{"allow":["GET"]}}],"collection":[{"href":"https:\/\/tanyanargile.com.tr\/ar\/wp-json\/wp\/v2\/product"}],"about":[{"href":"https:\/\/tanyanargile.com.tr\/ar\/wp-json\/wp\/v2\/types\/product"}],"replies":[{"embeddable":true,"href":"https:\/\/tanyanargile.com.tr\/ar\/wp-json\/wp\/v2\/comments?post=11892"}],"version-history":[{"count":0,"href":"https:\/\/tanyanargile.com.tr\/ar\/wp-json\/wp\/v2\/product\/11892\/revisions"}],"wp:featuredmedia":[{"embeddable":true,"href":"https:\/\/tanyanargile.com.tr\/ar\/wp-json\/wp\/v2\/media\/11676"}],"wp:attachment":[{"href":"https:\/\/tanyanargile.com.tr\/ar\/wp-json\/wp\/v2\/media?parent=11892"}],"wp:term":[{"taxonomy":"product_brand","embeddable":true,"href":"https:\/\/tanyanargile.com.tr\/ar\/wp-json\/wp\/v2\/product_brand?post=11892"},{"taxonomy":"product_cat","embeddable":true,"href":"https:\/\/tanyanargile.com.tr\/ar\/wp-json\/wp\/v2\/product_cat?post=11892"},{"taxonomy":"product_tag","embeddable":true,"href":"https:\/\/tanyanargile.com.tr\/ar\/wp-json\/wp\/v2\/product_tag?post=11892"}],"curies":[{"name":"\u0648\u0648\u0631\u062f\u0628\u0631\u064a\u0633","href":"https:\/\/api.w.org\/{rel}","templated":true}]}}