{"id":5181,"date":"2023-09-18T06:29:08","date_gmt":"2023-09-18T03:29:08","guid":{"rendered":"https:\/\/tanyanargile.com.tr\/?post_type=product&#038;p=5181"},"modified":"2024-11-02T18:18:30","modified_gmt":"2024-11-02T15:18:30","slug":"%d8%a7%d8%a8%d8%af%d8%a3-%d8%a8%d9%80-18-250-%d8%ac%d8%b1%d8%a7%d9%85-%d9%85%d9%86-%d8%af%d8%a8%d8%b3-%d8%a7%d9%84%d8%b4%d9%8a%d8%b4%d8%a9","status":"publish","type":"product","link":"https:\/\/tanyanargile.com.tr\/ar\/%d8%a7%d8%a8%d8%af%d8%a3-%d8%a8%d9%80-18-250-%d8%ac%d8%b1%d8%a7%d9%85-%d9%85%d9%86-%d8%af%d8%a8%d8%b3-%d8%a7%d9%84%d8%b4%d9%8a%d8%b4%d8%a9\/","title":{"rendered":"\u0627\u0628\u062f\u0623 +18 <br> \u0645\u0639\u0633\u0644 \u0627\u0644\u0634\u064a\u0634\u0629 \u0627\u0644\u0637\u0628\u064a\u0639\u064a 250 \u063a"},"content":{"rendered":"<h1>START +18 Bitkisel Nargile Melas\u0131 250Gr<\/h1>\n<p>\u0646\u0643\u0647\u0627\u062a\u0643 \u0627\u0644\u0645\u0641\u0636\u0644\u0629 \u0648\u0627\u0644\u0645\u063a\u0631\u064a\u0629 \u0644\u0623\u062d\u0644\u0627\u0645\u0643 <strong>\u064a\u0643\u062a\u0634\u0641<\/strong>!<\/p>\n<p>Sizi kendine a\u015f\u0131k ettirmeye ba\u015flayacak olan bu lezzet ile ferahlat\u0131c\u0131 ve tatl\u0131 hazz\u0131n\u0131 birlikte hissedeceksiniz. Size \u00f6zel form\u00fcle etti\u011fimiz bu lezzetten vazge\u00e7emeyeceksiniz.<\/p>\n<h3>\u0645\u062d\u062a\u0648\u064a\u0627\u062a:<\/h3>\n<p>\u0628\u0637\u064a\u062e\u060c \u062c\u0631\u064a\u0628 \u0641\u0631\u0648\u062a\u060c \u0645\u0627\u0631\u0643\u0648\u062c\u0627\u060c \u062b\u0644\u062c<\/p>\n<h3>\u0623\u0643\u062b\u0631 \u0645\u0645\u0627 \u062a\u0628\u062d\u062b \u0639\u0646\u0647 \u0641\u064a \u0627\u0644\u0634\u064a\u0634\u0629<\/h3>\n<h3>\u0627\u0644\u0645\u0639\u0627\u064a\u064a\u0631 \u0627\u0644\u062f\u0648\u0644\u064a\u0629 \u0648\u0627\u0644\u062c\u0648\u062f\u0629<\/h3>\n<p>\u062a\u0642\u062f\u0645 \u0645\u0646\u062a\u062c\u0627\u062a\u0646\u0627 \u062f\u0628\u0633 \u0627\u0644\u0634\u064a\u0634\u0629 \u0627\u0644\u0637\u0628\u064a\u0639\u064a \u0627\u0644\u0641\u0627\u062e\u0631 \u0627\u0644\u063a\u0646\u064a\u060c \u0648\u0627\u0644\u0630\u064a \u064a\u062a\u0645 \u0625\u0646\u062a\u0627\u062c\u0647 \u062e\u0635\u064a\u0635\u064b\u0627 \u0645\u0646 \u062e\u0644\u0627\u0644 \u062a\u0631\u0643\u064a\u0628 \u0641\u0648\u0627\u0643\u0647 \u0637\u0628\u064a\u0639\u064a\u0629 \u062a\u0645\u0627\u0645\u064b\u0627 \u0628\u0646\u0643\u0647\u0627\u062a \u0645\u062e\u062a\u0644\u0641\u0629 \u0648\u0641\u0642\u064b\u0627 \u0644\u0645\u0639\u0627\u064a\u064a\u0631 \u0627\u0644\u0627\u062a\u062d\u0627\u062f \u0627\u0644\u0623\u0648\u0631\u0648\u0628\u064a \u0648\u0625\u062f\u0627\u0631\u0629 \u0627\u0644\u063a\u0630\u0627\u0621 \u0648\u0627\u0644\u062f\u0648\u0627\u0621 \u0627\u0644\u0623\u0645\u0631\u064a\u0643\u064a\u0629.<\/p>\n<p>\u062a\u0627\u0646\u064a\u0627 \u0646\u0627\u0631\u062c\u064a\u0644\u060c \u0627\u0644\u0634\u0631\u0643\u0629 \u0627\u0644\u0631\u0627\u0626\u062f\u0629 \u0641\u064a \u0635\u0646\u0627\u0639\u0629 \u0627\u0644\u0634\u064a\u0634\u0629 \u0641\u064a \u0627\u0644\u0639\u0627\u0644\u0645 \u0645\u0639 \u0627\u0644\u0623\u0647\u0645\u064a\u0629 \u0627\u0644\u062a\u064a \u0646\u0639\u0644\u0642\u0647\u0627 \u0639\u0644\u0649 \u0627\u0644\u0628\u062d\u062b \u0648\u0627\u0644\u062a\u0637\u0648\u064a\u0631 \u0648\u0627\u0644\u0627\u0628\u062a\u0643\u0627\u0631 \u0648\u0646\u0637\u0627\u0642\u0627\u062a \u0627\u0644\u0645\u0646\u062a\u062c\u0627\u062a \u0627\u0644\u062c\u062f\u064a\u062f\u0629 \u0627\u0644\u062a\u064a \u0646\u0642\u062f\u0645\u0647\u0627 \u0644\u0644\u0633\u0648\u0642\u060c \u062a\u062a\u0642\u062f\u0645 \u0628\u0633\u0631\u0639\u0629 \u0646\u062d\u0648 \u0623\u0646 \u062a\u0635\u0628\u062d \u0639\u0644\u0627\u0645\u0629 \u062a\u062c\u0627\u0631\u064a\u0629 \u0646\u062c\u0645\u0629 \u0641\u064a \u0627\u0644\u0639\u0627\u0644\u0645.<\/p>\n<h3>\u0633\u0646\u0648\u0627\u062a \u0645\u0646 \u0627\u0644\u062e\u0628\u0631\u0629<\/h3>\n<p>\u0644\u0642\u062f \u0623\u0635\u0628\u062d\u0646\u0627 \u0639\u0646\u0648\u0627\u0646 \u0623\u0648\u0644\u0626\u0643 \u0627\u0644\u0630\u064a\u0646 \u064a\u0635\u0646\u0639\u0648\u0646 \u0627\u062a\u062c\u0627\u0647\u0627\u062a \u0645\u062e\u062a\u0644\u0641\u0629 \u0644\u0644\u0634\u064a\u0634\u0629 \u0643\u0644 \u0639\u0627\u0645\u060c \u0645\u0639 \u0642\u0648\u0629 \u0643\u0648\u0646\u0646\u0627 \u0631\u0627\u0626\u062f\u064a\u0646 \u0641\u064a \u062a\u0631\u0643\u064a\u0627 \u0648\u0627\u0644\u0639\u0627\u0644\u0645 \u0628\u062a\u062c\u0627\u0631\u0628\u0646\u0627 \u0627\u0644\u0645\u062a\u0641\u0648\u0642\u0629 \u0648\u062a\u062c\u0627\u0631\u0628\u0646\u0627 \u0627\u0644\u0645\u062a\u0641\u0648\u0642\u0629 \u0645\u0646\u0630 \u0639\u0627\u0645 1996\u060c \u0648\u0623\u0635\u0628\u062d\u0646\u0627 \u0627\u0644\u0639\u0644\u0627\u0645\u0629 \u0627\u0644\u062a\u062c\u0627\u0631\u064a\u0629 \u0627\u0644\u062a\u064a \u064a\u062a\u0628\u0639\u0647\u0627 \u062f\u0627\u0626\u0645\u064b\u0627 \u0645\u0633\u062a\u0647\u0644\u0643\u0648 \u0627\u0644\u0634\u064a\u0634\u0629 \u0648\u0635\u0646\u0627\u0639\u0629 \u0627\u0644\u0634\u064a\u0634\u0629.<\/p>\n<p>\u0645\u0646 \u0623\u062c\u0644 \u062a\u062d\u0633\u064a\u0646 \u0627\u0644\u0645\u0646\u062a\u062c\u0627\u062a \u0627\u0644\u062a\u064a \u0646\u0646\u062a\u062c\u0647\u0627 \u0645\u0646 \u062e\u0644\u0627\u0644 \u062f\u0631\u0627\u0633\u0627\u062a \u0627\u0644\u0628\u062d\u062b \u0648\u0627\u0644\u062a\u0637\u0648\u064a\u0631 \u0644\u0628\u0631\u0627\u0621\u0627\u062a \u0627\u0644\u0627\u062e\u062a\u0631\u0627\u0639 \u0627\u0644\u062f\u0648\u0644\u064a\u0629 \u0627\u0644\u062a\u064a \u062d\u0635\u0644\u0646\u0627 \u0639\u0644\u064a\u0647\u0627\u060c \u0641\u0625\u0646\u0646\u0627 \u0646\u0646\u062a\u062c \u0645\u0646\u062a\u062c\u0627\u062a \u062a\u0642\u0644\u0644 \u0645\u0646 \u0641\u0639\u0627\u0644\u064a\u0629 \u0627\u0644\u0645\u0648\u0627\u062f \u0627\u0644\u0636\u0627\u0631\u0629 \u0641\u064a \u0627\u0644\u0634\u064a\u0634\u0629\u060c \u0645\u0645\u0627 \u064a\u062c\u0639\u0644 \u062b\u0642\u0627\u0641\u0629 \u0627\u0644\u0634\u064a\u0634\u0629 \u063a\u064a\u0631 \u0636\u0627\u0631\u0629 \u0648\u0623\u0643\u062b\u0631 \u0645\u062a\u0639\u0629.<\/p>\n<h3>\u0645\u0646\u062a\u062c\u0627\u062a\u0646\u0627 \u0644\u0627 \u062a\u062d\u062a\u0648\u064a \u0639\u0644\u0649 \u0627\u0644\u062a\u0628\u063a \u0623\u0648 \u0627\u0644\u0646\u064a\u0643\u0648\u062a\u064a\u0646!<\/p>\n<p>\u0644\u0627 \u064a\u0645\u0643\u0646 \u0628\u064a\u0639\u0647\u0627 \u0644\u0644\u0623\u0634\u062e\u0627\u0635 \u0627\u0644\u0630\u064a\u0646 \u062a\u0642\u0644 \u0623\u0639\u0645\u0627\u0631\u0647\u0645 \u0639\u0646 18 \u0639\u0627\u0645\u064b\u0627!<\/h3>","protected":false},"excerpt":{"rendered":"<p><strong>\u0627\u0628\u062f\u0623 +18 <\/strong>\u0633\u062a\u0634\u0639\u0631 \u0628\u0627\u0644\u0645\u062a\u0639\u0629 \u0627\u0644\u0645\u0646\u0639\u0634\u0629 \u0648\u0627\u0644\u062d\u0644\u0648\u0629 \u0645\u0639 \u0647\u0630\u0647 \u0627\u0644\u0646\u0643\u0647\u0629 \u0627\u0644\u062a\u064a \u0633\u062a\u062c\u0639\u0644\u0643 \u062a\u0642\u0639 \u0641\u064a \u062d\u0628\u0647\u0627. \u0644\u0646 \u062a\u062a\u0645\u0643\u0646 \u0645\u0646 \u0627\u0644\u062a\u062e\u0644\u064a \u0639\u0646 \u0647\u0630\u0627 \u0627\u0644\u0637\u0639\u0645 \u0627\u0644\u0630\u064a \u0635\u0645\u0645\u0646\u0627\u0647 \u062e\u0635\u064a\u0635\u064b\u0627 \u0644\u0643. \u0627\u0633\u062a\u0645\u062a\u0639 \u0628\u0646\u0643\u0647\u0627\u062a \u0627\u0644\u0634\u064a\u0634\u0629 \u0627\u0644\u0645\u0641\u0636\u0644\u0629 \u0644\u062f\u064a\u0643 \u0641\u064a \u0623\u062d\u0644\u0627\u0645\u0643 <strong>\u064a\u0643\u062a\u0634\u0641!<\/strong><\/p>","protected":false},"featured_media":8483,"comment_status":"open","ping_status":"closed","template":"","meta":{"content-type":""},"product_brand":[],"product_cat":[28],"product_tag":[96,94,103,104,93,100,102,97,98,99,95,214],"class_list":{"0":"post-5181","1":"product","2":"type-product","3":"status-publish","4":"has-post-thumbnail","6":"product_cat-herbal-hookah-tanya-250gr","7":"product_tag-herbal-hookah-molasses","8":"product_tag-hookah","9":"product_tag-hookah-molasses","10":"product_tag-hookah-tobacco","11":"product_tag-nargile","12":"product_tag-nargile-aromasi","13":"product_tag-nargile-keyfi","14":"product_tag-nargile-melasi","15":"product_tag-nargile-tutunu","16":"product_tag-premium-nargile-melasi","17":"product_tag-shisha","18":"product_tag-start-18","20":"first","21":"instock","22":"virtual","23":"taxable","24":"product-type-simple"},"_links":{"self":[{"href":"https:\/\/tanyanargile.com.tr\/ar\/wp-json\/wp\/v2\/product\/5181","targetHints":{"allow":["GET"]}}],"collection":[{"href":"https:\/\/tanyanargile.com.tr\/ar\/wp-json\/wp\/v2\/product"}],"about":[{"href":"https:\/\/tanyanargile.com.tr\/ar\/wp-json\/wp\/v2\/types\/product"}],"replies":[{"embeddable":true,"href":"https:\/\/tanyanargile.com.tr\/ar\/wp-json\/wp\/v2\/comments?post=5181"}],"version-history":[{"count":0,"href":"https:\/\/tanyanargile.com.tr\/ar\/wp-json\/wp\/v2\/product\/5181\/revisions"}],"wp:featuredmedia":[{"embeddable":true,"href":"https:\/\/tanyanargile.com.tr\/ar\/wp-json\/wp\/v2\/media\/8483"}],"wp:attachment":[{"href":"https:\/\/tanyanargile.com.tr\/ar\/wp-json\/wp\/v2\/media?parent=5181"}],"wp:term":[{"taxonomy":"product_brand","embeddable":true,"href":"https:\/\/tanyanargile.com.tr\/ar\/wp-json\/wp\/v2\/product_brand?post=5181"},{"taxonomy":"product_cat","embeddable":true,"href":"https:\/\/tanyanargile.com.tr\/ar\/wp-json\/wp\/v2\/product_cat?post=5181"},{"taxonomy":"product_tag","embeddable":true,"href":"https:\/\/tanyanargile.com.tr\/ar\/wp-json\/wp\/v2\/product_tag?post=5181"}],"curies":[{"name":"\u0648\u0648\u0631\u062f\u0628\u0631\u064a\u0633","href":"https:\/\/api.w.org\/{rel}","templated":true}]}}