{"id":6269,"date":"2023-09-20T20:03:15","date_gmt":"2023-09-20T17:03:15","guid":{"rendered":"https:\/\/tanyanargile.com.tr\/?post_type=product&#038;p=6269"},"modified":"2024-11-02T18:08:41","modified_gmt":"2024-11-02T15:08:41","slug":"%d8%a8%d9%8a%d9%86%d8%a7-%d9%83%d9%88%d9%84%d8%a7%d8%af%d8%a7-50-%d8%ac%d8%b1%d8%a7%d9%85-%d8%af%d8%a8%d8%b3-%d8%a7%d9%84%d8%b4%d9%8a%d8%b4%d8%a9","status":"publish","type":"product","link":"https:\/\/tanyanargile.com.tr\/ar\/%d8%a8%d9%8a%d9%86%d8%a7-%d9%83%d9%88%d9%84%d8%a7%d8%af%d8%a7-50-%d8%ac%d8%b1%d8%a7%d9%85-%d8%af%d8%a8%d8%b3-%d8%a7%d9%84%d8%b4%d9%8a%d8%b4%d8%a9\/","title":{"rendered":"\u0628\u064a\u0646\u0627 \u0643\u0648\u0644\u0627\u062f\u0627<br> \u062f\u0628\u0633 \u0627\u0644\u0634\u064a\u0634\u0629 \u0627\u0644\u0639\u0634\u0628\u064a 50 \u062c\u0631\u0627\u0645"},"content":{"rendered":"<h1>P\u0130NA COLADA Bitkisel Nargile Melas\u0131 50Gr.<\/h1>\n<p>\u0646\u0643\u0647\u0627\u062a\u0643 \u0627\u0644\u0645\u0641\u0636\u0644\u0629 \u0648\u0627\u0644\u0645\u063a\u0631\u064a\u0629 \u0644\u0623\u062d\u0644\u0627\u0645\u0643 <strong>\u064a\u0643\u062a\u0634\u0641<\/strong>!<\/p>\n<p>En sevilen egzotik kokteyl i\u00e7kiler aras\u0131nda olan Pina Colada&#8217;y\u0131 tadarken kendinizi Hawaii adalar\u0131nda hissedeceksiniz. Porto Riko&#8217;dan \u00e7\u0131kma bu tatl\u0131 ve leziz i\u00e7kiye bay\u0131lacaks\u0131n\u0131z<\/p>\n<h3>\u0645\u062d\u062a\u0648\u064a\u0627\u062a:<\/h3>\n<p>\u0623\u0646\u0627\u0646\u0627\u0633\u060c \u0643\u0648\u0644\u0627\u060c \u062d\u0644\u064a\u0628 \u062c\u0648\u0632 \u0627\u0644\u0647\u0646\u062f\u060c \u0641\u0627\u0646\u064a\u0644\u064a\u0627\u060c \u062b\u0644\u062c<\/p>\n<h3>\u0623\u0643\u062b\u0631 \u0645\u0645\u0627 \u062a\u0628\u062d\u062b \u0639\u0646\u0647 \u0641\u064a \u0627\u0644\u0634\u064a\u0634\u0629<\/h3>\n<h3>\u0627\u0644\u0645\u0639\u0627\u064a\u064a\u0631 \u0627\u0644\u062f\u0648\u0644\u064a\u0629 \u0648\u0627\u0644\u062c\u0648\u062f\u0629<\/h3>\n<p>\u062a\u0642\u062f\u0645 \u0645\u0646\u062a\u062c\u0627\u062a\u0646\u0627 \u062f\u0628\u0633 \u0627\u0644\u0634\u064a\u0634\u0629 \u0627\u0644\u0637\u0628\u064a\u0639\u064a \u0627\u0644\u0641\u0627\u062e\u0631 \u0627\u0644\u063a\u0646\u064a\u060c \u0648\u0627\u0644\u0630\u064a \u064a\u062a\u0645 \u0625\u0646\u062a\u0627\u062c\u0647 \u062e\u0635\u064a\u0635\u064b\u0627 \u0645\u0646 \u062e\u0644\u0627\u0644 \u062a\u0631\u0643\u064a\u0628 \u0641\u0648\u0627\u0643\u0647 \u0637\u0628\u064a\u0639\u064a\u0629 \u062a\u0645\u0627\u0645\u064b\u0627 \u0628\u0646\u0643\u0647\u0627\u062a \u0645\u062e\u062a\u0644\u0641\u0629 \u0648\u0641\u0642\u064b\u0627 \u0644\u0645\u0639\u0627\u064a\u064a\u0631 \u0627\u0644\u0627\u062a\u062d\u0627\u062f \u0627\u0644\u0623\u0648\u0631\u0648\u0628\u064a \u0648\u0625\u062f\u0627\u0631\u0629 \u0627\u0644\u063a\u0630\u0627\u0621 \u0648\u0627\u0644\u062f\u0648\u0627\u0621 \u0627\u0644\u0623\u0645\u0631\u064a\u0643\u064a\u0629.<\/p>\n<p>\u062a\u0627\u0646\u064a\u0627 \u0646\u0627\u0631\u062c\u064a\u0644\u060c \u0627\u0644\u0634\u0631\u0643\u0629 \u0627\u0644\u0631\u0627\u0626\u062f\u0629 \u0641\u064a \u0635\u0646\u0627\u0639\u0629 \u0627\u0644\u0634\u064a\u0634\u0629 \u0641\u064a \u0627\u0644\u0639\u0627\u0644\u0645 \u0645\u0639 \u0627\u0644\u0623\u0647\u0645\u064a\u0629 \u0627\u0644\u062a\u064a \u0646\u0639\u0644\u0642\u0647\u0627 \u0639\u0644\u0649 \u0627\u0644\u0628\u062d\u062b \u0648\u0627\u0644\u062a\u0637\u0648\u064a\u0631 \u0648\u0627\u0644\u0627\u0628\u062a\u0643\u0627\u0631 \u0648\u0646\u0637\u0627\u0642\u0627\u062a \u0627\u0644\u0645\u0646\u062a\u062c\u0627\u062a \u0627\u0644\u062c\u062f\u064a\u062f\u0629 \u0627\u0644\u062a\u064a \u0646\u0642\u062f\u0645\u0647\u0627 \u0644\u0644\u0633\u0648\u0642\u060c \u062a\u062a\u0642\u062f\u0645 \u0628\u0633\u0631\u0639\u0629 \u0646\u062d\u0648 \u0623\u0646 \u062a\u0635\u0628\u062d \u0639\u0644\u0627\u0645\u0629 \u062a\u062c\u0627\u0631\u064a\u0629 \u0646\u062c\u0645\u0629 \u0641\u064a \u0627\u0644\u0639\u0627\u0644\u0645.<\/p>\n<h3>\u0633\u0646\u0648\u0627\u062a \u0645\u0646 \u0627\u0644\u062e\u0628\u0631\u0629<\/h3>\n<p>\u0644\u0642\u062f \u0623\u0635\u0628\u062d\u0646\u0627 \u0639\u0646\u0648\u0627\u0646 \u0623\u0648\u0644\u0626\u0643 \u0627\u0644\u0630\u064a\u0646 \u064a\u0635\u0646\u0639\u0648\u0646 \u0627\u062a\u062c\u0627\u0647\u0627\u062a \u0645\u062e\u062a\u0644\u0641\u0629 \u0644\u0644\u0634\u064a\u0634\u0629 \u0643\u0644 \u0639\u0627\u0645\u060c \u0645\u0639 \u0642\u0648\u0629 \u0643\u0648\u0646\u0646\u0627 \u0631\u0627\u0626\u062f\u064a\u0646 \u0641\u064a \u062a\u0631\u0643\u064a\u0627 \u0648\u0627\u0644\u0639\u0627\u0644\u0645 \u0628\u062a\u062c\u0627\u0631\u0628\u0646\u0627 \u0627\u0644\u0645\u062a\u0641\u0648\u0642\u0629 \u0648\u062a\u062c\u0627\u0631\u0628\u0646\u0627 \u0627\u0644\u0645\u062a\u0641\u0648\u0642\u0629 \u0645\u0646\u0630 \u0639\u0627\u0645 1996\u060c \u0648\u0623\u0635\u0628\u062d\u0646\u0627 \u0627\u0644\u0639\u0644\u0627\u0645\u0629 \u0627\u0644\u062a\u062c\u0627\u0631\u064a\u0629 \u0627\u0644\u062a\u064a \u064a\u062a\u0628\u0639\u0647\u0627 \u062f\u0627\u0626\u0645\u064b\u0627 \u0645\u0633\u062a\u0647\u0644\u0643\u0648 \u0627\u0644\u0634\u064a\u0634\u0629 \u0648\u0635\u0646\u0627\u0639\u0629 \u0627\u0644\u0634\u064a\u0634\u0629.<\/p>\n<p>\u0645\u0646 \u0623\u062c\u0644 \u062a\u062d\u0633\u064a\u0646 \u0627\u0644\u0645\u0646\u062a\u062c\u0627\u062a \u0627\u0644\u062a\u064a \u0646\u0646\u062a\u062c\u0647\u0627 \u0645\u0646 \u062e\u0644\u0627\u0644 \u062f\u0631\u0627\u0633\u0627\u062a \u0627\u0644\u0628\u062d\u062b \u0648\u0627\u0644\u062a\u0637\u0648\u064a\u0631 \u0644\u0628\u0631\u0627\u0621\u0627\u062a \u0627\u0644\u0627\u062e\u062a\u0631\u0627\u0639 \u0627\u0644\u062f\u0648\u0644\u064a\u0629 \u0627\u0644\u062a\u064a \u062d\u0635\u0644\u0646\u0627 \u0639\u0644\u064a\u0647\u0627\u060c \u0641\u0625\u0646\u0646\u0627 \u0646\u0646\u062a\u062c \u0645\u0646\u062a\u062c\u0627\u062a \u062a\u0642\u0644\u0644 \u0645\u0646 \u0641\u0639\u0627\u0644\u064a\u0629 \u0627\u0644\u0645\u0648\u0627\u062f \u0627\u0644\u0636\u0627\u0631\u0629 \u0641\u064a \u0627\u0644\u0634\u064a\u0634\u0629\u060c \u0645\u0645\u0627 \u064a\u062c\u0639\u0644 \u062b\u0642\u0627\u0641\u0629 \u0627\u0644\u0634\u064a\u0634\u0629 \u063a\u064a\u0631 \u0636\u0627\u0631\u0629 \u0648\u0623\u0643\u062b\u0631 \u0645\u062a\u0639\u0629.<\/p>\n<h3>\u0645\u0646\u062a\u062c\u0627\u062a\u0646\u0627 \u0644\u0627 \u062a\u062d\u062a\u0648\u064a \u0639\u0644\u0649 \u0627\u0644\u062a\u0628\u063a \u0623\u0648 \u0627\u0644\u0646\u064a\u0643\u0648\u062a\u064a\u0646!<\/h3>\n<p>\u0644\u0627 \u064a\u0645\u0643\u0646 \u0628\u064a\u0639\u0647\u0627 \u0644\u0644\u0623\u0634\u062e\u0627\u0635 \u0627\u0644\u0630\u064a\u0646 \u062a\u0642\u0644 \u0623\u0639\u0645\u0627\u0631\u0647\u0645 \u0639\u0646 18 \u0639\u0627\u0645\u064b\u0627!<\/p>\n<h4>100% \u0637\u0628\u064a\u0639\u064a<\/h4>\n<p>\u0645\u0635\u0646\u0648\u0639\u0629 \u0628\u0627\u0644\u0643\u0627\u0645\u0644 \u0645\u0646 \u0627\u0644\u0641\u0648\u0627\u0643\u0647 \u0627\u0644\u0637\u0628\u064a\u0639\u064a\u0629 100%!<\/p>\n<h4>\u0646\u0643\u0647\u0627\u062a \u0645\u063a\u0631\u064a\u0629<\/h4>\n<p>\u0633\u0648\u0641 \u062a\u062c\u062f \u0627\u0644\u0646\u0643\u0647\u0627\u062a \u0627\u0644\u0645\u063a\u0631\u064a\u0629 \u0627\u0644\u0645\u0641\u0636\u0644\u0629 \u0644\u062f\u064a\u0643 \u0644\u0623\u062d\u0644\u0627\u0645\u0643!<\/p>\n<h4>\u0633\u0627\u0639\u062a\u064a\u0646 \u0645\u0646 \u0627\u0644\u0623\u062f\u0627\u0621 \u0627\u0644\u0641\u0627\u0626\u0642<\/h4>\n<p>\u0646\u0636\u0645\u0646 \u0644\u0643\u0645 \u0627\u0644\u0637\u0639\u0645 \u0627\u0644\u0642\u0648\u064a \u0648\u0627\u0644\u0623\u062f\u0627\u0621 \u0627\u0644\u0639\u0627\u0644\u064a! \u0633\u0648\u0641 \u062a\u062a\u0641\u0627\u062c\u0623 \u0628\u0627\u0644\u0623\u062f\u0627\u0621 \u0627\u0644\u0645\u0643\u062b\u0641.<\/p>\n<h4>\u0631\u0627\u0626\u062d\u0629 \u0642\u0648\u064a\u0629 \u0644\u0644\u063a\u0627\u064a\u0629<\/h4>\n<p>\u0627\u0634\u0639\u0631 \u0628\u0631\u0627\u0626\u062d\u0629 \u0627\u0644\u0634\u064a\u0634\u0629 \u0627\u0644\u0642\u0648\u064a\u0629 \u0628\u0634\u0643\u0644 \u0644\u0627 \u064a\u0635\u062f\u0642 \u062d\u062a\u0649 \u0627\u0644\u0644\u062d\u0638\u0629 \u0627\u0644\u0623\u062e\u064a\u0631\u0629!<\/p>\n<h4>Tatl\u0131 &amp; Fresh<\/h4>\n<p>Extra G\u00fc\u00e7l\u00fc Tatl\u0131 &amp; Fresh Tatlar\u0131n dans\u0131na hayran olacaks\u0131n\u0131z!<\/p>\n<h4>\u062a\u063a\u0644\u064a\u0641 \u0645\u0645\u064a\u0632 \u062c\u062f\u064a\u062f<\/h4>\n<p>\u0646\u0643\u0647\u0627\u062a \u0627\u0644\u0634\u064a\u0634\u0629 \u0627\u0644\u0645\u0641\u0636\u0644\u0629 \u0644\u062f\u064a\u0643 \u0644\u0646 \u062a\u062c\u0641 \u0623\u0628\u062f\u064b\u0627!<\/p>\n<h4>\u0625\u062f\u0627\u0631\u0629 \u062d\u0631\u0627\u0631\u064a\u0629 \u0645\u0645\u062a\u0627\u0632\u0629<\/h4>\n<p>\u0648\u0647\u0648 \u0623\u0643\u062b\u0631 \u0645\u0642\u0627\u0648\u0645\u0629 \u0644\u0644\u0627\u062d\u062a\u0631\u0627\u0642 \u0628\u062e\u0645\u0633 \u0645\u0631\u0627\u062a \u0645\u0646 \u0627\u0644\u062a\u0628\u063a \u0627\u0644\u0639\u0627\u062f\u064a \u0628\u0633\u0628\u0628 \u062d\u0631\u0627\u0631\u0629 \u0627\u0644\u0641\u062d\u0645 \u0627\u0644\u0645\u0648\u062c\u0648\u062f \u0641\u064a \u0627\u0644\u0634\u064a\u0634\u0629!<\/p>\n<h4>\u0627\u0644\u0645\u0639\u0627\u064a\u064a\u0631 \u0627\u0644\u062f\u0648\u0644\u064a\u0629<\/h4>\n<p>\u064a\u062a\u0645 \u0627\u0644\u0625\u0646\u062a\u0627\u062c \u0648\u0641\u0642\u064b\u0627 \u0644\u0645\u0639\u0627\u064a\u064a\u0631 \u0627\u0644\u0627\u062a\u062d\u0627\u062f \u0627\u0644\u0623\u0648\u0631\u0648\u0628\u064a \u0648\u0625\u062f\u0627\u0631\u0629 \u0627\u0644\u063a\u0630\u0627\u0621 \u0648\u0627\u0644\u062f\u0648\u0627\u0621 \u0627\u0644\u0623\u0645\u0631\u064a\u0643\u064a\u0629.<\/p>\n<h4>D\u00fcnya&#8217;n\u0131n Y\u0131ld\u0131zla\u015fan Markas\u0131<\/h4>\n<p>Nargile Sekt\u00f6r\u00fc&#8217;nde art artda al\u0131nan ihracat \u015fampiyonluk \u00f6d\u00fclleri ile D\u00fcnya Markas\u0131 haline gelmi\u015ftir!<\/p>\n<h4>\u062a\u0635\u062f\u064a\u0631 \u0625\u0644\u0649 55 \u062f\u0648\u0644\u0629<\/h4>\n<p>\u0627\u0633\u062a\u0641\u062f \u0645\u0646 \u0634\u0628\u0643\u0629 \u0627\u0644\u0634\u062d\u0646 \u0627\u0644\u062e\u0627\u0635\u0629 \u0628\u0646\u0627 \u0627\u0644\u0645\u062a\u0648\u0641\u0631\u0629 \u0641\u064a 55 \u062f\u0648\u0644\u0629<\/p>\n<p>\u0646\u062d\u0646 \u0646\u063a\u064a\u0631 \u0637\u0639\u0645 \u0627\u0644\u0639\u0627\u0644\u0645! \u0648\u0644\u0643\u0645 \u0623\u0646\u062a\u0645 \u0623\u064a\u0636\u0627\u064b \u0646\u0635\u064a\u0628 \u0641\u064a \u0627\u0644\u0646\u0636\u0627\u0644 \u0627\u0644\u0630\u064a \u0628\u062f\u0623\u0646\u0627\u0647 \u0628\u0627\u0644\u0634\u0639\u0627\u0631.<\/p>\n<h4>\u0648\u0647\u064a \u062d\u0627\u0635\u0644\u0629 \u0639\u0644\u0649 \u0628\u0631\u0627\u0621\u0629 \u0627\u062e\u062a\u0631\u0627\u0639 \u062f\u0648\u0644\u064a\u0629!<\/h4>\n<p>\u0643\u0648\u0646\u0647 \u0627\u0644\u0623\u0648\u0644 \u0645\u0646 \u0646\u0648\u0639\u0647 \u0641\u064a \u0627\u0644\u0639\u0627\u0644\u0645\u060c \u0641\u0642\u062f \u062d\u0635\u0644 \u0639\u0644\u0649 \u0628\u0631\u0627\u0621\u0629 \u0627\u062e\u062a\u0631\u0627\u0639 \u0628\u0627\u0639\u062a\u0628\u0627\u0631\u0647 \u062e\u0627\u0644\u064a\u064b\u0627 \u0645\u0646 \u0627\u0644\u062a\u0628\u063a \u0648\u062e\u0627\u0644\u064a \u0645\u0646 \u0627\u0644\u0646\u064a\u0643\u0648\u062a\u064a\u0646.<\/p>","protected":false},"excerpt":{"rendered":"<p><strong>\u0628\u064a\u0646\u0627 \u0643\u0648\u0644\u0627\u062f\u0627 <\/strong>En sevilen egzotik kokteyl i\u00e7kiler aras\u0131nda olan Pina Colada&#8217;y\u0131 tadarken kendinizi Hawaii adalar\u0131nda hissedeceksiniz. Porto Riko&#8217;dan \u00e7\u0131kma bu tatl\u0131 ve leziz i\u00e7kiye bay\u0131lacaks\u0131n\u0131z Hayalinizdeki en sevdi\u011finiz ba\u015ftan \u00e7\u0131kar\u0131c\u0131 nargile lezzetlerini <strong>\u064a\u0643\u062a\u0634\u0641!<\/strong><\/p>","protected":false},"featured_media":8232,"comment_status":"open","ping_status":"closed","template":"","meta":{"content-type":""},"product_brand":[],"product_cat":[25],"product_tag":[119,369,127,129,109,114,118,96,94,117,103,104,115,116,108,128,93,100,97,120,98,121,110,111,113,374,183,99,95,126,112,124,122,125,123],"class_list":{"0":"post-6269","1":"product","2":"type-product","3":"status-publish","4":"has-post-thumbnail","6":"product_cat-herbal-hookah-tanya-50gr","7":"product_tag-best-hookah-flavors","8":"product_tag-bitkisel-nargile-melasi","9":"product_tag-e-shisha","10":"product_tag-elektronik-sigara","11":"product_tag-herbal-hookah","12":"product_tag-herbal-hookah-brands","13":"product_tag-herbal-hookah-flavors","14":"product_tag-herbal-hookah-molasses","15":"product_tag-hookah","16":"product_tag-hookah-flavors","17":"product_tag-hookah-molasses","18":"product_tag-hookah-tobacco","19":"product_tag-hookah-tobacco-brands","20":"product_tag-hookah-tobacco-flavor","21":"product_tag-how-to-make-hookah-molasses","22":"product_tag-likit","23":"product_tag-nargile","24":"product_tag-nargile-aromasi","25":"product_tag-nargile-melasi","26":"product_tag-nargile-nasil-hazirlanir","27":"product_tag-nargile-tutunu","28":"product_tag-nargile-yapimi","29":"product_tag-natural-hookah","30":"product_tag-natural-hookah-molasses","31":"product_tag-nicotine-free-hookah","32":"product_tag-nikotinsiz-nargile","33":"product_tag-pina-colada","34":"product_tag-premium-nargile-melasi","35":"product_tag-shisha","36":"product_tag-shisha-bar","37":"product_tag-tobacco-free-hookah","38":"product_tag-124","39":"product_tag-122","40":"product_tag-125","41":"product_tag-123","43":"first","44":"instock","45":"virtual","46":"taxable","47":"product-type-simple"},"_links":{"self":[{"href":"https:\/\/tanyanargile.com.tr\/ar\/wp-json\/wp\/v2\/product\/6269","targetHints":{"allow":["GET"]}}],"collection":[{"href":"https:\/\/tanyanargile.com.tr\/ar\/wp-json\/wp\/v2\/product"}],"about":[{"href":"https:\/\/tanyanargile.com.tr\/ar\/wp-json\/wp\/v2\/types\/product"}],"replies":[{"embeddable":true,"href":"https:\/\/tanyanargile.com.tr\/ar\/wp-json\/wp\/v2\/comments?post=6269"}],"version-history":[{"count":0,"href":"https:\/\/tanyanargile.com.tr\/ar\/wp-json\/wp\/v2\/product\/6269\/revisions"}],"wp:featuredmedia":[{"embeddable":true,"href":"https:\/\/tanyanargile.com.tr\/ar\/wp-json\/wp\/v2\/media\/8232"}],"wp:attachment":[{"href":"https:\/\/tanyanargile.com.tr\/ar\/wp-json\/wp\/v2\/media?parent=6269"}],"wp:term":[{"taxonomy":"product_brand","embeddable":true,"href":"https:\/\/tanyanargile.com.tr\/ar\/wp-json\/wp\/v2\/product_brand?post=6269"},{"taxonomy":"product_cat","embeddable":true,"href":"https:\/\/tanyanargile.com.tr\/ar\/wp-json\/wp\/v2\/product_cat?post=6269"},{"taxonomy":"product_tag","embeddable":true,"href":"https:\/\/tanyanargile.com.tr\/ar\/wp-json\/wp\/v2\/product_tag?post=6269"}],"curies":[{"name":"\u0648\u0648\u0631\u062f\u0628\u0631\u064a\u0633","href":"https:\/\/api.w.org\/{rel}","templated":true}]}}