{"id":6645,"date":"2023-09-24T01:49:52","date_gmt":"2023-09-23T22:49:52","guid":{"rendered":"https:\/\/tanyanargile.com.tr\/?post_type=product&#038;p=6645"},"modified":"2024-11-02T18:03:21","modified_gmt":"2024-11-02T15:03:21","slug":"%d8%b1%d8%a7%d8%a6%d8%ad%d8%a9-%d8%b3%d8%a7%d8%a6%d9%84%d8%a9-%d8%a5%d8%b6%d8%a7%d9%81%d9%8a%d8%a9-%d8%a8%d8%a7%d9%84%d8%aa%d9%88%d8%aa-%d8%a7%d9%84%d8%a3%d8%b2%d8%b1%d9%82-60-%d9%85%d9%84","status":"publish","type":"product","link":"https:\/\/tanyanargile.com.tr\/ar\/%d8%b1%d8%a7%d8%a6%d8%ad%d8%a9-%d8%b3%d8%a7%d8%a6%d9%84%d8%a9-%d8%a5%d8%b6%d8%a7%d9%81%d9%8a%d8%a9-%d8%a8%d8%a7%d9%84%d8%aa%d9%88%d8%aa-%d8%a7%d9%84%d8%a3%d8%b2%d8%b1%d9%82-60-%d9%85%d9%84\/","title":{"rendered":"\u062a\u0648\u062a <br> \u0631\u0627\u0626\u062d\u0629 \u0633\u0627\u0626\u0644\u0629 \u0625\u0636\u0627\u0641\u064a\u0629 60 \u0645\u0644"},"content":{"rendered":"<h1>\u0631\u0627\u0626\u062d\u0629 \u0633\u0627\u0626\u0644\u0629 \u0625\u0636\u0627\u0641\u064a\u0629 \u0645\u0646 \u0628\u0644\u0648\u0628\u064a\u0631\u064a 60 \u0645\u0644<\/h1>\n<p>\u0627\u0633\u062a\u0645\u062a\u0639 \u0628\u0646\u0643\u0647\u0627\u062a Extra Liquid Aroma \u0627\u0644\u0645\u0641\u0636\u0644\u0629 \u0644\u062f\u064a\u0643 \u0648\u0627\u0644\u062a\u064a \u062a\u062d\u0644\u0645 \u0628\u0647\u0627. <strong>\u064a\u0643\u062a\u0634\u0641<\/strong>!<\/p>\n<p>Koyu renkli mavi orman meyveleri aras\u0131nda tatl\u0131-ek\u015fi severlerin g\u00f6zdesi olan Yaban Mersini&#8217;ni sizin i\u00e7in \u00f6zel form\u00fcle ettik. Mistik lezzetin keyfine varacaks\u0131n\u0131z. <strong>\u0645\u062d\u062a\u0648\u064a\u0627\u062a:<\/strong> \u062a\u0648\u062a<\/p>\n<h2><b>\u0623\u0643\u062b\u0631 \u0645\u0646 \u0631\u0627\u0626\u062d\u0629<\/b><\/h2>\n<h3>\u0645\u062c\u0645\u0648\u0639\u0629 \u0648\u0627\u0633\u0639\u0629 \u0645\u0646 \u0641\u0631\u0635 \u0627\u0644\u0627\u0633\u062a\u062e\u062f\u0627\u0645 \u0644\u0644\u0627\u0633\u062a\u062e\u062f\u0627\u0645 \u0641\u064a \u0623\u064a \u0645\u0646\u0637\u0642\u0629 \u062a\u0631\u064a\u062f\u0647\u0627<\/h3>\n<p><b>\u062a\u0627\u0646\u064a\u0627 \u0646\u0643\u0647\u0629 \u0633\u0627\u0626\u0644\u0629 \u0625\u0636\u0627\u0641\u064a\u0629<\/b>\u064a\u0645\u0643\u0646\u0643 \u0627\u0633\u062a\u062e\u062f\u0627\u0645\u0647 \u0641\u064a \u0623\u064a \u0645\u0646\u0637\u0642\u0629 \u062a\u0631\u064a\u062f\u0647\u0627 \u0628\u0631\u0627\u062d\u0629 \u0627\u0644\u0628\u0627\u0644. \u064a\u0645\u0643\u0646\u0643 \u0627\u0633\u062a\u062e\u062f\u0627\u0645\u0647 \u0641\u064a \u0627\u0644\u0634\u064a\u0634\u0629\u060c \u0648\u0627\u0644\u0628\u062e\u0648\u0631\u060c \u0648\u062c\u0645\u064a\u0639 \u0623\u0646\u0648\u0627\u0639 \u0623\u062c\u0647\u0632\u0629 \u0627\u0644\u0628\u062e\u0627\u0631 \u0627\u0644\u0625\u0644\u0643\u062a\u0631\u0648\u0646\u064a\u0629\u060c \u0648\u0639\u0631\u0648\u0636 \u062a\u0623\u062b\u064a\u0631 \u0627\u0644\u0636\u0628\u0627\u0628 \u0648\u0627\u0644\u062f\u062e\u0627\u0646 \u0641\u064a \u062d\u0641\u0644\u0627\u062a \u0627\u0644\u062f\u064a\u0633\u0643\u0648\u060c \u0648\u0645\u0639\u0637\u0631\u0627\u062a \u0647\u0648\u0627\u0621 \u0627\u0644\u063a\u0631\u0641 \u0648\u0627\u0644\u0633\u064a\u0627\u0631\u0627\u062a\u060c \u0648\u0641\u064a \u0627\u0644\u0639\u062f\u064a\u062f \u0645\u0646 \u0627\u0644\u0645\u062c\u0627\u0644\u0627\u062a \u0627\u0644\u0623\u062e\u0631\u0649 \u0627\u0644\u062a\u064a \u0644\u0627 \u064a\u0645\u0643\u0646\u0646\u0627 \u0639\u062f\u0647\u0627.<\/p>\n<p><strong>\u064a\u0633\u062a\u062e\u062f\u0645: <\/strong>10 \u0645\u0644 \u0641\u064a \u062e\u0644\u0637\u0627\u062a \u0627\u0644\u0634\u064a\u0634\u0629. \u064a\u0648\u0635\u0649 \u0628\u0627\u0644\u062a\u0642\u062f\u064a\u0645 \u0643.<\/p>\n<p>\u0623\u0636\u0641 10 \u0645\u0644 \u0625\u0644\u0649 \u0627\u0644\u0645\u0627\u0621 \u0627\u0644\u0645\u0648\u062c\u0648\u062f \u0641\u064a \u0627\u0644\u0634\u064a\u0634\u0629 \u0644\u0632\u064a\u0627\u062f\u0629 \u0642\u0648\u0629 \u0627\u0644\u0631\u0627\u0626\u062d\u0629 \u0648\u0627\u0644\u062f\u062e\u0627\u0646 \u0648\u0627\u0644\u0637\u0639\u0645. \u064a\u0646\u0635\u062d \u0628\u0627\u0633\u062a\u062e\u062f\u0627\u0645\u0647 \u0639\u0646 \u0637\u0631\u064a\u0642 \u0627\u0644\u062e\u0644\u0637.<\/p>\n<h3>\u0627\u0644\u0645\u0639\u0627\u064a\u064a\u0631 \u0627\u0644\u062f\u0648\u0644\u064a\u0629 \u0648\u0627\u0644\u062c\u0648\u062f\u0629<\/h3>\n<p>\u0645\u0646\u062a\u062c\u0627\u062a\u0646\u0627\u060c <strong>\u0627\u0644\u0627\u062a\u062d\u0627\u062f \u0627\u0644\u0623\u0648\u0631\u0648\u0628\u064a<\/strong> \u0648 <strong>\u0627\u0644\u0648\u0644\u0627\u064a\u0627\u062a \u0627\u0644\u0645\u062a\u062d\u062f\u0629 \u0627\u062f\u0627\u0631\u0629 \u0627\u0644\u0627\u063a\u0630\u064a\u0629 \u0648\u0627\u0644\u0639\u0642\u0627\u0642\u064a\u0631<\/strong> \u0648\u0647\u0648 \u0645\u0646\u062a\u062c \u063a\u0646\u064a \u062a\u0645 \u0625\u0639\u062f\u0627\u062f\u0647 \u062e\u0635\u064a\u0635\u064b\u0627 \u0645\u0646 \u062e\u0644\u0627\u0644 \u062a\u0631\u0643\u064a\u0628 \u0645\u0633\u062a\u062e\u0644\u0635\u0627\u062a \u0641\u0648\u0627\u0643\u0647 \u0637\u0628\u064a\u0639\u064a\u0629 \u062a\u0645\u0627\u0645\u064b\u0627 \u0630\u0627\u062a \u0631\u0648\u0627\u0626\u062d \u0645\u062e\u062a\u0644\u0641\u0629 \u0648\u0641\u0642\u064b\u0627 \u0644\u0644\u0642\u0648\u0627\u0639\u062f \u0648\u0627\u0644\u0645\u0639\u0627\u064a\u064a\u0631. <b>\u0631\u0627\u0626\u062d\u0629 \u0633\u0627\u0626\u0644\u0629 \u0637\u0628\u064a\u0639\u064a\u0629 \u0645\u0645\u062a\u0627\u0632\u0629 <\/b>\u064a\u062a\u0645 \u062a\u0642\u062f\u064a\u0645\u0647 \u0639\u0644\u0649 \u0627\u0644\u0646\u062d\u0648.<\/p>\n<p>\u062a\u0627\u0646\u064a\u0627 \u0646\u0627\u0631\u062c\u064a\u0644\u060c \u0627\u0644\u0634\u0631\u0643\u0629 \u0627\u0644\u0631\u0627\u0626\u062f\u0629 \u0641\u064a \u0635\u0646\u0627\u0639\u0629 \u0627\u0644\u0634\u064a\u0634\u0629 \u0641\u064a \u0627\u0644\u0639\u0627\u0644\u0645 \u0645\u0639 \u0627\u0644\u0623\u0647\u0645\u064a\u0629 \u0627\u0644\u062a\u064a \u0646\u0639\u0644\u0642\u0647\u0627 \u0639\u0644\u0649 \u0627\u0644\u0628\u062d\u062b \u0648\u0627\u0644\u062a\u0637\u0648\u064a\u0631 \u0648\u0627\u0644\u0627\u0628\u062a\u0643\u0627\u0631 \u0648\u0646\u0637\u0627\u0642\u0627\u062a \u0627\u0644\u0645\u0646\u062a\u062c\u0627\u062a \u0627\u0644\u062c\u062f\u064a\u062f\u0629 \u0627\u0644\u062a\u064a \u0646\u0642\u062f\u0645\u0647\u0627 \u0644\u0644\u0633\u0648\u0642\u060c \u062a\u062a\u0642\u062f\u0645 \u0628\u0633\u0631\u0639\u0629 \u0646\u062d\u0648 \u0623\u0646 \u062a\u0635\u0628\u062d \u0639\u0644\u0627\u0645\u0629 \u062a\u062c\u0627\u0631\u064a\u0629 \u0646\u062c\u0645\u0629 \u0641\u064a \u0627\u0644\u0639\u0627\u0644\u0645.<\/p>\n<h3>\u0633\u0646\u0648\u0627\u062a \u0645\u0646 \u0627\u0644\u062e\u0628\u0631\u0629<\/h3>\n<p>\u0644\u0642\u062f \u0623\u0635\u0628\u062d\u0646\u0627 \u0639\u0646\u0648\u0627\u0646 \u0623\u0648\u0644\u0626\u0643 \u0627\u0644\u0630\u064a\u0646 \u064a\u0635\u0646\u0639\u0648\u0646 \u0627\u062a\u062c\u0627\u0647\u0627\u062a \u0645\u062e\u062a\u0644\u0641\u0629 \u0644\u0644\u0634\u064a\u0634\u0629 \u0643\u0644 \u0639\u0627\u0645\u060c \u0645\u0639 \u0642\u0648\u0629 \u0643\u0648\u0646\u0646\u0627 \u0631\u0627\u0626\u062f\u064a\u0646 \u0641\u064a \u062a\u0631\u0643\u064a\u0627 \u0648\u0627\u0644\u0639\u0627\u0644\u0645 \u0628\u062a\u062c\u0627\u0631\u0628\u0646\u0627 \u0627\u0644\u0645\u062a\u0641\u0648\u0642\u0629 \u0648\u062a\u062c\u0627\u0631\u0628\u0646\u0627 \u0627\u0644\u0645\u062a\u0641\u0648\u0642\u0629 \u0645\u0646\u0630 \u0639\u0627\u0645 1996\u060c \u0648\u0623\u0635\u0628\u062d\u0646\u0627 \u0627\u0644\u0639\u0644\u0627\u0645\u0629 \u0627\u0644\u062a\u062c\u0627\u0631\u064a\u0629 \u0627\u0644\u062a\u064a \u064a\u062a\u0628\u0639\u0647\u0627 \u062f\u0627\u0626\u0645\u064b\u0627 \u0645\u0633\u062a\u0647\u0644\u0643\u0648 \u0627\u0644\u0634\u064a\u0634\u0629 \u0648\u0635\u0646\u0627\u0639\u0629 \u0627\u0644\u0634\u064a\u0634\u0629.<\/p>\n<p>\u0645\u0646 \u0623\u062c\u0644 \u062a\u062d\u0633\u064a\u0646 \u0627\u0644\u0645\u0646\u062a\u062c\u0627\u062a \u0627\u0644\u062a\u064a \u0646\u0646\u062a\u062c\u0647\u0627 \u0645\u0646 \u062e\u0644\u0627\u0644 \u062f\u0631\u0627\u0633\u0627\u062a \u0627\u0644\u0628\u062d\u062b \u0648\u0627\u0644\u062a\u0637\u0648\u064a\u0631 \u0644\u0628\u0631\u0627\u0621\u0627\u062a \u0627\u0644\u0627\u062e\u062a\u0631\u0627\u0639 \u0627\u0644\u062f\u0648\u0644\u064a\u0629 \u0627\u0644\u062a\u064a \u062d\u0635\u0644\u0646\u0627 \u0639\u0644\u064a\u0647\u0627\u060c \u0641\u0625\u0646\u0646\u0627 \u0646\u0646\u062a\u062c \u0645\u0646\u062a\u062c\u0627\u062a \u062a\u0642\u0644\u0644 \u0645\u0646 \u0641\u0639\u0627\u0644\u064a\u0629 \u0627\u0644\u0645\u0648\u0627\u062f \u0627\u0644\u0636\u0627\u0631\u0629 \u0641\u064a \u0627\u0644\u0634\u064a\u0634\u0629\u060c \u0645\u0645\u0627 \u064a\u062c\u0639\u0644 \u062b\u0642\u0627\u0641\u0629 \u0627\u0644\u0634\u064a\u0634\u0629 \u063a\u064a\u0631 \u0636\u0627\u0631\u0629 \u0648\u0623\u0643\u062b\u0631 \u0645\u062a\u0639\u0629.<\/p>\n<p><strong>\u062a\u062d\u0630\u064a\u0631: \u0644\u064a\u0633 \u0637\u0639\u0627\u0645\u064b\u0627\u060c \u0648\u0644\u0627 \u064a\u0645\u0643\u0646 \u0627\u0633\u062a\u0647\u0644\u0627\u0643\u0647 \u0643\u063a\u0630\u0627\u0621!<\/strong><\/p>\n<p><strong>\u0627\u0644\u0645\u0643\u0648\u0646\u0627\u062a: \u0627\u0644\u062c\u0644\u0633\u0631\u064a\u0646 \u0627\u0644\u0646\u0628\u0627\u062a\u064a\u060c \u0645\u0633\u062a\u062e\u0644\u0635 \u0627\u0644\u0641\u0627\u0643\u0647\u0629 \u0627\u0644\u0639\u0637\u0631\u060c \u0627\u0644\u0645\u0624\u062b\u0631\u060c \u062d\u0645\u0636 \u0627\u0644\u0633\u062a\u0631\u064a\u0643<\/strong><\/p>\n<p><strong>\u0627\u0644\u062a\u062e\u0632\u064a\u0646: \u064a\u062d\u0641\u0638 \u0641\u064a \u0645\u0643\u0627\u0646 \u0628\u0627\u0631\u062f \u0628\u0639\u064a\u062f\u064b\u0627 \u0639\u0646 \u0623\u0634\u0639\u0629 \u0627\u0644\u0634\u0645\u0633.<\/strong><\/p>\n<p><strong>\u0645\u0646\u062a\u062c\u0627\u062a\u0646\u0627 \u0644\u0627 \u062a\u062d\u062a\u0648\u064a \u0639\u0644\u0649 \u0627\u0644\u062a\u0628\u063a \u0623\u0648 \u0627\u0644\u0646\u064a\u0643\u0648\u062a\u064a\u0646!<\/p>\n<p>\u0644\u0627 \u064a\u0645\u0643\u0646 \u0628\u064a\u0639\u0647\u0627 \u0644\u0644\u0623\u0634\u062e\u0627\u0635 \u0627\u0644\u0630\u064a\u0646 \u062a\u0642\u0644 \u0623\u0639\u0645\u0627\u0631\u0647\u0645 \u0639\u0646 18 \u0639\u0627\u0645\u064b\u0627!<\/strong><\/p>","protected":false},"excerpt":{"rendered":"<p><strong>\u062a\u0648\u062a <\/strong>Koyu renkli mavi orman meyveleri aras\u0131nda tatl\u0131-ek\u015fi severlerin g\u00f6zdesi olan Yaban Mersini&#8217;ni sizin i\u00e7in \u00f6zel form\u00fcle ettik. Mistik lezzetin keyfine varacaks\u0131n\u0131z. Hayalinizdeki en sevdi\u011finiz ba\u015ftan \u00e7\u0131kar\u0131c\u0131 Extra S\u0131v\u0131 Aroma lezzetlerini <strong>\u064a\u0643\u062a\u0634\u0641!<\/strong><\/p>","protected":false},"featured_media":8573,"comment_status":"open","ping_status":"closed","template":"","meta":{"content-type":""},"product_brand":[],"product_cat":[224],"product_tag":[119,257,231,249,127,227,228,229,256,129,253,255,254,237,238,259,245,250,236,261,241,235,264,240,226,109,114,118,96,94,117,103,104,115,116,108,239,234,128,251,243,93,100,102,97,120,98,121,232,110,111,113,260,248,99,252,263,95,126,246,244,262,112,230,233,247,258,242,133,124,122,125,123],"class_list":{"0":"post-6645","1":"product","2":"type-product","3":"status-publish","4":"has-post-thumbnail","6":"product_cat-tanya-e-aroma-60ml","7":"product_tag-best-hookah-flavors","8":"product_tag-cbd-elektronik-sigara","9":"product_tag-disposable-vape","10":"product_tag-duman","11":"product_tag-e-shisha","12":"product_tag-e-aroma","13":"product_tag-e-flavour","14":"product_tag-e-juice","15":"product_tag-e-sigara-tavsiyesi","16":"product_tag-elektronik-sigara","17":"product_tag-elektronik-sigara-becerisi","18":"product_tag-elektronik-sigara-cbd","19":"product_tag-elektronik-sigara-dolumu","20":"product_tag-elektronik-sigara-dumani","21":"product_tag-elektronik-sigara-incelemesi","22":"product_tag-elektronik-sigara-kartusu","23":"product_tag-elektronik-sigara-magazasi","24":"product_tag-elektronik-sigara-mini","25":"product_tag-elektronik-sigara-modu","26":"product_tag-elektronik-sigara-zararli-mi","27":"product_tag-elektroniksigara-aromasi","28":"product_tag-elektroniksigarakalemi","29":"product_tag-elfbar","30":"product_tag-en-iyi-elektroniksigara","31":"product_tag-extra-sivi-aroma","32":"product_tag-herbal-hookah","33":"product_tag-herbal-hookah-brands","34":"product_tag-herbal-hookah-flavors","35":"product_tag-herbal-hookah-molasses","36":"product_tag-hookah","37":"product_tag-hookah-flavors","38":"product_tag-hookah-molasses","39":"product_tag-hookah-tobacco","40":"product_tag-hookah-tobacco-brands","41":"product_tag-hookah-tobacco-flavor","42":"product_tag-how-to-make-hookah-molasses","43":"product_tag-kalemelektronik-sigara","44":"product_tag-kapsul-elektroniksigara","45":"product_tag-likit","46":"product_tag-mini-elektronik-sigara","47":"product_tag-mod-elektronik-sigara","48":"product_tag-nargile","49":"product_tag-nargile-aromasi","50":"product_tag-nargile-keyfi","51":"product_tag-nargile-melasi","52":"product_tag-nargile-nasil-hazirlanir","53":"product_tag-nargile-tutunu","54":"product_tag-nargile-yapimi","55":"product_tag-nasil-vape-yapilir","56":"product_tag-natural-hookah","57":"product_tag-natural-hookah-molasses","58":"product_tag-nicotine-free-hookah","59":"product_tag-nikotin-elektronik-sigara","60":"product_tag-ogretici-elektronik-sigara","61":"product_tag-premium-nargile-melasi","62":"product_tag-profesyonel-elektronik-sigara","63":"product_tag-puff-bar","64":"product_tag-shisha","65":"product_tag-shisha-bar","66":"product_tag-sivi-elektronik-sigara","67":"product_tag-tek-kullanimlik-elektronik-sigara","68":"product_tag-tek-kullanimlik-nargile","69":"product_tag-tobacco-free-hookah","70":"product_tag-vape-flavor","71":"product_tag-vape-nargile","72":"product_tag-vape-nasil-yapilir","73":"product_tag-vape-nasil-yeniden-doldurulur","74":"product_tag-vapede-pamuk-nasil-degistirilir","75":"product_tag-yaban-mersini","76":"product_tag-124","77":"product_tag-122","78":"product_tag-125","79":"product_tag-123","81":"first","82":"instock","83":"virtual","84":"taxable","85":"product-type-simple"},"_links":{"self":[{"href":"https:\/\/tanyanargile.com.tr\/ar\/wp-json\/wp\/v2\/product\/6645","targetHints":{"allow":["GET"]}}],"collection":[{"href":"https:\/\/tanyanargile.com.tr\/ar\/wp-json\/wp\/v2\/product"}],"about":[{"href":"https:\/\/tanyanargile.com.tr\/ar\/wp-json\/wp\/v2\/types\/product"}],"replies":[{"embeddable":true,"href":"https:\/\/tanyanargile.com.tr\/ar\/wp-json\/wp\/v2\/comments?post=6645"}],"version-history":[{"count":0,"href":"https:\/\/tanyanargile.com.tr\/ar\/wp-json\/wp\/v2\/product\/6645\/revisions"}],"wp:featuredmedia":[{"embeddable":true,"href":"https:\/\/tanyanargile.com.tr\/ar\/wp-json\/wp\/v2\/media\/8573"}],"wp:attachment":[{"href":"https:\/\/tanyanargile.com.tr\/ar\/wp-json\/wp\/v2\/media?parent=6645"}],"wp:term":[{"taxonomy":"product_brand","embeddable":true,"href":"https:\/\/tanyanargile.com.tr\/ar\/wp-json\/wp\/v2\/product_brand?post=6645"},{"taxonomy":"product_cat","embeddable":true,"href":"https:\/\/tanyanargile.com.tr\/ar\/wp-json\/wp\/v2\/product_cat?post=6645"},{"taxonomy":"product_tag","embeddable":true,"href":"https:\/\/tanyanargile.com.tr\/ar\/wp-json\/wp\/v2\/product_tag?post=6645"}],"curies":[{"name":"\u0648\u0648\u0631\u062f\u0628\u0631\u064a\u0633","href":"https:\/\/api.w.org\/{rel}","templated":true}]}}