{"id":9757,"date":"2023-10-09T22:28:16","date_gmt":"2023-10-09T19:28:16","guid":{"rendered":"https:\/\/tanyanargile.com.tr\/?post_type=product&#038;p=9757"},"modified":"2024-11-02T17:53:20","modified_gmt":"2024-11-02T14:53:20","slug":"%d8%af%d8%a8%d8%b3-%d8%a7%d9%84%d8%aa%d9%81%d8%a7%d8%ad-%d8%a7%d9%84%d8%a7%d8%ae%d8%b6%d8%b1-100-%d8%ac%d8%b1%d8%a7%d9%85","status":"publish","type":"product","link":"https:\/\/tanyanargile.com.tr\/ar\/%d8%af%d8%a8%d8%b3-%d8%a7%d9%84%d8%aa%d9%81%d8%a7%d8%ad-%d8%a7%d9%84%d8%a7%d8%ae%d8%b6%d8%b1-100-%d8%ac%d8%b1%d8%a7%d9%85\/","title":{"rendered":"\u062a\u0641\u0627\u062d\u0629 \u062e\u0636\u0631\u0627\u0621<br> \u062f\u0628\u0633 \u0627\u0644\u0634\u064a\u0634\u0629 100 \u062c\u0631\u0627\u0645"},"content":{"rendered":"<h1>YE\u015e\u0130L ELMA Bitkisel Nargile Melas\u0131 100Gr.<\/h1>\n<p>\u0646\u0643\u0647\u0627\u062a\u0643 \u0627\u0644\u0645\u0641\u0636\u0644\u0629 \u0648\u0627\u0644\u0645\u063a\u0631\u064a\u0629 \u0644\u0623\u062d\u0644\u0627\u0645\u0643 <strong>\u064a\u0643\u062a\u0634\u0641<\/strong>!<br \/>\nDal\u0131ndan yeni kopar\u0131lm\u0131\u015f gibi, di\u015flerinizi hafif\u00e7e kama\u015ft\u0131ran ek\u015fili\u011fi ile ayn\u0131 anda tatl\u0131l\u0131\u011f\u0131 da hissettiren k\u0131\u015fk\u0131rt\u0131c\u0131 ve taze lezzeti sizin i\u00e7in \u00f6zel form\u00fcle ettik.<\/p>\n<h3>\u0645\u062d\u062a\u0648\u064a\u0627\u062a:<\/h3>\n<p>\u062a\u0641\u0627\u062d\u0629 \u062e\u0636\u0631\u0627\u0621<\/p>\n<h3>\u0623\u0643\u062b\u0631 \u0645\u0645\u0627 \u062a\u0628\u062d\u062b \u0639\u0646\u0647 \u0641\u064a \u0627\u0644\u0634\u064a\u0634\u0629<\/h3>\n<h3>\u0627\u0644\u0645\u0639\u0627\u064a\u064a\u0631 \u0627\u0644\u062f\u0648\u0644\u064a\u0629 \u0648\u0627\u0644\u062c\u0648\u062f\u0629<\/h3>\n<p>\u062a\u0642\u062f\u0645 \u0645\u0646\u062a\u062c\u0627\u062a\u0646\u0627 \u062f\u0628\u0633 \u0627\u0644\u0634\u064a\u0634\u0629 \u0627\u0644\u0637\u0628\u064a\u0639\u064a \u0627\u0644\u0641\u0627\u062e\u0631 \u0627\u0644\u063a\u0646\u064a\u060c \u0648\u0627\u0644\u0630\u064a \u064a\u062a\u0645 \u0625\u0646\u062a\u0627\u062c\u0647 \u062e\u0635\u064a\u0635\u064b\u0627 \u0645\u0646 \u062e\u0644\u0627\u0644 \u062a\u0631\u0643\u064a\u0628 \u0641\u0648\u0627\u0643\u0647 \u0637\u0628\u064a\u0639\u064a\u0629 \u062a\u0645\u0627\u0645\u064b\u0627 \u0628\u0646\u0643\u0647\u0627\u062a \u0645\u062e\u062a\u0644\u0641\u0629 \u0648\u0641\u0642\u064b\u0627 \u0644\u0645\u0639\u0627\u064a\u064a\u0631 \u0627\u0644\u0627\u062a\u062d\u0627\u062f \u0627\u0644\u0623\u0648\u0631\u0648\u0628\u064a \u0648\u0625\u062f\u0627\u0631\u0629 \u0627\u0644\u063a\u0630\u0627\u0621 \u0648\u0627\u0644\u062f\u0648\u0627\u0621 \u0627\u0644\u0623\u0645\u0631\u064a\u0643\u064a\u0629.<br \/>\n\u062a\u0627\u0646\u064a\u0627 \u0646\u0627\u0631\u062c\u064a\u0644\u060c \u0627\u0644\u0634\u0631\u0643\u0629 \u0627\u0644\u0631\u0627\u0626\u062f\u0629 \u0641\u064a \u0635\u0646\u0627\u0639\u0629 \u0627\u0644\u0634\u064a\u0634\u0629 \u0641\u064a \u0627\u0644\u0639\u0627\u0644\u0645 \u0645\u0639 \u0627\u0644\u0623\u0647\u0645\u064a\u0629 \u0627\u0644\u062a\u064a \u0646\u0639\u0644\u0642\u0647\u0627 \u0639\u0644\u0649 \u0627\u0644\u0628\u062d\u062b \u0648\u0627\u0644\u062a\u0637\u0648\u064a\u0631 \u0648\u0627\u0644\u0627\u0628\u062a\u0643\u0627\u0631 \u0648\u0646\u0637\u0627\u0642\u0627\u062a \u0627\u0644\u0645\u0646\u062a\u062c\u0627\u062a \u0627\u0644\u062c\u062f\u064a\u062f\u0629 \u0627\u0644\u062a\u064a \u0646\u0642\u062f\u0645\u0647\u0627 \u0644\u0644\u0633\u0648\u0642\u060c \u062a\u062a\u0642\u062f\u0645 \u0628\u0633\u0631\u0639\u0629 \u0646\u062d\u0648 \u0623\u0646 \u062a\u0635\u0628\u062d \u0639\u0644\u0627\u0645\u0629 \u062a\u062c\u0627\u0631\u064a\u0629 \u0646\u062c\u0645\u0629 \u0641\u064a \u0627\u0644\u0639\u0627\u0644\u0645.<\/p>\n<h3>\u0633\u0646\u0648\u0627\u062a \u0645\u0646 \u0627\u0644\u062e\u0628\u0631\u0629<\/h3>\n<p>\u0644\u0642\u062f \u0623\u0635\u0628\u062d\u0646\u0627 \u0639\u0646\u0648\u0627\u0646 \u0623\u0648\u0644\u0626\u0643 \u0627\u0644\u0630\u064a\u0646 \u064a\u0635\u0646\u0639\u0648\u0646 \u0627\u062a\u062c\u0627\u0647\u0627\u062a \u0645\u062e\u062a\u0644\u0641\u0629 \u0644\u0644\u0634\u064a\u0634\u0629 \u0643\u0644 \u0639\u0627\u0645\u060c \u0645\u0639 \u0642\u0648\u0629 \u0643\u0648\u0646\u0646\u0627 \u0631\u0627\u0626\u062f\u064a\u0646 \u0641\u064a \u062a\u0631\u0643\u064a\u0627 \u0648\u0627\u0644\u0639\u0627\u0644\u0645 \u0628\u062a\u062c\u0627\u0631\u0628\u0646\u0627 \u0627\u0644\u0645\u062a\u0641\u0648\u0642\u0629 \u0648\u062a\u062c\u0627\u0631\u0628\u0646\u0627 \u0627\u0644\u0645\u062a\u0641\u0648\u0642\u0629 \u0645\u0646\u0630 \u0639\u0627\u0645 1996\u060c \u0648\u0623\u0635\u0628\u062d\u0646\u0627 \u0627\u0644\u0639\u0644\u0627\u0645\u0629 \u0627\u0644\u062a\u062c\u0627\u0631\u064a\u0629 \u0627\u0644\u062a\u064a \u064a\u062a\u0628\u0639\u0647\u0627 \u062f\u0627\u0626\u0645\u064b\u0627 \u0645\u0633\u062a\u0647\u0644\u0643\u0648 \u0627\u0644\u0634\u064a\u0634\u0629 \u0648\u0635\u0646\u0627\u0639\u0629 \u0627\u0644\u0634\u064a\u0634\u0629.<br \/>\n\u0645\u0646 \u0623\u062c\u0644 \u062a\u062d\u0633\u064a\u0646 \u0627\u0644\u0645\u0646\u062a\u062c\u0627\u062a \u0627\u0644\u062a\u064a \u0646\u0646\u062a\u062c\u0647\u0627 \u0645\u0646 \u062e\u0644\u0627\u0644 \u062f\u0631\u0627\u0633\u0627\u062a \u0627\u0644\u0628\u062d\u062b \u0648\u0627\u0644\u062a\u0637\u0648\u064a\u0631 \u0644\u0628\u0631\u0627\u0621\u0627\u062a \u0627\u0644\u0627\u062e\u062a\u0631\u0627\u0639 \u0627\u0644\u062f\u0648\u0644\u064a\u0629 \u0627\u0644\u062a\u064a \u062d\u0635\u0644\u0646\u0627 \u0639\u0644\u064a\u0647\u0627\u060c \u0641\u0625\u0646\u0646\u0627 \u0646\u0646\u062a\u062c \u0645\u0646\u062a\u062c\u0627\u062a \u062a\u0642\u0644\u0644 \u0645\u0646 \u0641\u0639\u0627\u0644\u064a\u0629 \u0627\u0644\u0645\u0648\u0627\u062f \u0627\u0644\u0636\u0627\u0631\u0629 \u0641\u064a \u0627\u0644\u0634\u064a\u0634\u0629\u060c \u0645\u0645\u0627 \u064a\u062c\u0639\u0644 \u062b\u0642\u0627\u0641\u0629 \u0627\u0644\u0634\u064a\u0634\u0629 \u063a\u064a\u0631 \u0636\u0627\u0631\u0629 \u0648\u0623\u0643\u062b\u0631 \u0645\u062a\u0639\u0629.<\/p>\n<h3>\u0645\u0646\u062a\u062c\u0627\u062a\u0646\u0627 \u0644\u0627 \u062a\u062d\u062a\u0648\u064a \u0639\u0644\u0649 \u0627\u0644\u062a\u0628\u063a \u0623\u0648 \u0627\u0644\u0646\u064a\u0643\u0648\u062a\u064a\u0646!<br \/>\n\u0644\u0627 \u064a\u0645\u0643\u0646 \u0628\u064a\u0639\u0647\u0627 \u0644\u0644\u0623\u0634\u062e\u0627\u0635 \u0627\u0644\u0630\u064a\u0646 \u062a\u0642\u0644 \u0623\u0639\u0645\u0627\u0631\u0647\u0645 \u0639\u0646 18 \u0639\u0627\u0645\u064b\u0627!<\/h3>","protected":false},"excerpt":{"rendered":"<p class=\"translation-block\"><strong>\u0627\u0644\u062a\u0641\u0627\u062d \u0627\u0644\u0623\u062e\u0636\u0631<\/strong> \u0635\u0645\u0645\u0646\u0627 \u0644\u0643 \u062e\u0635\u064a\u0635\u0627 \u0627\u0644\u0637\u0639\u0645 \u0627\u0644\u0627\u0633\u062a\u0641\u0632\u0627\u0632\u064a \u0648\u0627\u0644\u0637\u0627\u0632\u062c \u0627\u0644\u0630\u064a \u064a\u062c\u0639\u0644\u0643 \u062a\u0634\u0639\u0631 \u0628\u0627\u0644\u062d\u0644\u0627\u0648\u0629 \u0641\u064a \u0646\u0641\u0633 \u0627\u0644\u0648\u0642\u062a \u0645\u0639 \u062d\u0645\u0648\u0636\u0629 \u062a\u0628\u0647\u0631 \u0623\u0633\u0646\u0627\u0646\u0643 \u0642\u0644\u064a\u0644\u0627\u060c \u0643\u0645\u0627 \u0644\u0648 \u0623\u0646\u0647\u0627 \u0642\u0637\u0641\u062a \u0644\u0644\u062a\u0648 \u0645\u0646 \u0627\u0644\u063a\u0635\u0646. <strong>\u0627\u0643\u062a\u0634\u0641 \u0646\u0643\u0647\u0627\u062a \u0627\u0644\u0634\u064a\u0634\u0629 \u0627\u0644\u0645\u0641\u0636\u0644\u0629 \u0644\u062f\u064a\u0643 \u0648\u0627\u0644\u062a\u064a \u062a\u062d\u0644\u0645 \u0628\u0647\u0627!<\/strong><\/p>","protected":false},"featured_media":9536,"comment_status":"open","ping_status":"closed","template":"","meta":{"content-type":""},"product_brand":[],"product_cat":[26],"product_tag":[119,127,129,109,114,118,96,94,117,103,104,115,116,108,128,93,100,102,97,120,98,121,110,111,113,99,95,126,112,167,124,122,125,123],"class_list":{"0":"post-9757","1":"product","2":"type-product","3":"status-publish","4":"has-post-thumbnail","6":"product_cat-herbal-hookah-tanya-100gr","7":"product_tag-best-hookah-flavors","8":"product_tag-e-shisha","9":"product_tag-elektronik-sigara","10":"product_tag-herbal-hookah","11":"product_tag-herbal-hookah-brands","12":"product_tag-herbal-hookah-flavors","13":"product_tag-herbal-hookah-molasses","14":"product_tag-hookah","15":"product_tag-hookah-flavors","16":"product_tag-hookah-molasses","17":"product_tag-hookah-tobacco","18":"product_tag-hookah-tobacco-brands","19":"product_tag-hookah-tobacco-flavor","20":"product_tag-how-to-make-hookah-molasses","21":"product_tag-likit","22":"product_tag-nargile","23":"product_tag-nargile-aromasi","24":"product_tag-nargile-keyfi","25":"product_tag-nargile-melasi","26":"product_tag-nargile-nasil-hazirlanir","27":"product_tag-nargile-tutunu","28":"product_tag-nargile-yapimi","29":"product_tag-natural-hookah","30":"product_tag-natural-hookah-molasses","31":"product_tag-nicotine-free-hookah","32":"product_tag-premium-nargile-melasi","33":"product_tag-shisha","34":"product_tag-shisha-bar","35":"product_tag-tobacco-free-hookah","36":"product_tag-yesil-elma","37":"product_tag-124","38":"product_tag-122","39":"product_tag-125","40":"product_tag-123","42":"first","43":"instock","44":"virtual","45":"taxable","46":"product-type-simple"},"_links":{"self":[{"href":"https:\/\/tanyanargile.com.tr\/ar\/wp-json\/wp\/v2\/product\/9757","targetHints":{"allow":["GET"]}}],"collection":[{"href":"https:\/\/tanyanargile.com.tr\/ar\/wp-json\/wp\/v2\/product"}],"about":[{"href":"https:\/\/tanyanargile.com.tr\/ar\/wp-json\/wp\/v2\/types\/product"}],"replies":[{"embeddable":true,"href":"https:\/\/tanyanargile.com.tr\/ar\/wp-json\/wp\/v2\/comments?post=9757"}],"version-history":[{"count":0,"href":"https:\/\/tanyanargile.com.tr\/ar\/wp-json\/wp\/v2\/product\/9757\/revisions"}],"wp:featuredmedia":[{"embeddable":true,"href":"https:\/\/tanyanargile.com.tr\/ar\/wp-json\/wp\/v2\/media\/9536"}],"wp:attachment":[{"href":"https:\/\/tanyanargile.com.tr\/ar\/wp-json\/wp\/v2\/media?parent=9757"}],"wp:term":[{"taxonomy":"product_brand","embeddable":true,"href":"https:\/\/tanyanargile.com.tr\/ar\/wp-json\/wp\/v2\/product_brand?post=9757"},{"taxonomy":"product_cat","embeddable":true,"href":"https:\/\/tanyanargile.com.tr\/ar\/wp-json\/wp\/v2\/product_cat?post=9757"},{"taxonomy":"product_tag","embeddable":true,"href":"https:\/\/tanyanargile.com.tr\/ar\/wp-json\/wp\/v2\/product_tag?post=9757"}],"curies":[{"name":"\u0648\u0648\u0631\u062f\u0628\u0631\u064a\u0633","href":"https:\/\/api.w.org\/{rel}","templated":true}]}}