{"id":9028,"date":"2023-10-02T02:55:11","date_gmt":"2023-10-01T23:55:11","guid":{"rendered":"https:\/\/tanyanargile.com.tr\/?page_id=9028"},"modified":"2024-04-25T16:49:46","modified_gmt":"2024-04-25T13:49:46","slug":"datenschutzrichtlinie","status":"publish","type":"page","link":"https:\/\/tanyanargile.com.tr\/de\/datenschutzrichtlinie\/","title":{"rendered":"Datenschutzrichtlinie"},"content":{"rendered":"<div data-elementor-type=\"wp-page\" data-elementor-id=\"9028\" class=\"elementor elementor-9028\" data-elementor-post-type=\"page\">\n\t\t\t\t\t\t<section class=\"elementor-section elementor-top-section elementor-element elementor-element-6817124f elementor-section-boxed elementor-section-height-default elementor-section-height-default\" data-id=\"6817124f\" data-element_type=\"section\" data-settings=\"{&quot;background_background&quot;:&quot;classic&quot;,&quot;ekit_has_onepagescroll_dot&quot;:&quot;yes&quot;}\">\n\t\t\t\t\t\t\t<div class=\"elementor-background-overlay\"><\/div>\n\t\t\t\t\t\t\t<div class=\"elementor-container elementor-column-gap-default\">\n\t\t\t\t\t<div class=\"elementor-column elementor-col-100 elementor-top-column elementor-element elementor-element-37f6cb37\" data-id=\"37f6cb37\" data-element_type=\"column\">\n\t\t\t<div class=\"elementor-widget-wrap elementor-element-populated\">\n\t\t\t\t\t\t<section class=\"elementor-section elementor-inner-section elementor-element elementor-element-4799191d elementor-section-boxed elementor-section-height-default elementor-section-height-default\" data-id=\"4799191d\" data-element_type=\"section\" data-settings=\"{&quot;ekit_has_onepagescroll_dot&quot;:&quot;yes&quot;}\">\n\t\t\t\t\t\t<div class=\"elementor-container elementor-column-gap-default\">\n\t\t\t\t\t<div class=\"elementor-column elementor-col-100 elementor-inner-column elementor-element elementor-element-1fe8e28b\" data-id=\"1fe8e28b\" data-element_type=\"column\">\n\t\t\t<div class=\"elementor-widget-wrap elementor-element-populated\">\n\t\t\t\t\t\t<div class=\"elementor-element elementor-element-3280cfca elementor-invisible elementor-widget elementor-widget-heading\" data-id=\"3280cfca\" data-element_type=\"widget\" data-settings=\"{&quot;_animation&quot;:&quot;fadeInUp&quot;,&quot;ekit_we_effect_on&quot;:&quot;none&quot;}\" data-widget_type=\"heading.default\">\n\t\t\t\t<div class=\"elementor-widget-container\">\n\t\t\t\t\t<h1 class=\"elementor-heading-title elementor-size-default\">Datenschutzrichtlinie<\/h1>\t\t\t\t<\/div>\n\t\t\t\t<\/div>\n\t\t\t\t<div class=\"elementor-element elementor-element-72a97e7b elementor-invisible elementor-widget elementor-widget-heading\" data-id=\"72a97e7b\" data-element_type=\"widget\" data-settings=\"{&quot;_animation&quot;:&quot;fadeInUp&quot;,&quot;_animation_delay&quot;:200,&quot;ekit_we_effect_on&quot;:&quot;none&quot;}\" data-widget_type=\"heading.default\">\n\t\t\t\t<div class=\"elementor-widget-container\">\n\t\t\t\t\t<h4 class=\"elementor-heading-title elementor-size-default\">Gunaylar-Gruppe<\/h4>\t\t\t\t<\/div>\n\t\t\t\t<\/div>\n\t\t\t\t\t<\/div>\n\t\t<\/div>\n\t\t\t\t\t<\/div>\n\t\t<\/section>\n\t\t\t\t\t<\/div>\n\t\t<\/div>\n\t\t\t\t\t<\/div>\n\t\t<\/section>\n\t\t<div class=\"elementor-element elementor-element-ca2525 e-flex e-con-boxed e-con e-parent\" data-id=\"ca2525\" data-element_type=\"container\" data-settings=\"{&quot;ekit_has_onepagescroll_dot&quot;:&quot;yes&quot;}\">\n\t\t\t\t\t<div class=\"e-con-inner\">\n\t\t\t\t<div class=\"elementor-element elementor-element-4ddf33b0 elementor-widget elementor-widget-text-editor\" data-id=\"4ddf33b0\" data-element_type=\"widget\" data-settings=\"{&quot;ekit_we_effect_on&quot;:&quot;none&quot;}\" data-widget_type=\"text-editor.default\">\n\t\t\t\t<div class=\"elementor-widget-container\">\n\t\t\t\t\t\t\t\t\t<h1>Datenschutzrichtlinie<\/h1>\n<p>Letzte Aktualisierung: 15.09.2023<\/p>\n<p>Ihre Sicherheit ist uns wichtig. Aus diesem Grund werden die personenbezogenen Daten, die Sie uns mitteilen, vertraulich gesch\u00fctzt.<\/p>\n<p>Wir, Firmenname, als Datenverantwortlicher, informieren Sie mit dieser Datenschutz- und Datenschutzrichtlinie dar\u00fcber, welche Ihrer personenbezogenen Daten zu welchem Zweck verarbeitet werden, mit wem und warum die verarbeiteten Daten geteilt werden k\u00f6nnen, unsere Datenverarbeitungsmethode und rechtliche Gr\u00fcnde; Unser Ziel ist es, Sie \u00fcber Ihre Rechte bez\u00fcglich der von Ihnen verarbeiteten Daten aufzukl\u00e4ren.<\/p>\n<p>Ihre erfassten personenbezogenen Daten, Erhebungsmethode und rechtlicher Grund<\/p>\n<p>Ihre IP-Adresse und User-Agent-Informationen werden nur f\u00fcr Analysezwecke und Cookies usw. verwendet. Die Verarbeitung erfolgt auf der Grundlage berechtigter Interessen im Rahmen und der Dauer der zwischen uns bestehenden Dienstleistung und des Vertragsverh\u00e4ltnisses durch Erhebung, Aufzeichnung, Speicherung und Aktualisierung durch Technologien, automatische oder nichtautomatische Methoden und manchmal auch von Dritten wie Analyseanbietern, Werbung Netzwerke, Suchinformationsanbieter, Technologieanbieter.<\/p>\n<p>Zweck der Verarbeitung Ihrer personenbezogenen Daten<\/p>\n<p>Die von Ihnen mitgeteilten personenbezogenen Daten stehen uns ausschlie\u00dflich durch Analyse zur Verf\u00fcgung; Um die Anforderungen an die von uns angebotenen Dienstleistungen bestm\u00f6glich erf\u00fcllen zu k\u00f6nnen, sicherzustellen, dass diese Dienstleistungen f\u00fcr Sie in gr\u00f6\u00dftm\u00f6glichem Umfang zug\u00e4nglich sind und von ihnen profitieren k\u00f6nnen, um unsere Dienstleistungen entsprechend Ihren Bed\u00fcrfnissen weiterentwickeln zu k\u00f6nnen Sie mit umfassenderen Dienstleistern innerhalb der gesetzlichen Rahmenbedingungen zusammenzubringen und den sich aus dem Gesetz ergebenden Verpflichtungen nachzukommen (personenbezogene Daten k\u00f6nnen auf Anfrage zweckgebunden und in angemessener Weise an Justiz- und Verwaltungsbeh\u00f6rden weitergegeben werden). Art und Weise w\u00e4hrend der gesamten Vertrags- und Leistungsdauer, um die zu erf\u00fcllen<\/p>\n<h2 id=\"toplanan-kisisel-verilerin-kimlere-ve-hangi-amaclarla-aktarilabilecegi\">An wen und zu welchen Zwecken k\u00f6nnen die erhobenen personenbezogenen Daten \u00fcbermittelt werden<\/h2>\n<p>Ihre personenbezogenen Daten, die Sie uns mitteilen; Eine Weitergabe an in- und ausl\u00e4ndische Dritte, Institutionen und Organisationen, von denen wir zur Durchf\u00fchrung unserer T\u00e4tigkeit Leistungen beziehen und\/oder erbringen, mit denen wir in vertraglichen Beziehungen stehen und mit denen wir zusammenarbeiten, sowie an Justiz- und Verwaltungsbeh\u00f6rden ist auf Verlangen m\u00f6glich, sofern dies der Fall ist erforderliche technische und administrative Ma\u00dfnahmen getroffen werden.<\/p>\n<h2 id=\"kisisel-verileri-islenen-kisi-olarak-haklariniz\">Ihre Rechte als Person, deren personenbezogene Daten verarbeitet werden<\/h2>\n<p>Gem\u00e4\u00df Artikel 11 KVKK kann jeder die folgenden Rechte aus\u00fcben, indem er sich an den f\u00fcr die Datenverarbeitung Verantwortlichen wendet:<\/p>\n<ol type=\"a\">\n<li>Erfahren Sie, ob personenbezogene Daten verarbeitet werden oder nicht,<\/li>\n<li>Auskunft verlangen, wenn personenbezogene Daten verarbeitet wurden,<\/li>\n<li>Informieren Sie sich \u00fcber den Zweck der Verarbeitung personenbezogener Daten und dar\u00fcber, ob diese f\u00fcr den vorgesehenen Zweck verwendet werden.<\/li>\n<li>Kenntnis der Dritten, an die personenbezogene Daten im In- oder Ausland \u00fcbermittelt werden,<\/li>\n<li>Aufforderung zur Berichtigung personenbezogener Daten, wenn diese unvollst\u00e4ndig oder fehlerhaft verarbeitet sind,<\/li>\n<li>Anfordern der L\u00f6schung oder Vernichtung personenbezogener Daten,<\/li>\n<li>Bitten Sie darum, dass die gem\u00e4\u00df den Abs\u00e4tzen (e) und (f) durchgef\u00fchrten Transaktionen Dritten mitgeteilt werden, an die personenbezogene Daten \u00fcbermittelt werden,<\/li>\n<li>Einspruch gegen die Entstehung eines f\u00fcr den Einzelnen ung\u00fcnstigen Ergebnisses durch die Analyse der verarbeiteten Daten ausschlie\u00dflich durch automatische Systeme einzulegen,<\/li>\n<li>Im Falle eines Schadens, der auf eine rechtswidrige Verarbeitung personenbezogener Daten zur\u00fcckzuf\u00fchren ist, haben sie das Recht, Ersatz des Schadens zu verlangen.<\/li>\n<\/ol>\n<p>Um Ihre oben aufgef\u00fchrten Rechte auszu\u00fcben <strong>info@tanyanargile.com.tr<\/strong> Sie k\u00f6nnen uns kontaktieren \u00fcber.<\/p>\n<h3 id=\"iletisim\">Kommunikation<\/h3>\n<p>Es steht Ihnen v\u00f6llig frei, die Verarbeitung nur Ihrer notwendigen personenbezogenen Daten gem\u00e4\u00df dieser Datenschutz- und Verarbeitungsrichtlinie f\u00fcr personenbezogene Daten zu akzeptieren oder abzulehnen, um Analysen durchzuf\u00fchren, um Ihnen Dienstleistungen zu erbringen. Wenn Sie die Website weiterhin nutzen, gehen wir davon aus, dass Sie diese akzeptiert haben. Kontaktieren Sie uns f\u00fcr detailliertere Informationen. <strong>info@tanyanargile.com.tr<\/strong> Bitte z\u00f6gern Sie nicht, uns per E-Mail-Adresse zu kontaktieren.<\/p>\t\t\t\t\t\t\t\t<\/div>\n\t\t\t\t<\/div>\n\t\t\t\t\t<\/div>\n\t\t\t\t<\/div>\n\t\t\t\t<\/div>","protected":false},"excerpt":{"rendered":"<p>G\u00fcnaylar Group Gizlilik Politikas\u0131 Son g\u00fcncellenme: 15\/09\/2023 G\u00fcvenli\u011finiz bizim i\u00e7in \u00f6nemli. Bu sebeple bizimle payla\u015faca\u011f\u0131n\u0131z ki\u015fisel verileriz hassasiyetle korunmaktad\u0131r. Biz, \u015eirket Ad\u0131, veri sorumlusu olarak, bu gizlilik ve ki\u015fisel verilerin korunmas\u0131 politikas\u0131 ile, hangi ki\u015fisel verilerinizin hangi ama\u00e7la i\u015flenece\u011fi, i\u015flenen verilerin kimlerle ve neden payla\u015f\u0131labilece\u011fi, veri i\u015fleme y\u00f6ntemimiz ve hukuki sebeplerimiz ile; i\u015flenen verilerinize ili\u015fkin [&hellip;]<\/p>\n","protected":false},"author":22,"featured_media":0,"parent":0,"menu_order":0,"comment_status":"closed","ping_status":"closed","template":"elementor_header_footer","meta":{"content-type":"","footnotes":""},"class_list":["post-9028","page","type-page","status-publish","hentry"],"_links":{"self":[{"href":"https:\/\/tanyanargile.com.tr\/de\/wp-json\/wp\/v2\/pages\/9028","targetHints":{"allow":["GET"]}}],"collection":[{"href":"https:\/\/tanyanargile.com.tr\/de\/wp-json\/wp\/v2\/pages"}],"about":[{"href":"https:\/\/tanyanargile.com.tr\/de\/wp-json\/wp\/v2\/types\/page"}],"author":[{"embeddable":true,"href":"https:\/\/tanyanargile.com.tr\/de\/wp-json\/wp\/v2\/users\/22"}],"replies":[{"embeddable":true,"href":"https:\/\/tanyanargile.com.tr\/de\/wp-json\/wp\/v2\/comments?post=9028"}],"version-history":[{"count":0,"href":"https:\/\/tanyanargile.com.tr\/de\/wp-json\/wp\/v2\/pages\/9028\/revisions"}],"wp:attachment":[{"href":"https:\/\/tanyanargile.com.tr\/de\/wp-json\/wp\/v2\/media?parent=9028"}],"curies":[{"name":"wp","href":"https:\/\/api.w.org\/{rel}","templated":true}]}}