{"id":11862,"date":"2024-04-25T15:20:02","date_gmt":"2024-04-25T12:20:02","guid":{"rendered":"https:\/\/tanyanargile.com.tr\/urun\/afrodit-nargile-melasi-125gr\/"},"modified":"2024-11-02T17:43:31","modified_gmt":"2024-11-02T14:43:31","slug":"aphrodite-shisha-melasse-125gr","status":"publish","type":"product","link":"https:\/\/tanyanargile.com.tr\/de\/aphrodite-shisha-melasse-125gr\/","title":{"rendered":"APHRODITE <br> Shisha-Melasse 125Gr."},"content":{"rendered":"<h1>APHRODITE 125 g Kr\u00e4uter-Shisha-Melasse<\/h1>\n<p> Ihre liebsten verf\u00fchrerischen Aromen Ihrer Tr\u00e4ume <strong>ENTDECKEN<\/strong>!<br \/>\nWir haben die feurige Leidenschaft der Aphrodite, deren Sch\u00f6nheit selbst die G\u00f6tter verf\u00fchrte, f\u00fcr Sie formuliert. Dieses mystische Vergn\u00fcgen wird Sie begeistern und Sie den Gipfel der Liebe erreichen lassen.<\/p>\n<h3>Inhalt:<\/h3>\n<p> Ginseng, Nelke, Koriander, Kurkuma, Ingwer, Kardamom, Anis, Gummi<\/h3>\n<h3>Mehr als das, was Sie bei Shisha suchen<\/h3>\n<h3>Internationaler Standard und Qualit\u00e4t<\/h3>\n<p>Unsere Produkte bieten reichhaltige Premium-Nat\u00fcrliche Shisha-Melasse, die speziell durch die Formulierung v\u00f6llig nat\u00fcrlicher Fr\u00fcchte mit verschiedenen Geschmacksrichtungen gem\u00e4\u00df den FDA-Normen der Europ\u00e4ischen Union und der Vereinigten Staaten hergestellt wird.<br \/>\nTanya Nargile, die Marktf\u00fchrerin der weltweiten Shisha-Branche, entwickelt sich aufgrund der Bedeutung, die wir Forschung und Entwicklung sowie Innovation beimessen, und den neuen Produktreihen, die wir dem Markt anbieten, rasch zu einer Starmarke auf der Welt.<\/p>\n<h3>Langj\u00e4hrige Erfahrung<\/h3>\n<p>Wir sind zur Adresse derjenigen geworden, die jedes Jahr neue Shisha-Trends kreieren, mit der Kraft, mit unseren \u00fcberragenden Erfahrungen und erstklassigen Erfahrungen seit 1996 ein Pionier in der T\u00fcrkei und der Welt zu sein, und wir sind zu der Marke geworden, die von Shisha-Konsumenten stets verfolgt wird und die Shisha-Industrie.<br \/>\nUm die von uns hergestellten Produkte mit den Forschungs- und Entwicklungsstudien der erhaltenen internationalen Patente zu verbessern, stellen wir Produkte her, die die Wirksamkeit sch\u00e4dlicher Substanzen in Wasserpfeifen reduzieren und so die Wasserpfeifenkultur harmloser und angenehmer machen.<\/p>\n<h3>Unsere Produkte enthalten weder Tabak noch Nikotin!<br \/>\nKein Verkauf an Personen unter 18 Jahren m\u00f6glich!<\/h3>\n<h4>T\u00fct\u00fcns\u00fcz &amp; Nikotinsiz<\/h4>\n<p>Es gibt keine sch\u00e4dlichen Inhaltsstoffe wie Tabak, Nikotin, Teer usw., die Krebs verursachen!<\/p>\n<h4>100% Natur<\/h4>\n<p>Komplett aus 100% nat\u00fcrlichen Fr\u00fcchten hergestellt!<\/p>\n<h4>Verf\u00fchrerische Aromen<\/h4>\n<p>Sie werden die verf\u00fchrerischen Lieblingsgeschmacksrichtungen Ihrer Tr\u00e4ume finden!<\/p>\n<h4>2 Stunden Superleistung<\/h4>\n<p>Intensiver Geschmack und hohe Leistung sind garantiert! Sie werden von der intensiven Leistung \u00fcberrascht sein.<\/p>\n<h4>Extra starkes Aroma<\/h4>\n<p>Sp\u00fcren Sie den unglaublich starken Duft der Wasserpfeife bis zum letzten Moment!<\/p>\n<h4>S\u00fc\u00df und frisch<\/h4>\n<p>Sie werden vom Tanz extra starker s\u00fc\u00dfer und frischer Aromen begeistert sein!<\/p>\n<h4>Neue Premium-Verpackung<\/h4>\n<p>Ihre Lieblings-Shisha-Geschmacksrichtungen werden nie versiegen!<\/p>\n<h4>Ausgezeichnetes W\u00e4rmemanagement<\/h4>\n<p>Aufgrund der Kohlehitze in der Wasserpfeife ist er f\u00fcnfmal widerstandsf\u00e4higer gegen Verbrennungen als normaler Tabak!<\/p>\n<h4>Internationale Standards<\/h4>\n<p>Produktion gem\u00e4\u00df den FDA-Normen der Europ\u00e4ischen Union und der Vereinigten Staaten.<\/p>\n<h4>Die Starmarke der Welt<\/h4>\n<p>Es hat sich zu einer Weltmarke mit aufeinanderfolgenden Exportmeisterschaftsauszeichnungen in der Shisha-Branche entwickelt!<\/p>\n<h4>Export in 55 L\u00e4nder<\/h4>\n<p>Profitieren Sie von unserem Versandnetzwerk in 55 L\u00e4nder<br \/>\nWir ver\u00e4ndern den Geschmack der Welt! M\u00f6gen Sie auch an dem Kampf teilhaben, den wir mit dem Slogan begonnen haben.<\/p>\n<h4>Es ist international patentiert!<\/h4>\n<p>Als erstes Produkt der Welt wurde es als tabak- und nikotinfrei patentiert.<\/p>","protected":false},"excerpt":{"rendered":"<p><strong>APHRODITE <\/strong>G\u00fczelli\u011fi ile tanr\u0131lar\u0131 bile ba\u015ftan \u00e7\u0131karan Afrodit&#8217;in alevli a\u015fk ate\u015fini sizin i\u00e7in form\u00fcle ettik. Bu mistik lezzet ile ayaklar\u0131n\u0131z\u0131n yerden kesildi\u011fini hissedecek ve a\u015fk\u0131n zirvesine varacaks\u0131n\u0131z. Hayalinizdeki en sevdi\u011finiz ba\u015ftan \u00e7\u0131kar\u0131c\u0131 nargile lezzetlerini <strong>ENTDECKEN!<\/strong><\/p>","protected":false},"featured_media":11616,"comment_status":"open","ping_status":"closed","template":"","meta":{"content-type":""},"product_brand":[],"product_cat":[27],"product_tag":[198,369,118,96,368,367,94,103,104,93,100,102,97,98,99,95],"class_list":{"0":"post-11862","1":"product","2":"type-product","3":"status-publish","4":"has-post-thumbnail","6":"product_cat-herbal-hookah-tanya-125gr","7":"product_tag-afrodit","8":"product_tag-bitkisel-nargile-melasi","9":"product_tag-herbal-hookah-flavors","10":"product_tag-herbal-hookah-molasses","11":"product_tag-herbal-shisha-flavors","12":"product_tag-herbal-shisha-molasses","13":"product_tag-hookah","14":"product_tag-hookah-molasses","15":"product_tag-hookah-tobacco","16":"product_tag-nargile","17":"product_tag-nargile-aromasi","18":"product_tag-nargile-keyfi","19":"product_tag-nargile-melasi","20":"product_tag-nargile-tutunu","21":"product_tag-premium-nargile-melasi","22":"product_tag-shisha","24":"first","25":"instock","26":"virtual","27":"taxable","28":"product-type-simple"},"_links":{"self":[{"href":"https:\/\/tanyanargile.com.tr\/de\/wp-json\/wp\/v2\/product\/11862","targetHints":{"allow":["GET"]}}],"collection":[{"href":"https:\/\/tanyanargile.com.tr\/de\/wp-json\/wp\/v2\/product"}],"about":[{"href":"https:\/\/tanyanargile.com.tr\/de\/wp-json\/wp\/v2\/types\/product"}],"replies":[{"embeddable":true,"href":"https:\/\/tanyanargile.com.tr\/de\/wp-json\/wp\/v2\/comments?post=11862"}],"version-history":[{"count":0,"href":"https:\/\/tanyanargile.com.tr\/de\/wp-json\/wp\/v2\/product\/11862\/revisions"}],"wp:featuredmedia":[{"embeddable":true,"href":"https:\/\/tanyanargile.com.tr\/de\/wp-json\/wp\/v2\/media\/11616"}],"wp:attachment":[{"href":"https:\/\/tanyanargile.com.tr\/de\/wp-json\/wp\/v2\/media?parent=11862"}],"wp:term":[{"taxonomy":"product_brand","embeddable":true,"href":"https:\/\/tanyanargile.com.tr\/de\/wp-json\/wp\/v2\/product_brand?post=11862"},{"taxonomy":"product_cat","embeddable":true,"href":"https:\/\/tanyanargile.com.tr\/de\/wp-json\/wp\/v2\/product_cat?post=11862"},{"taxonomy":"product_tag","embeddable":true,"href":"https:\/\/tanyanargile.com.tr\/de\/wp-json\/wp\/v2\/product_tag?post=11862"}],"curies":[{"name":"wp","href":"https:\/\/api.w.org\/{rel}","templated":true}]}}