{"id":5094,"date":"2023-09-18T06:28:50","date_gmt":"2023-09-18T03:28:50","guid":{"rendered":"https:\/\/tanyanargile.com.tr\/?post_type=product&#038;p=5094"},"modified":"2024-11-02T18:23:31","modified_gmt":"2024-11-02T15:23:31","slug":"doppelter-apfel-250g-wasserpfeifenmelasse-2","status":"publish","type":"product","link":"https:\/\/tanyanargile.com.tr\/de\/doppelter-apfel-250g-wasserpfeifenmelasse-2\/","title":{"rendered":"DOPPELTER APFEL <br> Shisha-Melasse 250Gr"},"content":{"rendered":"<h1>\u00c7\u0130FT ELMA Bitkisel Nargile Melas\u0131 250Gr<\/h1>\n<p> Ihre liebsten verf\u00fchrerischen Aromen Ihrer Tr\u00e4ume <strong>ENTDECKEN<\/strong>!<br \/>\nWir haben f\u00fcr Sie die f\u00fcr den Shisha-Trend unverzichtbare Geschmacksrichtung \u201eDouble Apple and Anise\u201c zusammengestellt. Lassen Sie sich von dem Anis verzaubern, der den intensiven Geschmack von \u00c7ift Elma begleitet.<\/p>\n<h3>Inhalt:<\/h3>\n<p> Roter Apfel, Gr\u00fcner Apfel, Anis<\/h3>\n<h3>Mehr als das, was Sie bei Shisha suchen<\/h3>\n<h3>Internationaler Standard und Qualit\u00e4t<\/h3>\n<p>Unsere Produkte bieten reichhaltige Premium-Nat\u00fcrliche Shisha-Melasse, die speziell durch die Formulierung v\u00f6llig nat\u00fcrlicher Fr\u00fcchte mit verschiedenen Geschmacksrichtungen gem\u00e4\u00df den FDA-Normen der Europ\u00e4ischen Union und der Vereinigten Staaten hergestellt wird.<br \/>\nTanya Nargile, die Marktf\u00fchrerin der weltweiten Shisha-Branche, entwickelt sich aufgrund der Bedeutung, die wir Forschung und Entwicklung sowie Innovation beimessen, und den neuen Produktreihen, die wir dem Markt anbieten, rasch zu einer Starmarke auf der Welt.<\/p>\n<h3>Langj\u00e4hrige Erfahrung<\/h3>\n<p>Wir sind zur Adresse derjenigen geworden, die jedes Jahr neue Shisha-Trends kreieren, mit der Kraft, mit unseren \u00fcberragenden Erfahrungen und erstklassigen Erfahrungen seit 1996 ein Pionier in der T\u00fcrkei und der Welt zu sein, und wir sind zu der Marke geworden, die von Shisha-Konsumenten stets verfolgt wird und die Shisha-Industrie.<br \/>\nUm die von uns hergestellten Produkte mit den Forschungs- und Entwicklungsstudien der erhaltenen internationalen Patente zu verbessern, stellen wir Produkte her, die die Wirksamkeit sch\u00e4dlicher Substanzen in Wasserpfeifen reduzieren und so die Wasserpfeifenkultur harmloser und angenehmer machen.<\/p>\n<h3>Unsere Produkte enthalten weder Tabak noch Nikotin!<br \/>\nKein Verkauf an Personen unter 18 Jahren m\u00f6glich!<\/h3>","protected":false},"excerpt":{"rendered":"<p><strong>DOPPELTER APFEL <\/strong>Wir haben f\u00fcr Sie die f\u00fcr den Shisha-Trend unverzichtbare Geschmacksrichtung \u201eDouble Apple and Anise\u201c zusammengestellt. Lassen Sie sich von dem Anis verzaubern, der den intensiven Geschmack von \u00c7ift Elma begleitet. Genie\u00dfen Sie in Ihren Tr\u00e4umen Ihre liebsten verf\u00fchrerischen Shisha-Geschmacksrichtungen <strong>ENTDECKEN!<\/strong><\/p>","protected":false},"featured_media":8368,"comment_status":"open","ping_status":"closed","template":"","meta":{"content-type":""},"product_brand":[],"product_cat":[28],"product_tag":[119,106,127,129,109,114,118,96,94,117,103,104,115,116,108,128,93,100,102,97,120,98,121,110,111,113,99,95,126,112,124,122,125,123],"class_list":{"0":"post-5094","1":"product","2":"type-product","3":"status-publish","4":"has-post-thumbnail","6":"product_cat-herbal-hookah-tanya-250gr","7":"product_tag-best-hookah-flavors","8":"product_tag-cift-elma","9":"product_tag-e-shisha","10":"product_tag-elektronik-sigara","11":"product_tag-herbal-hookah","12":"product_tag-herbal-hookah-brands","13":"product_tag-herbal-hookah-flavors","14":"product_tag-herbal-hookah-molasses","15":"product_tag-hookah","16":"product_tag-hookah-flavors","17":"product_tag-hookah-molasses","18":"product_tag-hookah-tobacco","19":"product_tag-hookah-tobacco-brands","20":"product_tag-hookah-tobacco-flavor","21":"product_tag-how-to-make-hookah-molasses","22":"product_tag-likit","23":"product_tag-nargile","24":"product_tag-nargile-aromasi","25":"product_tag-nargile-keyfi","26":"product_tag-nargile-melasi","27":"product_tag-nargile-nasil-hazirlanir","28":"product_tag-nargile-tutunu","29":"product_tag-nargile-yapimi","30":"product_tag-natural-hookah","31":"product_tag-natural-hookah-molasses","32":"product_tag-nicotine-free-hookah","33":"product_tag-premium-nargile-melasi","34":"product_tag-shisha","35":"product_tag-shisha-bar","36":"product_tag-tobacco-free-hookah","37":"product_tag-124","38":"product_tag-122","39":"product_tag-125","40":"product_tag-123","42":"first","43":"instock","44":"virtual","45":"taxable","46":"product-type-simple"},"_links":{"self":[{"href":"https:\/\/tanyanargile.com.tr\/de\/wp-json\/wp\/v2\/product\/5094","targetHints":{"allow":["GET"]}}],"collection":[{"href":"https:\/\/tanyanargile.com.tr\/de\/wp-json\/wp\/v2\/product"}],"about":[{"href":"https:\/\/tanyanargile.com.tr\/de\/wp-json\/wp\/v2\/types\/product"}],"replies":[{"embeddable":true,"href":"https:\/\/tanyanargile.com.tr\/de\/wp-json\/wp\/v2\/comments?post=5094"}],"version-history":[{"count":0,"href":"https:\/\/tanyanargile.com.tr\/de\/wp-json\/wp\/v2\/product\/5094\/revisions"}],"wp:featuredmedia":[{"embeddable":true,"href":"https:\/\/tanyanargile.com.tr\/de\/wp-json\/wp\/v2\/media\/8368"}],"wp:attachment":[{"href":"https:\/\/tanyanargile.com.tr\/de\/wp-json\/wp\/v2\/media?parent=5094"}],"wp:term":[{"taxonomy":"product_brand","embeddable":true,"href":"https:\/\/tanyanargile.com.tr\/de\/wp-json\/wp\/v2\/product_brand?post=5094"},{"taxonomy":"product_cat","embeddable":true,"href":"https:\/\/tanyanargile.com.tr\/de\/wp-json\/wp\/v2\/product_cat?post=5094"},{"taxonomy":"product_tag","embeddable":true,"href":"https:\/\/tanyanargile.com.tr\/de\/wp-json\/wp\/v2\/product_tag?post=5094"}],"curies":[{"name":"wp","href":"https:\/\/api.w.org\/{rel}","templated":true}]}}