{"id":5181,"date":"2023-09-18T06:29:08","date_gmt":"2023-09-18T03:29:08","guid":{"rendered":"https:\/\/tanyanargile.com.tr\/?post_type=product&#038;p=5181"},"modified":"2024-11-02T18:18:30","modified_gmt":"2024-11-02T15:18:30","slug":"beginnen-sie-mit-18-250-g-wasserpfeifenmelasse","status":"publish","type":"product","link":"https:\/\/tanyanargile.com.tr\/de\/beginnen-sie-mit-18-250-g-wasserpfeifenmelasse\/","title":{"rendered":"START +18 <br> Shisha-Melasse 250Gr"},"content":{"rendered":"<h1>START +18 Bitkisel Nargile Melas\u0131 250Gr<\/h1>\n<p>Ihre liebsten verf\u00fchrerischen Aromen Ihrer Tr\u00e4ume <strong>ENTDECKEN<\/strong>!<\/p>\n<p>Sie werden zusammen mit diesem Geschmack den erfrischenden und s\u00fc\u00dfen Genuss versp\u00fcren, der Sie in ihn verlieben wird. Auf diesen Geschmack, den wir speziell f\u00fcr Sie zusammengestellt haben, werden Sie nicht mehr verzichten k\u00f6nnen.<\/p>\n<h3>Inhalt:<\/h3>\n<p>Wassermelone, Grapefruit, Marakuja, Eis<\/p>\n<h3>Mehr als das, was Sie bei Shisha suchen<\/h3>\n<h3>Internationaler Standard und Qualit\u00e4t<\/h3>\n<p>Unsere Produkte bieten reichhaltige Premium-Nat\u00fcrliche Shisha-Melasse, die speziell durch die Formulierung v\u00f6llig nat\u00fcrlicher Fr\u00fcchte mit verschiedenen Geschmacksrichtungen gem\u00e4\u00df den FDA-Normen der Europ\u00e4ischen Union und der Vereinigten Staaten hergestellt wird.<\/p>\n<p>Tanya Nargile, die Marktf\u00fchrerin der weltweiten Shisha-Branche, entwickelt sich aufgrund der Bedeutung, die wir Forschung und Entwicklung sowie Innovation beimessen, und den neuen Produktreihen, die wir dem Markt anbieten, rasch zu einer Starmarke auf der Welt.<\/p>\n<h3>Langj\u00e4hrige Erfahrung<\/h3>\n<p>Wir sind zur Adresse derjenigen geworden, die jedes Jahr neue Shisha-Trends kreieren, mit der Kraft, mit unseren \u00fcberragenden Erfahrungen und erstklassigen Erfahrungen seit 1996 ein Pionier in der T\u00fcrkei und der Welt zu sein, und wir sind zu der Marke geworden, die von Shisha-Konsumenten stets verfolgt wird und die Shisha-Industrie.<\/p>\n<p>Um die von uns hergestellten Produkte mit den Forschungs- und Entwicklungsstudien der erhaltenen internationalen Patente zu verbessern, stellen wir Produkte her, die die Wirksamkeit sch\u00e4dlicher Substanzen in Wasserpfeifen reduzieren und so die Wasserpfeifenkultur harmloser und angenehmer machen.<\/p>\n<h3>Unsere Produkte enthalten weder Tabak noch Nikotin!<\/p>\n<p>Kein Verkauf an Personen unter 18 Jahren m\u00f6glich!<\/h3>","protected":false},"excerpt":{"rendered":"<p><strong>START +18 <\/strong>Sie werden zusammen mit diesem Geschmack den erfrischenden und s\u00fc\u00dfen Genuss versp\u00fcren, der Sie in ihn verlieben wird. Auf diesen Geschmack, den wir speziell f\u00fcr Sie zusammengestellt haben, werden Sie nicht mehr verzichten k\u00f6nnen. Genie\u00dfen Sie in Ihren Tr\u00e4umen Ihre liebsten verf\u00fchrerischen Shisha-Geschmacksrichtungen <strong>ENTDECKEN!<\/strong><\/p>","protected":false},"featured_media":8483,"comment_status":"open","ping_status":"closed","template":"","meta":{"content-type":""},"product_brand":[],"product_cat":[28],"product_tag":[96,94,103,104,93,100,102,97,98,99,95,214],"class_list":{"0":"post-5181","1":"product","2":"type-product","3":"status-publish","4":"has-post-thumbnail","6":"product_cat-herbal-hookah-tanya-250gr","7":"product_tag-herbal-hookah-molasses","8":"product_tag-hookah","9":"product_tag-hookah-molasses","10":"product_tag-hookah-tobacco","11":"product_tag-nargile","12":"product_tag-nargile-aromasi","13":"product_tag-nargile-keyfi","14":"product_tag-nargile-melasi","15":"product_tag-nargile-tutunu","16":"product_tag-premium-nargile-melasi","17":"product_tag-shisha","18":"product_tag-start-18","20":"first","21":"instock","22":"virtual","23":"taxable","24":"product-type-simple"},"_links":{"self":[{"href":"https:\/\/tanyanargile.com.tr\/de\/wp-json\/wp\/v2\/product\/5181","targetHints":{"allow":["GET"]}}],"collection":[{"href":"https:\/\/tanyanargile.com.tr\/de\/wp-json\/wp\/v2\/product"}],"about":[{"href":"https:\/\/tanyanargile.com.tr\/de\/wp-json\/wp\/v2\/types\/product"}],"replies":[{"embeddable":true,"href":"https:\/\/tanyanargile.com.tr\/de\/wp-json\/wp\/v2\/comments?post=5181"}],"version-history":[{"count":0,"href":"https:\/\/tanyanargile.com.tr\/de\/wp-json\/wp\/v2\/product\/5181\/revisions"}],"wp:featuredmedia":[{"embeddable":true,"href":"https:\/\/tanyanargile.com.tr\/de\/wp-json\/wp\/v2\/media\/8483"}],"wp:attachment":[{"href":"https:\/\/tanyanargile.com.tr\/de\/wp-json\/wp\/v2\/media?parent=5181"}],"wp:term":[{"taxonomy":"product_brand","embeddable":true,"href":"https:\/\/tanyanargile.com.tr\/de\/wp-json\/wp\/v2\/product_brand?post=5181"},{"taxonomy":"product_cat","embeddable":true,"href":"https:\/\/tanyanargile.com.tr\/de\/wp-json\/wp\/v2\/product_cat?post=5181"},{"taxonomy":"product_tag","embeddable":true,"href":"https:\/\/tanyanargile.com.tr\/de\/wp-json\/wp\/v2\/product_tag?post=5181"}],"curies":[{"name":"wp","href":"https:\/\/api.w.org\/{rel}","templated":true}]}}