{"id":6229,"date":"2023-09-20T20:02:50","date_gmt":"2023-09-20T17:02:50","guid":{"rendered":"https:\/\/tanyanargile.com.tr\/?post_type=product&#038;p=6229"},"modified":"2024-11-02T18:13:30","modified_gmt":"2024-11-02T15:13:30","slug":"blauer-mastix-50gr-shisha-melasse","status":"publish","type":"product","link":"https:\/\/tanyanargile.com.tr\/de\/blauer-mastix-50gr-shisha-melasse\/","title":{"rendered":"BLAUER GUMMI<br> Kr\u00e4uter-Shisha-Melasse 50Gr"},"content":{"rendered":"<h1>MAV\u0130 DAMLA SAKIZ Bitkisel Nargile Melas\u0131 50Gr.<\/h1>\n<p>Ihre liebsten verf\u00fchrerischen Aromen Ihrer Tr\u00e4ume <strong>ENTDECKEN<\/strong>!<\/p>\n<p>Yaban mersini lezzetini an\u0131msatan mavi damla sak\u0131z\u0131n\u0131n mistik ve ferahl\u0131k veren lezzetini sizin i\u00e7in form\u00fcle ettik. Damla sak\u0131z\u0131n\u0131 sevmeyenler bile bu lezzete hayran kalacak.<\/p>\n<h3>Inhalt:<\/h3>\n<p>Blauer Mastix, Eis<\/p>\n<h3>Mehr als das, was Sie bei Shisha suchen<\/h3>\n<h3>Internationaler Standard und Qualit\u00e4t<\/h3>\n<p>Unsere Produkte bieten reichhaltige Premium-Nat\u00fcrliche Shisha-Melasse, die speziell durch die Formulierung v\u00f6llig nat\u00fcrlicher Fr\u00fcchte mit verschiedenen Geschmacksrichtungen gem\u00e4\u00df den FDA-Normen der Europ\u00e4ischen Union und der Vereinigten Staaten hergestellt wird.<\/p>\n<p>Tanya Nargile, die Marktf\u00fchrerin der weltweiten Shisha-Branche, entwickelt sich aufgrund der Bedeutung, die wir Forschung und Entwicklung sowie Innovation beimessen, und den neuen Produktreihen, die wir dem Markt anbieten, rasch zu einer Starmarke auf der Welt.<\/p>\n<h3>Langj\u00e4hrige Erfahrung<\/h3>\n<p>Wir sind zur Adresse derjenigen geworden, die jedes Jahr neue Shisha-Trends kreieren, mit der Kraft, mit unseren \u00fcberragenden Erfahrungen und erstklassigen Erfahrungen seit 1996 ein Pionier in der T\u00fcrkei und der Welt zu sein, und wir sind zu der Marke geworden, die von Shisha-Konsumenten stets verfolgt wird und die Shisha-Industrie.<\/p>\n<p>Um die von uns hergestellten Produkte mit den Forschungs- und Entwicklungsstudien der erhaltenen internationalen Patente zu verbessern, stellen wir Produkte her, die die Wirksamkeit sch\u00e4dlicher Substanzen in Wasserpfeifen reduzieren und so die Wasserpfeifenkultur harmloser und angenehmer machen.<\/p>\n<h3>Unsere Produkte enthalten weder Tabak noch Nikotin!<\/h3>\n<p>Kein Verkauf an Personen unter 18 Jahren m\u00f6glich!<\/p>\n<h4>100% Natur<\/h4>\n<p>Komplett aus 100% nat\u00fcrlichen Fr\u00fcchten hergestellt!<\/p>\n<h4>Verf\u00fchrerische Aromen<\/h4>\n<p>Sie werden die verf\u00fchrerischen Lieblingsgeschmacksrichtungen Ihrer Tr\u00e4ume finden!<\/p>\n<h4>2 Stunden Superleistung<\/h4>\n<p>Intensiver Geschmack und hohe Leistung sind garantiert! Sie werden von der intensiven Leistung \u00fcberrascht sein.<\/p>\n<h4>Extra starkes Aroma<\/h4>\n<p>Sp\u00fcren Sie den unglaublich starken Duft der Wasserpfeife bis zum letzten Moment!<\/p>\n<h4>S\u00fc\u00df und frisch<\/h4>\n<p>Sie werden vom Tanz extra starker s\u00fc\u00dfer und frischer Aromen begeistert sein!<\/p>\n<h4>Neue Premium-Verpackung<\/h4>\n<p>Ihre Lieblings-Shisha-Geschmacksrichtungen werden nie versiegen!<\/p>\n<h4>Ausgezeichnetes W\u00e4rmemanagement<\/h4>\n<p>Aufgrund der Kohlehitze in der Wasserpfeife ist er f\u00fcnfmal widerstandsf\u00e4higer gegen Verbrennungen als normaler Tabak!<\/p>\n<h4>Internationale Standards<\/h4>\n<p>Produktion gem\u00e4\u00df den FDA-Normen der Europ\u00e4ischen Union und der Vereinigten Staaten.<\/p>\n<h4>Die Starmarke der Welt<\/h4>\n<p>Es hat sich zu einer Weltmarke mit aufeinanderfolgenden Exportmeisterschaftsauszeichnungen in der Shisha-Branche entwickelt!<\/p>\n<h4>Export in 55 L\u00e4nder<\/h4>\n<p>Profitieren Sie von unserem Versandnetzwerk in 55 L\u00e4nder<\/p>\n<p>Wir ver\u00e4ndern den Geschmack der Welt! M\u00f6gen Sie auch an dem Kampf teilhaben, den wir mit dem Slogan begonnen haben.<\/p>\n<h4>Es ist international patentiert!<\/h4>\n<p>Als erstes Produkt der Welt wurde es als tabak- und nikotinfrei patentiert.<\/p>","protected":false},"excerpt":{"rendered":"<p class=\"translation-block\"><strong>BLUE GUM GUM<\/strong> Wir haben f\u00fcr Sie den mystischen und erfrischenden Geschmack von Blue GUM formuliert, der an den Geschmack von Blaubeeren erinnert. Selbst wer keinen Mastix mag, wird von diesem Geschmack begeistert sein. <strong>ENTDECKEN Sie die verf\u00fchrerischen Lieblings-Shisha-Geschmacksrichtungen Ihrer Tr\u00e4ume!<\/strong><\/p>","protected":false},"featured_media":8119,"comment_status":"open","ping_status":"closed","template":"","meta":{"content-type":""},"product_brand":[],"product_cat":[25],"product_tag":[119,369,402,127,129,109,114,118,96,94,117,103,104,115,116,108,128,161,93,100,97,120,98,121,110,111,113,374,99,95,126,112,124,122,125,123],"class_list":{"0":"post-6229","1":"product","2":"type-product","3":"status-publish","4":"has-post-thumbnail","6":"product_cat-herbal-hookah-tanya-50gr","7":"product_tag-best-hookah-flavors","8":"product_tag-bitkisel-nargile-melasi","9":"product_tag-blue-gum","10":"product_tag-e-shisha","11":"product_tag-elektronik-sigara","12":"product_tag-herbal-hookah","13":"product_tag-herbal-hookah-brands","14":"product_tag-herbal-hookah-flavors","15":"product_tag-herbal-hookah-molasses","16":"product_tag-hookah","17":"product_tag-hookah-flavors","18":"product_tag-hookah-molasses","19":"product_tag-hookah-tobacco","20":"product_tag-hookah-tobacco-brands","21":"product_tag-hookah-tobacco-flavor","22":"product_tag-how-to-make-hookah-molasses","23":"product_tag-likit","24":"product_tag-mavi-damla-sakiz","25":"product_tag-nargile","26":"product_tag-nargile-aromasi","27":"product_tag-nargile-melasi","28":"product_tag-nargile-nasil-hazirlanir","29":"product_tag-nargile-tutunu","30":"product_tag-nargile-yapimi","31":"product_tag-natural-hookah","32":"product_tag-natural-hookah-molasses","33":"product_tag-nicotine-free-hookah","34":"product_tag-nikotinsiz-nargile","35":"product_tag-premium-nargile-melasi","36":"product_tag-shisha","37":"product_tag-shisha-bar","38":"product_tag-tobacco-free-hookah","39":"product_tag-124","40":"product_tag-122","41":"product_tag-125","42":"product_tag-123","44":"first","45":"instock","46":"virtual","47":"taxable","48":"product-type-simple"},"_links":{"self":[{"href":"https:\/\/tanyanargile.com.tr\/de\/wp-json\/wp\/v2\/product\/6229","targetHints":{"allow":["GET"]}}],"collection":[{"href":"https:\/\/tanyanargile.com.tr\/de\/wp-json\/wp\/v2\/product"}],"about":[{"href":"https:\/\/tanyanargile.com.tr\/de\/wp-json\/wp\/v2\/types\/product"}],"replies":[{"embeddable":true,"href":"https:\/\/tanyanargile.com.tr\/de\/wp-json\/wp\/v2\/comments?post=6229"}],"version-history":[{"count":0,"href":"https:\/\/tanyanargile.com.tr\/de\/wp-json\/wp\/v2\/product\/6229\/revisions"}],"wp:featuredmedia":[{"embeddable":true,"href":"https:\/\/tanyanargile.com.tr\/de\/wp-json\/wp\/v2\/media\/8119"}],"wp:attachment":[{"href":"https:\/\/tanyanargile.com.tr\/de\/wp-json\/wp\/v2\/media?parent=6229"}],"wp:term":[{"taxonomy":"product_brand","embeddable":true,"href":"https:\/\/tanyanargile.com.tr\/de\/wp-json\/wp\/v2\/product_brand?post=6229"},{"taxonomy":"product_cat","embeddable":true,"href":"https:\/\/tanyanargile.com.tr\/de\/wp-json\/wp\/v2\/product_cat?post=6229"},{"taxonomy":"product_tag","embeddable":true,"href":"https:\/\/tanyanargile.com.tr\/de\/wp-json\/wp\/v2\/product_tag?post=6229"}],"curies":[{"name":"wp","href":"https:\/\/api.w.org\/{rel}","templated":true}]}}