{"id":7382,"date":"2023-09-27T02:47:08","date_gmt":"2023-09-26T23:47:08","guid":{"rendered":"https:\/\/tanyanargile.com.tr\/?post_type=product&#038;p=7382"},"modified":"2024-11-02T17:53:31","modified_gmt":"2024-11-02T14:53:31","slug":"keks-extra-flussigaroma-30ml","status":"publish","type":"product","link":"https:\/\/tanyanargile.com.tr\/de\/keks-extra-flussigaroma-30ml\/","title":{"rendered":"KEKS <br> Extra fl\u00fcssiges Aroma 30 ml"},"content":{"rendered":"<h1>B\u0130SK\u00dcV\u0130 Extra S\u0131v\u0131 Aroma 30ml<\/h1>\n<p>Genie\u00dfen Sie Ihre liebsten verf\u00fchrerischen Extra Liquid Aroma-Geschmacksrichtungen Ihrer Tr\u00e4ume. <strong>ENTDECKEN<\/strong>!<\/p>\n<p><strong>Inhalt:<\/strong> Keks, Karamell, Milch<\/p>\n<h2><b>Mehr als Aroma<\/b><\/h2>\n<h3>Geni\u015f Kullan\u0131m \u0130mkan\u0131 \u0130le \u0130stedi\u011finiz Alanda Kullan\u0131m \u0130mkan\u0131<\/h3>\n<p><b>Tanya Extra Liquid Aroma<\/b>Sie k\u00f6nnen es beruhigt in jedem gew\u00fcnschten Bereich verwenden. Sie k\u00f6nnen es in Wasserpfeifen, R\u00e4ucherst\u00e4bchen, allen Arten von elektronischen Dampfger\u00e4ten, Disco-Bar-Konzert-Nebel-Rauch-Effekt-Shows, Raum-Auto-Lufterfrischern und in vielen anderen Bereichen verwenden, die wir nicht z\u00e4hlen k\u00f6nnen.<\/p>\n<p><strong>Verwenden: <\/strong>10 ml in Shisha-Mischungen. Es wird empfohlen, sich als zu bewerben.<\/p>\n<p>Geben Sie 10 ml zum Wasser in der Wasserpfeife hinzu, um die Intensit\u00e4t von Aroma, Rauch und Geschmack zu erh\u00f6hen. Es wird empfohlen, es durch Mischen zu verwenden.<\/p>\n<h3>Internationaler Standard und Qualit\u00e4t<\/h3>\n<p>Unsere Produkte, <strong>europ\u00e4ische Union<\/strong> Und <strong>FDA der Vereinigten Staaten<\/strong> Es handelt sich um ein reichhaltiges Produkt, das speziell durch die Formulierung v\u00f6llig nat\u00fcrlicher Fruchtextrakte mit verschiedenen Aromen gem\u00e4\u00df den Normen und Standards hergestellt wird. <b>Hochwertiges, nat\u00fcrliches, extra fl\u00fcssiges Aroma <\/b>Es wird dargestellt als.<\/p>\n<p>Tanya Nargile, die Marktf\u00fchrerin der weltweiten Shisha-Branche, entwickelt sich aufgrund der Bedeutung, die wir Forschung und Entwicklung sowie Innovation beimessen, und den neuen Produktreihen, die wir dem Markt anbieten, rasch zu einer Starmarke auf der Welt.<\/p>\n<h3>Langj\u00e4hrige Erfahrung<\/h3>\n<p>Wir sind zur Adresse derjenigen geworden, die jedes Jahr neue Shisha-Trends kreieren, mit der Kraft, mit unseren \u00fcberragenden Erfahrungen und erstklassigen Erfahrungen seit 1996 ein Pionier in der T\u00fcrkei und der Welt zu sein, und wir sind zu der Marke geworden, die von Shisha-Konsumenten stets verfolgt wird und die Shisha-Industrie.<\/p>\n<p>Um die von uns hergestellten Produkte mit den Forschungs- und Entwicklungsstudien der erhaltenen internationalen Patente zu verbessern, stellen wir Produkte her, die die Wirksamkeit sch\u00e4dlicher Substanzen in Wasserpfeifen reduzieren und so die Wasserpfeifenkultur harmloser und angenehmer machen.<\/p>\n<p><strong>Uyar\u0131: G\u0131da de\u011fildir, g\u0131da olarak t\u00fcketilemez!<\/strong><\/p>\n<p><strong>\u0130\u00e7indekiler: Bitkisel Gliserin, Meyve Extreli Aroma, Efekt\u00f6r, Sitrik Asit<\/strong><\/p>\n<p><strong>Saklama:serin ve g\u00fcne\u015f \u0131\u015f\u0131\u011f\u0131na maruz kalmayacak \u015fekilde saklay\u0131n\u0131z.<\/strong><\/p>\n<p><strong>Unsere Produkte enthalten weder Tabak noch Nikotin!<\/strong><\/p>\n<p>Kein Verkauf an Personen unter 18 Jahren m\u00f6glich!<\/p>","protected":false},"excerpt":{"rendered":"<p><strong>KEKS <\/strong> Genie\u00dfen Sie Ihre liebsten verf\u00fchrerischen Extra Liquid Aroma-Geschmacksrichtungen Ihrer Tr\u00e4ume. <strong>ENTDECKEN!<\/strong><\/p>","protected":false},"featured_media":8569,"comment_status":"open","ping_status":"closed","template":"","meta":{"content-type":""},"product_brand":[],"product_cat":[223],"product_tag":[119,266,257,231,249,127,227,228,229,256,129,253,255,254,237,238,259,245,250,236,261,241,235,264,240,226,109,114,118,96,94,117,103,104,115,116,108,239,234,128,251,243,93,100,102,97,120,98,121,232,110,111,113,260,248,99,252,263,95,126,246,244,262,112,423,230,233,247,258,242,124,122,125,123],"class_list":{"0":"post-7382","1":"product","2":"type-product","3":"status-publish","4":"has-post-thumbnail","6":"product_cat-tanya-e-aroma-30ml","7":"product_tag-best-hookah-flavors","8":"product_tag-biskuvi","9":"product_tag-cbd-elektronik-sigara","10":"product_tag-disposable-vape","11":"product_tag-duman","12":"product_tag-e-shisha","13":"product_tag-e-aroma","14":"product_tag-e-flavour","15":"product_tag-e-juice","16":"product_tag-e-sigara-tavsiyesi","17":"product_tag-elektronik-sigara","18":"product_tag-elektronik-sigara-becerisi","19":"product_tag-elektronik-sigara-cbd","20":"product_tag-elektronik-sigara-dolumu","21":"product_tag-elektronik-sigara-dumani","22":"product_tag-elektronik-sigara-incelemesi","23":"product_tag-elektronik-sigara-kartusu","24":"product_tag-elektronik-sigara-magazasi","25":"product_tag-elektronik-sigara-mini","26":"product_tag-elektronik-sigara-modu","27":"product_tag-elektronik-sigara-zararli-mi","28":"product_tag-elektroniksigara-aromasi","29":"product_tag-elektroniksigarakalemi","30":"product_tag-elfbar","31":"product_tag-en-iyi-elektroniksigara","32":"product_tag-extra-sivi-aroma","33":"product_tag-herbal-hookah","34":"product_tag-herbal-hookah-brands","35":"product_tag-herbal-hookah-flavors","36":"product_tag-herbal-hookah-molasses","37":"product_tag-hookah","38":"product_tag-hookah-flavors","39":"product_tag-hookah-molasses","40":"product_tag-hookah-tobacco","41":"product_tag-hookah-tobacco-brands","42":"product_tag-hookah-tobacco-flavor","43":"product_tag-how-to-make-hookah-molasses","44":"product_tag-kalemelektronik-sigara","45":"product_tag-kapsul-elektroniksigara","46":"product_tag-likit","47":"product_tag-mini-elektronik-sigara","48":"product_tag-mod-elektronik-sigara","49":"product_tag-nargile","50":"product_tag-nargile-aromasi","51":"product_tag-nargile-keyfi","52":"product_tag-nargile-melasi","53":"product_tag-nargile-nasil-hazirlanir","54":"product_tag-nargile-tutunu","55":"product_tag-nargile-yapimi","56":"product_tag-nasil-vape-yapilir","57":"product_tag-natural-hookah","58":"product_tag-natural-hookah-molasses","59":"product_tag-nicotine-free-hookah","60":"product_tag-nikotin-elektronik-sigara","61":"product_tag-ogretici-elektronik-sigara","62":"product_tag-premium-nargile-melasi","63":"product_tag-profesyonel-elektronik-sigara","64":"product_tag-puff-bar","65":"product_tag-shisha","66":"product_tag-shisha-bar","67":"product_tag-sivi-elektronik-sigara","68":"product_tag-tek-kullanimlik-elektronik-sigara","69":"product_tag-tek-kullanimlik-nargile","70":"product_tag-tobacco-free-hookah","71":"product_tag-tutunsuz-nikotinsiz-nargile-sosu","72":"product_tag-vape-flavor","73":"product_tag-vape-nargile","74":"product_tag-vape-nasil-yapilir","75":"product_tag-vape-nasil-yeniden-doldurulur","76":"product_tag-vapede-pamuk-nasil-degistirilir","77":"product_tag-124","78":"product_tag-122","79":"product_tag-125","80":"product_tag-123","82":"first","83":"instock","84":"virtual","85":"taxable","86":"product-type-simple"},"_links":{"self":[{"href":"https:\/\/tanyanargile.com.tr\/de\/wp-json\/wp\/v2\/product\/7382","targetHints":{"allow":["GET"]}}],"collection":[{"href":"https:\/\/tanyanargile.com.tr\/de\/wp-json\/wp\/v2\/product"}],"about":[{"href":"https:\/\/tanyanargile.com.tr\/de\/wp-json\/wp\/v2\/types\/product"}],"replies":[{"embeddable":true,"href":"https:\/\/tanyanargile.com.tr\/de\/wp-json\/wp\/v2\/comments?post=7382"}],"version-history":[{"count":0,"href":"https:\/\/tanyanargile.com.tr\/de\/wp-json\/wp\/v2\/product\/7382\/revisions"}],"wp:featuredmedia":[{"embeddable":true,"href":"https:\/\/tanyanargile.com.tr\/de\/wp-json\/wp\/v2\/media\/8569"}],"wp:attachment":[{"href":"https:\/\/tanyanargile.com.tr\/de\/wp-json\/wp\/v2\/media?parent=7382"}],"wp:term":[{"taxonomy":"product_brand","embeddable":true,"href":"https:\/\/tanyanargile.com.tr\/de\/wp-json\/wp\/v2\/product_brand?post=7382"},{"taxonomy":"product_cat","embeddable":true,"href":"https:\/\/tanyanargile.com.tr\/de\/wp-json\/wp\/v2\/product_cat?post=7382"},{"taxonomy":"product_tag","embeddable":true,"href":"https:\/\/tanyanargile.com.tr\/de\/wp-json\/wp\/v2\/product_tag?post=7382"}],"curies":[{"name":"wp","href":"https:\/\/api.w.org\/{rel}","templated":true}]}}