{"id":11887,"date":"2024-04-25T15:20:53","date_gmt":"2024-04-25T12:20:53","guid":{"rendered":"https:\/\/tanyanargile.com.tr\/urun\/yesil-elma-nargile-melasi-125gr\/"},"modified":"2024-11-02T17:43:24","modified_gmt":"2024-11-02T14:43:24","slug":"green-apple-hookah-molasses-125gr","status":"publish","type":"product","link":"https:\/\/tanyanargile.com.tr\/en\/green-apple-hookah-molasses-125gr\/","title":{"rendered":"GREEN APPLE <br> Herbal Hookah Molasses 125Gr."},"content":{"rendered":"<h1>YE\u015e\u0130L ELMA 125Gr. Bitkisel Nargile Melas\u0131<\/h1>\n<p> Your favorite seductive flavors of your dreams <strong>DISCOVER<\/strong>!<br \/>\nDal\u0131ndan yeni kopar\u0131lm\u0131\u015f gibi, di\u015flerinizi hafif\u00e7e kama\u015ft\u0131ran ek\u015fili\u011fi ile ayn\u0131 anda tatl\u0131l\u0131\u011f\u0131 da hissettiren k\u0131\u015fk\u0131rt\u0131c\u0131 ve taze lezzeti sizin i\u00e7in \u00f6zel form\u00fcle ettik.<\/p>\n<h3>Contents:<\/h3>\n<p> Green apple<\/h3>\n<h3>More Than What You&#039;re Looking For in Hookah<\/h3>\n<h3>International Standard and Quality<\/h3>\n<p>Our products offer rich Premium Natural Hookah Molasses, which are specially produced by formulating completely natural fruits with various flavors in accordance with the European Union and United States FDA norms.<br \/>\nTanya Nargile, the leader of the world hookah industry with the importance we attach to R&amp;D and innovation and the new product ranges we offer to the market, is rapidly progressing towards becoming a star brand in the world.<\/p>\n<h3>Years of Experience<\/h3>\n<p>We have become the address of those who create different hookah trends every year, with the power of being a pioneer in Turkey and the world with our superior experiences and superior experiences since 1996, and we have become the brand that is always followed by hookah consumers and the hookah industry.<br \/>\nIn order to improve the products we produce with the R&amp;D studies of the international patents we have received, we produce products that reduce the effectiveness of harmful substances in hookah, making the hookah culture harmless and more enjoyable.<\/p>\n<h3>Our products do not contain tobacco or nicotine!<br \/>\nCannot be sold to persons under 18 years of age!<\/h3>\n<h4>Tobacco-free &amp; Nicotine-free<\/h4>\n<p>There are no harmful ingredients such as tobacco, nicotine, tar, etc. that cause cancer!<\/p>\n<h4>100% Natural<\/h4>\n<p>It is made completely from 100% Natural Fruits!<\/p>\n<h4>Seductive Flavors<\/h4>\n<p>You will find your favorite tempting flavors of your dreams!<\/p>\n<h4>2 Hours of Super Performance<\/h4>\n<p>Intense Taste and High Performance are Guaranteed! You Will Be Surprised by the Intense Performance.<\/p>\n<h4>Extra Strong Flavor<\/h4>\n<p>Feel the incredibly strong flavor in the hookah until the last moment!<\/p>\n<h4>Sweet &amp; Fresh<\/h4>\n<p>You will be amazed by the dance of Extra Strong Sweet &amp; Fresh Flavors!<\/p>\n<h4>New Premium Packaging<\/h4>\n<p>Your favorite hookah flavors will never dry out!<\/p>\n<h4>Perfect Heat Management<\/h4>\n<p>It is 5 times more resistant to burning than normal tobacco due to the coal heat in the hookah!<\/p>\n<h4>International Standards<\/h4>\n<p>Production in accordance with European Union and United States FDA norms.<\/p>\n<h4>The World&#039;s Star Brand<\/h4>\n<p>It has become a World Brand with consecutive export championship awards in the Hookah Industry!<\/p>\n<h4>Export to 55 Countries<\/h4>\n<p>Benefit from Our Shipping Network Available to 55 Countries<br \/>\nWe Change The Taste Of The World! May you also have a share in the struggle we started with the slogan.<\/p>\n<h4>International Patented!<\/h4>\n<p>Being the first in the world, it was patented as Tobacco-Free and Nicotine-Free.<\/p>","protected":false},"excerpt":{"rendered":"<p class=\"translation-block\"><strong>GREEN APPLE<\/strong> We have specially formulated for you a provocative and fresh flavor that makes you feel the sweetness at the same time with its sourness that slightly dazzles your teeth, as if it had just been plucked from its branch. <strong>DISCOVER<\/strong> your favorite seductive hookah flavors of your dreams!<\/p>","protected":false},"featured_media":11666,"comment_status":"open","ping_status":"closed","template":"","meta":{"content-type":""},"product_brand":[],"product_cat":[27],"product_tag":[369,118,96,368,367,94,103,104,93,100,102,97,98,99,95,167],"class_list":{"0":"post-11887","1":"product","2":"type-product","3":"status-publish","4":"has-post-thumbnail","6":"product_cat-herbal-hookah-tanya-125gr","7":"product_tag-bitkisel-nargile-melasi","8":"product_tag-herbal-hookah-flavors","9":"product_tag-herbal-hookah-molasses","10":"product_tag-herbal-shisha-flavors","11":"product_tag-herbal-shisha-molasses","12":"product_tag-hookah","13":"product_tag-hookah-molasses","14":"product_tag-hookah-tobacco","15":"product_tag-nargile","16":"product_tag-nargile-aromasi","17":"product_tag-nargile-keyfi","18":"product_tag-nargile-melasi","19":"product_tag-nargile-tutunu","20":"product_tag-premium-nargile-melasi","21":"product_tag-shisha","22":"product_tag-yesil-elma","24":"first","25":"instock","26":"virtual","27":"taxable","28":"product-type-simple"},"_links":{"self":[{"href":"https:\/\/tanyanargile.com.tr\/en\/wp-json\/wp\/v2\/product\/11887","targetHints":{"allow":["GET"]}}],"collection":[{"href":"https:\/\/tanyanargile.com.tr\/en\/wp-json\/wp\/v2\/product"}],"about":[{"href":"https:\/\/tanyanargile.com.tr\/en\/wp-json\/wp\/v2\/types\/product"}],"replies":[{"embeddable":true,"href":"https:\/\/tanyanargile.com.tr\/en\/wp-json\/wp\/v2\/comments?post=11887"}],"version-history":[{"count":0,"href":"https:\/\/tanyanargile.com.tr\/en\/wp-json\/wp\/v2\/product\/11887\/revisions"}],"wp:featuredmedia":[{"embeddable":true,"href":"https:\/\/tanyanargile.com.tr\/en\/wp-json\/wp\/v2\/media\/11666"}],"wp:attachment":[{"href":"https:\/\/tanyanargile.com.tr\/en\/wp-json\/wp\/v2\/media?parent=11887"}],"wp:term":[{"taxonomy":"product_brand","embeddable":true,"href":"https:\/\/tanyanargile.com.tr\/en\/wp-json\/wp\/v2\/product_brand?post=11887"},{"taxonomy":"product_cat","embeddable":true,"href":"https:\/\/tanyanargile.com.tr\/en\/wp-json\/wp\/v2\/product_cat?post=11887"},{"taxonomy":"product_tag","embeddable":true,"href":"https:\/\/tanyanargile.com.tr\/en\/wp-json\/wp\/v2\/product_tag?post=11887"}],"curies":[{"name":"wp","href":"https:\/\/api.w.org\/{rel}","templated":true}]}}