{"id":5118,"date":"2023-09-18T06:28:53","date_gmt":"2023-09-18T03:28:53","guid":{"rendered":"https:\/\/tanyanargile.com.tr\/?post_type=product&#038;p=5118"},"modified":"2024-11-02T18:23:26","modified_gmt":"2024-11-02T15:23:26","slug":"mint-lemon-250g-hookah-molasses","status":"publish","type":"product","link":"https:\/\/tanyanargile.com.tr\/en\/mint-lemon-250g-hookah-molasses\/","title":{"rendered":"LEMON MINT <br> Herbal Hookah Molasses 250Gr"},"content":{"rendered":"<h1>NANE L\u0130MON Bitkisel Nargile Melas\u0131 250Gr<\/h1>\n<p>Your favorite seductive flavors of your dreams <strong>DISCOVER<\/strong>!<\/p>\n<p>Mersin \u015fehrinin,me\u015fhur lamas limonlar\u0131n\u0131n kabuklar\u0131ndan elde edilen e\u015fsiz lezzetin nane ile bulu\u015fmas\u0131. Serinli\u011fi ve ferahl\u0131\u011f\u0131 i\u00e7inizde hissedin. K\u0131\u015fk\u0131rt\u0131c\u0131 lezzete haz\u0131r olun. Bay\u0131lanlar bu lezzetle ay\u0131lacak.<\/p>\n<h3>Contents:<\/h3>\n<p>Lemon, Mint, Ice<\/p>\n<h3>More Than What You&#039;re Looking For in Hookah<\/h3>\n<h3>International Standard and Quality<\/h3>\n<p>Our products offer rich Premium Natural Hookah Molasses, which are specially produced by formulating completely natural fruits with various flavors in accordance with the European Union and United States FDA norms.<\/p>\n<p>Tanya Nargile, the leader of the world hookah industry with the importance we attach to R&amp;D and innovation and the new product ranges we offer to the market, is rapidly progressing towards becoming a star brand in the world.<\/p>\n<h3>Years of Experience<\/h3>\n<p>We have become the address of those who create different hookah trends every year, with the power of being a pioneer in Turkey and the world with our superior experiences and superior experiences since 1996, and we have become the brand that is always followed by hookah consumers and the hookah industry.<\/p>\n<p>In order to improve the products we produce with the R&amp;D studies of the international patents we have received, we produce products that reduce the effectiveness of harmful substances in hookah, making the hookah culture harmless and more enjoyable.<\/p>\n<h3>Our products do not contain tobacco or nicotine!<\/h3>\n<p>Cannot be sold to persons under 18 years of age!<\/p>","protected":false},"excerpt":{"rendered":"<p class=\"translation-block\"><strong>LEMON MINT<\/strong> The meeting of the unique flavor obtained from the peels of the famous lamas lemons of the city of Mersin with mint. Feel the coolness and comfort inside you. Get ready for the provocative taste. Those who faint will sober up with this flavor. <strong>DISCOVER<\/strong> your favorite seductive hookah flavors of your dreams!<\/p>","protected":false},"featured_media":8417,"comment_status":"open","ping_status":"closed","template":"","meta":{"content-type":""},"product_brand":[],"product_cat":[28],"product_tag":[96,94,103,104,152,93,100,102,97,98,99,95],"class_list":{"0":"post-5118","1":"product","2":"type-product","3":"status-publish","4":"has-post-thumbnail","6":"product_cat-herbal-hookah-tanya-250gr","7":"product_tag-herbal-hookah-molasses","8":"product_tag-hookah","9":"product_tag-hookah-molasses","10":"product_tag-hookah-tobacco","11":"product_tag-nane-limon","12":"product_tag-nargile","13":"product_tag-nargile-aromasi","14":"product_tag-nargile-keyfi","15":"product_tag-nargile-melasi","16":"product_tag-nargile-tutunu","17":"product_tag-premium-nargile-melasi","18":"product_tag-shisha","20":"first","21":"instock","22":"virtual","23":"taxable","24":"product-type-simple"},"_links":{"self":[{"href":"https:\/\/tanyanargile.com.tr\/en\/wp-json\/wp\/v2\/product\/5118","targetHints":{"allow":["GET"]}}],"collection":[{"href":"https:\/\/tanyanargile.com.tr\/en\/wp-json\/wp\/v2\/product"}],"about":[{"href":"https:\/\/tanyanargile.com.tr\/en\/wp-json\/wp\/v2\/types\/product"}],"replies":[{"embeddable":true,"href":"https:\/\/tanyanargile.com.tr\/en\/wp-json\/wp\/v2\/comments?post=5118"}],"version-history":[{"count":0,"href":"https:\/\/tanyanargile.com.tr\/en\/wp-json\/wp\/v2\/product\/5118\/revisions"}],"wp:featuredmedia":[{"embeddable":true,"href":"https:\/\/tanyanargile.com.tr\/en\/wp-json\/wp\/v2\/media\/8417"}],"wp:attachment":[{"href":"https:\/\/tanyanargile.com.tr\/en\/wp-json\/wp\/v2\/media?parent=5118"}],"wp:term":[{"taxonomy":"product_brand","embeddable":true,"href":"https:\/\/tanyanargile.com.tr\/en\/wp-json\/wp\/v2\/product_brand?post=5118"},{"taxonomy":"product_cat","embeddable":true,"href":"https:\/\/tanyanargile.com.tr\/en\/wp-json\/wp\/v2\/product_cat?post=5118"},{"taxonomy":"product_tag","embeddable":true,"href":"https:\/\/tanyanargile.com.tr\/en\/wp-json\/wp\/v2\/product_tag?post=5118"}],"curies":[{"name":"wp","href":"https:\/\/api.w.org\/{rel}","templated":true}]}}