{"id":5155,"date":"2023-09-18T06:29:06","date_gmt":"2023-09-18T03:29:06","guid":{"rendered":"https:\/\/tanyanargile.com.tr\/?post_type=product&#038;p=5155"},"modified":"2024-11-02T18:23:17","modified_gmt":"2024-11-02T15:23:17","slug":"love-gummy-bear-250gr-hookah-molasses","status":"publish","type":"product","link":"https:\/\/tanyanargile.com.tr\/en\/love-gummy-bear-250gr-hookah-molasses\/","title":{"rendered":"LOVE GUMMY BEAR <br> Herbal Hookah Molasses 250Gr"},"content":{"rendered":"<h1>LOVE GUMMY BEAR Bitkisel Nargile Melas\u0131 250Gr<\/h1>\n<p> Your favorite seductive flavors of your dreams <strong>DISCOVER<\/strong>!<br \/>\nMuhte\u015fem Anasl\u0131 jelibona A\u015fk katt\u0131k. Jelibonu karpuz, \u00e7ilek ve sak\u0131za band\u0131rm\u0131\u015f gibi hissedece\u011finiz bu lezzeti keyfinize lay\u0131k olacak \u015fekilde sizin i\u00e7in form\u00fcle ettik.<\/p>\n<h3>Contents:<\/h3>\n<p> Watermelon, Strawberry, Gum, Pineapple, Candy Cane<\/h3>\n<h3>More Than What You&#039;re Looking For in Hookah<\/h3>\n<h3>International Standard and Quality<\/h3>\n<p>Our products offer rich Premium Natural Hookah Molasses, which are specially produced by formulating completely natural fruits with various flavors in accordance with the European Union and United States FDA norms.<br \/>\nTanya Nargile, the leader of the world hookah industry with the importance we attach to R&amp;D and innovation and the new product ranges we offer to the market, is rapidly progressing towards becoming a star brand in the world.<\/p>\n<h3>Years of Experience<\/h3>\n<p>We have become the address of those who create different hookah trends every year, with the power of being a pioneer in Turkey and the world with our superior experiences and superior experiences since 1996, and we have become the brand that is always followed by hookah consumers and the hookah industry.<br \/>\nIn order to improve the products we produce with the R&amp;D studies of the international patents we have received, we produce products that reduce the effectiveness of harmful substances in hookah, making the hookah culture harmless and more enjoyable.<\/p>\n<h3>Our products do not contain tobacco or nicotine!<br \/>\nCannot be sold to persons under 18 years of age!<\/h3>","protected":false},"excerpt":{"rendered":"<p class=\"translation-block\"><strong>LOVE GUMMY BEAR<\/strong> We added Love to the magnificent Anasl\u0131 jellybean. We have formulated this flavor that will make you feel like dipping the jelly in watermelon, strawberry and chewing gum for you to be worthy of your pleasure. <strong>DISCOVER<\/strong> your favorite seductive hookah flavors of your dreams!<\/p>","protected":false},"featured_media":8419,"comment_status":"open","ping_status":"closed","template":"","meta":{"content-type":""},"product_brand":[],"product_cat":[28],"product_tag":[96,94,103,104,188,93,100,102,97,98,99,95],"class_list":{"0":"post-5155","1":"product","2":"type-product","3":"status-publish","4":"has-post-thumbnail","6":"product_cat-herbal-hookah-tanya-250gr","7":"product_tag-herbal-hookah-molasses","8":"product_tag-hookah","9":"product_tag-hookah-molasses","10":"product_tag-hookah-tobacco","11":"product_tag-love-gummy-bear","12":"product_tag-nargile","13":"product_tag-nargile-aromasi","14":"product_tag-nargile-keyfi","15":"product_tag-nargile-melasi","16":"product_tag-nargile-tutunu","17":"product_tag-premium-nargile-melasi","18":"product_tag-shisha","20":"first","21":"instock","22":"virtual","23":"taxable","24":"product-type-simple"},"_links":{"self":[{"href":"https:\/\/tanyanargile.com.tr\/en\/wp-json\/wp\/v2\/product\/5155","targetHints":{"allow":["GET"]}}],"collection":[{"href":"https:\/\/tanyanargile.com.tr\/en\/wp-json\/wp\/v2\/product"}],"about":[{"href":"https:\/\/tanyanargile.com.tr\/en\/wp-json\/wp\/v2\/types\/product"}],"replies":[{"embeddable":true,"href":"https:\/\/tanyanargile.com.tr\/en\/wp-json\/wp\/v2\/comments?post=5155"}],"version-history":[{"count":0,"href":"https:\/\/tanyanargile.com.tr\/en\/wp-json\/wp\/v2\/product\/5155\/revisions"}],"wp:featuredmedia":[{"embeddable":true,"href":"https:\/\/tanyanargile.com.tr\/en\/wp-json\/wp\/v2\/media\/8419"}],"wp:attachment":[{"href":"https:\/\/tanyanargile.com.tr\/en\/wp-json\/wp\/v2\/media?parent=5155"}],"wp:term":[{"taxonomy":"product_brand","embeddable":true,"href":"https:\/\/tanyanargile.com.tr\/en\/wp-json\/wp\/v2\/product_brand?post=5155"},{"taxonomy":"product_cat","embeddable":true,"href":"https:\/\/tanyanargile.com.tr\/en\/wp-json\/wp\/v2\/product_cat?post=5155"},{"taxonomy":"product_tag","embeddable":true,"href":"https:\/\/tanyanargile.com.tr\/en\/wp-json\/wp\/v2\/product_tag?post=5155"}],"curies":[{"name":"wp","href":"https:\/\/api.w.org\/{rel}","templated":true}]}}