{"id":6272,"date":"2023-09-20T20:03:15","date_gmt":"2023-09-20T17:03:15","guid":{"rendered":"https:\/\/tanyanargile.com.tr\/?post_type=product&#038;p=6272"},"modified":"2024-11-02T18:08:38","modified_gmt":"2024-11-02T15:08:38","slug":"melloberry-50g-hookah-molasses","status":"publish","type":"product","link":"https:\/\/tanyanargile.com.tr\/en\/melloberry-50g-hookah-molasses\/","title":{"rendered":"MELLOBERRY<br> Herbal Hookah Molasses 50Gr"},"content":{"rendered":"<h1>MELLOBERRY Bitkisel Nargile Melas\u0131 50Gr.<\/h1>\n<p>Your favorite seductive flavors of your dreams <strong>DISCOVER<\/strong>!<\/p>\n<p>Open your doors to new excitements with the extra strengthened taste of Watermelon and Strawberry. You will be amazed by this powerful combination of Watermelon and Strawberry and you will rediscover the real Watermelon-Strawberry taste.<\/p>\n<h3>Contents:<\/h3>\n<p>Watermelon, Strawberry<\/p>\n<h3>More Than What You&#039;re Looking For in Hookah<\/h3>\n<h3>International Standard and Quality<\/h3>\n<p>Our products offer rich Premium Natural Hookah Molasses, which are specially produced by formulating completely natural fruits with various flavors in accordance with the European Union and United States FDA norms.<\/p>\n<p>Tanya Nargile, the leader of the world hookah industry with the importance we attach to R&amp;D and innovation and the new product ranges we offer to the market, is rapidly progressing towards becoming a star brand in the world.<\/p>\n<h3>Years of Experience<\/h3>\n<p>We have become the address of those who create different hookah trends every year, with the power of being a pioneer in Turkey and the world with our superior experiences and superior experiences since 1996, and we have become the brand that is always followed by hookah consumers and the hookah industry.<\/p>\n<p>In order to improve the products we produce with the R&amp;D studies of the international patents we have received, we produce products that reduce the effectiveness of harmful substances in hookah, making the hookah culture harmless and more enjoyable.<\/p>\n<h3>Our products do not contain tobacco or nicotine!<\/h3>\n<p>Cannot be sold to persons under 18 years of age!<\/p>\n<h4>100% Natural<\/h4>\n<p>It is made completely from 100% Natural Fruits!<\/p>\n<h4>Seductive Flavors<\/h4>\n<p>You will find your favorite tempting flavors of your dreams!<\/p>\n<h4>2 Hours of Super Performance<\/h4>\n<p>Intense Taste and High Performance are Guaranteed! You Will Be Surprised by the Intense Performance.<\/p>\n<h4>Extra Strong Flavor<\/h4>\n<p>Feel the incredibly strong flavor in the hookah until the last moment!<\/p>\n<h4>Sweet &amp; Fresh<\/h4>\n<p>You will be amazed by the dance of Extra Strong Sweet &amp; Fresh Flavors!<\/p>\n<h4>New Premium Packaging<\/h4>\n<p>Your favorite hookah flavors will never dry out!<\/p>\n<h4>Perfect Heat Management<\/h4>\n<p>It is 5 times more resistant to burning than normal tobacco due to the coal heat in the hookah!<\/p>\n<h4>International Standards<\/h4>\n<p>Production in accordance with European Union and United States FDA norms.<\/p>\n<h4>The World&#039;s Star Brand<\/h4>\n<p>It has become a World Brand with consecutive export championship awards in the Hookah Industry!<\/p>\n<h4>Export to 55 Countries<\/h4>\n<p>Benefit from Our Shipping Network Available to 55 Countries<\/p>\n<p>We Change The Taste Of The World! May you also have a share in the struggle we started with the slogan.<\/p>\n<h4>International Patented!<\/h4>\n<p>Being the first in the world, it was patented as Tobacco-Free and Nicotine-Free.<\/p>","protected":false},"excerpt":{"rendered":"<p><strong>MELLOBERRY <\/strong>Karpuz ve \u00c7ilek&#8217;in extra g\u00fc\u00e7lendirilmi\u015f lezzeti ile yeni heyecanlara kap\u0131lar\u0131n\u0131z\u0131 a\u00e7\u0131n. Karpuz ve \u00c7ilek&#8217;in bu g\u00fc\u00e7l\u00fc birlikteli\u011fine hayran kalacaks\u0131n\u0131z ve ger\u00e7ek Karpuz-\u00c7ilek lezettini yeniden ke\u015ffedeceksiniz. Hayalinizdeki en sevdi\u011finiz ba\u015ftan \u00e7\u0131kar\u0131c\u0131 nargile lezzetlerini <strong>DISCOVER!<\/strong><\/p>","protected":false},"featured_media":8201,"comment_status":"open","ping_status":"closed","template":"","meta":{"content-type":""},"product_brand":[],"product_cat":[25],"product_tag":[119,369,127,129,109,114,118,96,94,117,103,104,115,116,108,128,186,93,100,97,120,98,121,110,111,113,374,99,95,126,112,124,122,125,123],"class_list":{"0":"post-6272","1":"product","2":"type-product","3":"status-publish","4":"has-post-thumbnail","6":"product_cat-herbal-hookah-tanya-50gr","7":"product_tag-best-hookah-flavors","8":"product_tag-bitkisel-nargile-melasi","9":"product_tag-e-shisha","10":"product_tag-elektronik-sigara","11":"product_tag-herbal-hookah","12":"product_tag-herbal-hookah-brands","13":"product_tag-herbal-hookah-flavors","14":"product_tag-herbal-hookah-molasses","15":"product_tag-hookah","16":"product_tag-hookah-flavors","17":"product_tag-hookah-molasses","18":"product_tag-hookah-tobacco","19":"product_tag-hookah-tobacco-brands","20":"product_tag-hookah-tobacco-flavor","21":"product_tag-how-to-make-hookah-molasses","22":"product_tag-likit","23":"product_tag-melloberry","24":"product_tag-nargile","25":"product_tag-nargile-aromasi","26":"product_tag-nargile-melasi","27":"product_tag-nargile-nasil-hazirlanir","28":"product_tag-nargile-tutunu","29":"product_tag-nargile-yapimi","30":"product_tag-natural-hookah","31":"product_tag-natural-hookah-molasses","32":"product_tag-nicotine-free-hookah","33":"product_tag-nikotinsiz-nargile","34":"product_tag-premium-nargile-melasi","35":"product_tag-shisha","36":"product_tag-shisha-bar","37":"product_tag-tobacco-free-hookah","38":"product_tag-124","39":"product_tag-122","40":"product_tag-125","41":"product_tag-123","43":"first","44":"instock","45":"virtual","46":"taxable","47":"product-type-simple"},"_links":{"self":[{"href":"https:\/\/tanyanargile.com.tr\/en\/wp-json\/wp\/v2\/product\/6272","targetHints":{"allow":["GET"]}}],"collection":[{"href":"https:\/\/tanyanargile.com.tr\/en\/wp-json\/wp\/v2\/product"}],"about":[{"href":"https:\/\/tanyanargile.com.tr\/en\/wp-json\/wp\/v2\/types\/product"}],"replies":[{"embeddable":true,"href":"https:\/\/tanyanargile.com.tr\/en\/wp-json\/wp\/v2\/comments?post=6272"}],"version-history":[{"count":0,"href":"https:\/\/tanyanargile.com.tr\/en\/wp-json\/wp\/v2\/product\/6272\/revisions"}],"wp:featuredmedia":[{"embeddable":true,"href":"https:\/\/tanyanargile.com.tr\/en\/wp-json\/wp\/v2\/media\/8201"}],"wp:attachment":[{"href":"https:\/\/tanyanargile.com.tr\/en\/wp-json\/wp\/v2\/media?parent=6272"}],"wp:term":[{"taxonomy":"product_brand","embeddable":true,"href":"https:\/\/tanyanargile.com.tr\/en\/wp-json\/wp\/v2\/product_brand?post=6272"},{"taxonomy":"product_cat","embeddable":true,"href":"https:\/\/tanyanargile.com.tr\/en\/wp-json\/wp\/v2\/product_cat?post=6272"},{"taxonomy":"product_tag","embeddable":true,"href":"https:\/\/tanyanargile.com.tr\/en\/wp-json\/wp\/v2\/product_tag?post=6272"}],"curies":[{"name":"wp","href":"https:\/\/api.w.org\/{rel}","templated":true}]}}