{"id":9796,"date":"2023-10-09T22:29:03","date_gmt":"2023-10-09T19:29:03","guid":{"rendered":"https:\/\/tanyanargile.com.tr\/?post_type=product&#038;p=9796"},"modified":"2024-11-02T17:48:32","modified_gmt":"2024-11-02T14:48:32","slug":"grape-hookah-molasses-100gr","status":"publish","type":"product","link":"https:\/\/tanyanargile.com.tr\/en\/grape-hookah-molasses-100gr\/","title":{"rendered":"GRAPE<br> Hookah Molasses 100Gr"},"content":{"rendered":"<h1>\u00dcZ\u00dcM Bitkisel Nargile Melas\u0131 100Gr.<\/h1>\n<p>Your favorite seductive flavors of your dreams <strong>DISCOVER<\/strong>!<br \/>\nWe have specially formulated the tart, enveloping, enchanting scent obtained from Black Papazkaras\u0131 grapes specifically for you. This flavor will fascinate your palate for a long time.<\/p>\n<h3>Contents:<\/h3>\n<p>Black Grapes<\/p>\n<h3>More Than What You&#039;re Looking For in Hookah<\/h3>\n<h3>International Standard and Quality<\/h3>\n<p>Our products offer rich Premium Natural Hookah Molasses, which are specially produced by formulating completely natural fruits with various flavors in accordance with the European Union and United States FDA norms.<br \/>\nTanya Nargile, the leader of the world hookah industry with the importance we attach to R&amp;D and innovation and the new product ranges we offer to the market, is rapidly progressing towards becoming a star brand in the world.<\/p>\n<h3>Years of Experience<\/h3>\n<p>We have become the address of those who create different hookah trends every year, with the power of being a pioneer in Turkey and the world with our superior experiences and superior experiences since 1996, and we have become the brand that is always followed by hookah consumers and the hookah industry.<br \/>\nIn order to improve the products we produce with the R&amp;D studies of the international patents we have received, we produce products that reduce the effectiveness of harmful substances in hookah, making the hookah culture harmless and more enjoyable.<\/p>\n<h3>Our products do not contain tobacco or nicotine!<br \/>\nCannot be sold to persons under 18 years of age!<\/h3>","protected":false},"excerpt":{"rendered":"<p class=\"translation-block\"><strong>GRAPE<\/strong> We specially formulated for you the sour and enchanting scent that surrounds you, obtained from Black Papazkaras\u0131 grapes. This flavor will create admiration in your palate for a long time. <strong>DISCOVER<\/strong> your favorite seductive hookah flavors of your dreams!<\/p>","protected":false},"featured_media":9533,"comment_status":"open","ping_status":"closed","template":"","meta":{"content-type":""},"product_brand":[],"product_cat":[26],"product_tag":[119,127,129,109,114,118,96,94,117,103,104,115,116,108,128,93,100,102,97,120,98,121,110,111,113,99,95,126,112,141,124,122,125,123],"class_list":{"0":"post-9796","1":"product","2":"type-product","3":"status-publish","4":"has-post-thumbnail","6":"product_cat-herbal-hookah-tanya-100gr","7":"product_tag-best-hookah-flavors","8":"product_tag-e-shisha","9":"product_tag-elektronik-sigara","10":"product_tag-herbal-hookah","11":"product_tag-herbal-hookah-brands","12":"product_tag-herbal-hookah-flavors","13":"product_tag-herbal-hookah-molasses","14":"product_tag-hookah","15":"product_tag-hookah-flavors","16":"product_tag-hookah-molasses","17":"product_tag-hookah-tobacco","18":"product_tag-hookah-tobacco-brands","19":"product_tag-hookah-tobacco-flavor","20":"product_tag-how-to-make-hookah-molasses","21":"product_tag-likit","22":"product_tag-nargile","23":"product_tag-nargile-aromasi","24":"product_tag-nargile-keyfi","25":"product_tag-nargile-melasi","26":"product_tag-nargile-nasil-hazirlanir","27":"product_tag-nargile-tutunu","28":"product_tag-nargile-yapimi","29":"product_tag-natural-hookah","30":"product_tag-natural-hookah-molasses","31":"product_tag-nicotine-free-hookah","32":"product_tag-premium-nargile-melasi","33":"product_tag-shisha","34":"product_tag-shisha-bar","35":"product_tag-tobacco-free-hookah","36":"product_tag-uzum","37":"product_tag-124","38":"product_tag-122","39":"product_tag-125","40":"product_tag-123","42":"first","43":"instock","44":"virtual","45":"taxable","46":"product-type-simple"},"_links":{"self":[{"href":"https:\/\/tanyanargile.com.tr\/en\/wp-json\/wp\/v2\/product\/9796","targetHints":{"allow":["GET"]}}],"collection":[{"href":"https:\/\/tanyanargile.com.tr\/en\/wp-json\/wp\/v2\/product"}],"about":[{"href":"https:\/\/tanyanargile.com.tr\/en\/wp-json\/wp\/v2\/types\/product"}],"replies":[{"embeddable":true,"href":"https:\/\/tanyanargile.com.tr\/en\/wp-json\/wp\/v2\/comments?post=9796"}],"version-history":[{"count":0,"href":"https:\/\/tanyanargile.com.tr\/en\/wp-json\/wp\/v2\/product\/9796\/revisions"}],"wp:featuredmedia":[{"embeddable":true,"href":"https:\/\/tanyanargile.com.tr\/en\/wp-json\/wp\/v2\/media\/9533"}],"wp:attachment":[{"href":"https:\/\/tanyanargile.com.tr\/en\/wp-json\/wp\/v2\/media?parent=9796"}],"wp:term":[{"taxonomy":"product_brand","embeddable":true,"href":"https:\/\/tanyanargile.com.tr\/en\/wp-json\/wp\/v2\/product_brand?post=9796"},{"taxonomy":"product_cat","embeddable":true,"href":"https:\/\/tanyanargile.com.tr\/en\/wp-json\/wp\/v2\/product_cat?post=9796"},{"taxonomy":"product_tag","embeddable":true,"href":"https:\/\/tanyanargile.com.tr\/en\/wp-json\/wp\/v2\/product_tag?post=9796"}],"curies":[{"name":"wp","href":"https:\/\/api.w.org\/{rel}","templated":true}]}}