{"id":11863,"date":"2024-04-25T15:20:04","date_gmt":"2024-04-25T12:20:04","guid":{"rendered":"https:\/\/tanyanargile.com.tr\/urun\/elma-karpuz-nargile-melasi-125gr\/"},"modified":"2024-11-02T17:43:31","modified_gmt":"2024-11-02T14:43:31","slug":"melaza-de-manzana-sandia-y-cachimba-125gr","status":"publish","type":"product","link":"https:\/\/tanyanargile.com.tr\/es\/melaza-de-manzana-sandia-y-cachimba-125gr\/","title":{"rendered":"MANZANA SAND\u00cdA <br> Melaza Para Cachimba 125Gr."},"content":{"rendered":"<h1>ELMA KARPUZ 125Gr. Bitkisel Nargile Melas\u0131<\/h1>\n<p> Tus sabores seductores favoritos de tus sue\u00f1os. <strong>DESCUBRIR<\/strong>!<br \/>\nYaz aylar\u0131n\u0131n vazge\u00e7ilmez so\u011fuk meyvesi olan Karpuz&#8217;un muhte\u015fem tad\u0131na Elma ferahl\u0131\u011f\u0131 ekleyerek sizin i\u00e7in form\u00fcle ettik. A\u011fz\u0131n\u0131z\u0131 suland\u0131racak bu lezzet, dama\u011f\u0131n\u0131zdan uzun s\u00fcre silinmeyecek.<\/p>\n<h3>Contenido:<\/h3>\n<p> Ye\u015fil Elma,  karpuz<\/h3>\n<h3>M\u00e1s de lo que buscas en Hookah<\/h3>\n<h3>Est\u00e1ndar y calidad internacionales<\/h3>\n<p>Nuestros productos ofrecen ricas Melazas Naturales Premium para Hookah, las cuales se producen especialmente formulando frutas completamente naturales con varios sabores de acuerdo con las normas FDA de la Uni\u00f3n Europea y Estados Unidos.<br \/>\nTanya Nargile, l\u00edder de la industria mundial de la cachimba con la importancia que damos a la I+D y la innovaci\u00f3n y a las nuevas gamas de productos que ofrecemos al mercado, est\u00e1 avanzando r\u00e1pidamente hacia convertirse en una marca estrella en el mundo.<\/p>\n<h3>a\u00f1os de experiencia<\/h3>\n<p>Nos hemos convertido en la direcci\u00f3n de quienes crean diferentes tendencias de cachimba cada a\u00f1o, con el poder de ser pioneros en Turqu\u00eda y el mundo con nuestras experiencias superiores y experiencias superiores desde 1996, y nos hemos convertido en la marca que siempre siguen los consumidores de cachimba. y la industria de la cachimba.<br \/>\nPara mejorar los productos que producimos con los estudios de I+D de las patentes internacionales que hemos recibido, producimos productos que reducen la eficacia de las sustancias nocivas en la cachimba, haciendo que la cultura de la cachimba sea inofensiva y m\u00e1s agradable.<\/p>\n<h3>\u00a1Nuestros productos no contienen tabaco ni nicotina!<br \/>\n\u00a1No se puede vender a menores de 18 a\u00f1os!<\/h3>\n<h4>T\u00fct\u00fcns\u00fcz &amp; Nikotinsiz<\/h4>\n<p>\u00a1No existen ingredientes nocivos como tabaco, nicotina, alquitr\u00e1n, etc. que causen c\u00e1ncer!<\/p>\n<h4>100%Natural<\/h4>\n<p>\u00a1Hecho enteramente de Frutas Naturales 100%!<\/p>\n<h4>Sabores seductores<\/h4>\n<p>\u00a1Encontrar\u00e1s los tentadores sabores favoritos de tus sue\u00f1os!<\/p>\n<h4>2 horas de s\u00faper rendimiento<\/h4>\n<p>\u00a1Sabor intenso y alto rendimiento garantizados! Te sorprender\u00e1 la intensa actuaci\u00f3n.<\/p>\n<h4>Aroma extrafuerte<\/h4>\n<p>\u00a1Siente el incre\u00edblemente fuerte aroma de la cachimba hasta el \u00faltimo momento!<\/p>\n<h4>Tatl\u0131 &amp; Fresh<\/h4>\n<p>Extra G\u00fc\u00e7l\u00fc Tatl\u0131 &amp; Fresh Tatlar\u0131n dans\u0131na hayran olacaks\u0131n\u0131z!<\/p>\n<h4>Nuevo embalaje premium<\/h4>\n<p>\u00a1Tus sabores de narguile favoritos nunca se agotar\u00e1n!<\/p>\n<h4>Excelente gesti\u00f3n t\u00e9rmica<\/h4>\n<p>\u00a1Es 5 veces m\u00e1s resistente a la quema que el tabaco normal debido al calor del carb\u00f3n en la cachimba!<\/p>\n<h4>Est\u00e1ndares internacionales<\/h4>\n<p>Producci\u00f3n de acuerdo con las normas FDA de la Uni\u00f3n Europea y Estados Unidos.<\/p>\n<h4>D\u00fcnya&#8217;n\u0131n Y\u0131ld\u0131zla\u015fan Markas\u0131<\/h4>\n<p>Nargile Sekt\u00f6r\u00fc&#8217;nde art artda al\u0131nan ihracat \u015fampiyonluk \u00f6d\u00fclleri ile D\u00fcnya Markas\u0131 haline gelmi\u015ftir!<\/p>\n<h4>Exportar a 55 pa\u00edses<\/h4>\n<p>Benef\u00edciese de nuestra red de env\u00edos disponible a 55 pa\u00edses<br \/>\n\u00a1Estamos cambiando el sabor del mundo! Que t\u00fa tambi\u00e9n participes en la lucha que iniciamos con la consigna.<\/p>\n<h4>\u00a1Est\u00e1 patentado internacionalmente!<\/h4>\n<p>Siendo el primero en el mundo, fue patentado como Sin Tabaco y Sin Nicotina.<\/p>","protected":false},"excerpt":{"rendered":"<p><strong>MANZANA SAND\u00cdA <\/strong>Yaz aylar\u0131n\u0131n vazge\u00e7ilmez so\u011fuk meyvesi olan Karpuz&#8217;un muhte\u015fem tad\u0131na Elma ferahl\u0131\u011f\u0131 ekleyerek sizin i\u00e7in form\u00fcle ettik. A\u011fz\u0131n\u0131z\u0131 suland\u0131racak bu lezzet, dama\u011f\u0131n\u0131zdan uzun s\u00fcre silinmeyecek. Hayalinizdeki en sevdi\u011finiz ba\u015ftan \u00e7\u0131kar\u0131c\u0131 nargile lezzetlerini <strong>\u00a1DESCUBRIR!<\/strong><\/p>","protected":false},"featured_media":11618,"comment_status":"open","ping_status":"closed","template":"","meta":{"content-type":""},"product_brand":[],"product_cat":[27],"product_tag":[369,169,118,96,368,367,94,103,104,93,100,102,97,98,99,95],"class_list":{"0":"post-11863","1":"product","2":"type-product","3":"status-publish","4":"has-post-thumbnail","6":"product_cat-herbal-hookah-tanya-125gr","7":"product_tag-bitkisel-nargile-melasi","8":"product_tag-elma-karpuz","9":"product_tag-herbal-hookah-flavors","10":"product_tag-herbal-hookah-molasses","11":"product_tag-herbal-shisha-flavors","12":"product_tag-herbal-shisha-molasses","13":"product_tag-hookah","14":"product_tag-hookah-molasses","15":"product_tag-hookah-tobacco","16":"product_tag-nargile","17":"product_tag-nargile-aromasi","18":"product_tag-nargile-keyfi","19":"product_tag-nargile-melasi","20":"product_tag-nargile-tutunu","21":"product_tag-premium-nargile-melasi","22":"product_tag-shisha","24":"first","25":"instock","26":"virtual","27":"taxable","28":"product-type-simple"},"_links":{"self":[{"href":"https:\/\/tanyanargile.com.tr\/es\/wp-json\/wp\/v2\/product\/11863","targetHints":{"allow":["GET"]}}],"collection":[{"href":"https:\/\/tanyanargile.com.tr\/es\/wp-json\/wp\/v2\/product"}],"about":[{"href":"https:\/\/tanyanargile.com.tr\/es\/wp-json\/wp\/v2\/types\/product"}],"replies":[{"embeddable":true,"href":"https:\/\/tanyanargile.com.tr\/es\/wp-json\/wp\/v2\/comments?post=11863"}],"version-history":[{"count":0,"href":"https:\/\/tanyanargile.com.tr\/es\/wp-json\/wp\/v2\/product\/11863\/revisions"}],"wp:featuredmedia":[{"embeddable":true,"href":"https:\/\/tanyanargile.com.tr\/es\/wp-json\/wp\/v2\/media\/11618"}],"wp:attachment":[{"href":"https:\/\/tanyanargile.com.tr\/es\/wp-json\/wp\/v2\/media?parent=11863"}],"wp:term":[{"taxonomy":"product_brand","embeddable":true,"href":"https:\/\/tanyanargile.com.tr\/es\/wp-json\/wp\/v2\/product_brand?post=11863"},{"taxonomy":"product_cat","embeddable":true,"href":"https:\/\/tanyanargile.com.tr\/es\/wp-json\/wp\/v2\/product_cat?post=11863"},{"taxonomy":"product_tag","embeddable":true,"href":"https:\/\/tanyanargile.com.tr\/es\/wp-json\/wp\/v2\/product_tag?post=11863"}],"curies":[{"name":"wp","href":"https:\/\/api.w.org\/{rel}","templated":true}]}}