{"id":5183,"date":"2023-09-18T06:29:08","date_gmt":"2023-09-18T03:29:08","guid":{"rendered":"https:\/\/tanyanargile.com.tr\/?post_type=product&#038;p=5183"},"modified":"2024-11-02T18:18:31","modified_gmt":"2024-11-02T15:18:31","slug":"melaza-para-cachimba-big-boss-250gr","status":"publish","type":"product","link":"https:\/\/tanyanargile.com.tr\/es\/melaza-para-cachimba-big-boss-250gr\/","title":{"rendered":"GRAN JEFE <br> Melaza Para Cachimba 250Gr"},"content":{"rendered":"<h1>BIG BOSS Bitkisel Nargile Melas\u0131 250Gr<\/h1>\n<p> Tus sabores seductores favoritos de tus sue\u00f1os. <strong>DESCUBRIR<\/strong>!<\/p>\n<h3>Contenido:<\/h3>\n<p> Kapu\u00e7ino,  viski, ice<\/h3>\n<h3>M\u00e1s de lo que buscas en Hookah<\/h3>\n<h3>Est\u00e1ndar y calidad internacionales<\/h3>\n<p>Nuestros productos ofrecen ricas Melazas Naturales Premium para Hookah, las cuales se producen especialmente formulando frutas completamente naturales con varios sabores de acuerdo con las normas FDA de la Uni\u00f3n Europea y Estados Unidos.<br \/>\nTanya Nargile, l\u00edder de la industria mundial de la cachimba con la importancia que damos a la I+D y la innovaci\u00f3n y a las nuevas gamas de productos que ofrecemos al mercado, est\u00e1 avanzando r\u00e1pidamente hacia convertirse en una marca estrella en el mundo.<\/p>\n<h3>a\u00f1os de experiencia<\/h3>\n<p>Nos hemos convertido en la direcci\u00f3n de quienes crean diferentes tendencias de cachimba cada a\u00f1o, con el poder de ser pioneros en Turqu\u00eda y el mundo con nuestras experiencias superiores y experiencias superiores desde 1996, y nos hemos convertido en la marca que siempre siguen los consumidores de cachimba. y la industria de la cachimba.<br \/>\nPara mejorar los productos que producimos con los estudios de I+D de las patentes internacionales que hemos recibido, producimos productos que reducen la eficacia de las sustancias nocivas en la cachimba, haciendo que la cultura de la cachimba sea inofensiva y m\u00e1s agradable.<\/p>\n<h3>\u00a1Nuestros productos no contienen tabaco ni nicotina!<br \/>\n\u00a1No se puede vender a menores de 18 a\u00f1os!<\/h3>","protected":false},"excerpt":{"rendered":"<p class=\"translation-block\"><strong>BIG BOSS<\/strong> <strong>\u00a1DESCUBRE los seductores sabores de cachimba favoritos de tus sue\u00f1os!<\/strong><\/p>","protected":false},"featured_media":8333,"comment_status":"open","ping_status":"closed","template":"","meta":{"content-type":""},"product_brand":[],"product_cat":[28],"product_tag":[216,96,94,103,104,93,100,102,97,98,99,95],"class_list":{"0":"post-5183","1":"product","2":"type-product","3":"status-publish","4":"has-post-thumbnail","6":"product_cat-herbal-hookah-tanya-250gr","7":"product_tag-big-boss","8":"product_tag-herbal-hookah-molasses","9":"product_tag-hookah","10":"product_tag-hookah-molasses","11":"product_tag-hookah-tobacco","12":"product_tag-nargile","13":"product_tag-nargile-aromasi","14":"product_tag-nargile-keyfi","15":"product_tag-nargile-melasi","16":"product_tag-nargile-tutunu","17":"product_tag-premium-nargile-melasi","18":"product_tag-shisha","20":"first","21":"instock","22":"virtual","23":"taxable","24":"product-type-simple"},"_links":{"self":[{"href":"https:\/\/tanyanargile.com.tr\/es\/wp-json\/wp\/v2\/product\/5183","targetHints":{"allow":["GET"]}}],"collection":[{"href":"https:\/\/tanyanargile.com.tr\/es\/wp-json\/wp\/v2\/product"}],"about":[{"href":"https:\/\/tanyanargile.com.tr\/es\/wp-json\/wp\/v2\/types\/product"}],"replies":[{"embeddable":true,"href":"https:\/\/tanyanargile.com.tr\/es\/wp-json\/wp\/v2\/comments?post=5183"}],"version-history":[{"count":0,"href":"https:\/\/tanyanargile.com.tr\/es\/wp-json\/wp\/v2\/product\/5183\/revisions"}],"wp:featuredmedia":[{"embeddable":true,"href":"https:\/\/tanyanargile.com.tr\/es\/wp-json\/wp\/v2\/media\/8333"}],"wp:attachment":[{"href":"https:\/\/tanyanargile.com.tr\/es\/wp-json\/wp\/v2\/media?parent=5183"}],"wp:term":[{"taxonomy":"product_brand","embeddable":true,"href":"https:\/\/tanyanargile.com.tr\/es\/wp-json\/wp\/v2\/product_brand?post=5183"},{"taxonomy":"product_cat","embeddable":true,"href":"https:\/\/tanyanargile.com.tr\/es\/wp-json\/wp\/v2\/product_cat?post=5183"},{"taxonomy":"product_tag","embeddable":true,"href":"https:\/\/tanyanargile.com.tr\/es\/wp-json\/wp\/v2\/product_tag?post=5183"}],"curies":[{"name":"wp","href":"https:\/\/api.w.org\/{rel}","templated":true}]}}