{"id":6186,"date":"2023-09-20T20:02:25","date_gmt":"2023-09-20T17:02:25","guid":{"rendered":"https:\/\/tanyanargile.com.tr\/?post_type=product&#038;p=6186"},"modified":"2024-11-02T18:18:19","modified_gmt":"2024-11-02T15:18:19","slug":"pina-50-g-de-melaza-para-cachimba","status":"publish","type":"product","link":"https:\/\/tanyanargile.com.tr\/es\/pina-50-g-de-melaza-para-cachimba\/","title":{"rendered":"PI\u00d1A<br> Melaza De Hierbas Para Cachimba 50Gr"},"content":{"rendered":"<h1>ANANAS Bitkisel Nargile Melas\u0131 50Gr.<\/h1>\n<p>Tus sabores seductores favoritos de tus sue\u00f1os. <strong>DESCUBRIR<\/strong>!<\/p>\n<p>G\u00fc\u00e7l\u00fc ve Tatl\u0131 lezzetiyle dama\u011f\u0131n\u0131zda tropikal bir iklim yaratacak olan Ananas&#8217;\u0131 sizin i\u00e7in \u00f6zel olarak form\u00fcle ettik, keskin ve g\u00fc\u00e7l\u00fc bir aromaya d\u00f6n\u00fc\u015ft\u00fcrd\u00fck.<\/p>\n<h3>Contenido:<\/h3>\n<p>Pi\u00f1a<\/p>\n<h3>M\u00e1s de lo que buscas en Hookah<\/h3>\n<h3>Est\u00e1ndar y calidad internacionales<\/h3>\n<p>Nuestros productos ofrecen ricas Melazas Naturales Premium para Hookah, las cuales se producen especialmente formulando frutas completamente naturales con varios sabores de acuerdo con las normas FDA de la Uni\u00f3n Europea y Estados Unidos.<\/p>\n<p>Tanya Nargile, l\u00edder de la industria mundial de la cachimba con la importancia que damos a la I+D y la innovaci\u00f3n y a las nuevas gamas de productos que ofrecemos al mercado, est\u00e1 avanzando r\u00e1pidamente hacia convertirse en una marca estrella en el mundo.<\/p>\n<h3>a\u00f1os de experiencia<\/h3>\n<p>Nos hemos convertido en la direcci\u00f3n de quienes crean diferentes tendencias de cachimba cada a\u00f1o, con el poder de ser pioneros en Turqu\u00eda y el mundo con nuestras experiencias superiores y experiencias superiores desde 1996, y nos hemos convertido en la marca que siempre siguen los consumidores de cachimba. y la industria de la cachimba.<\/p>\n<p>Para mejorar los productos que producimos con los estudios de I+D de las patentes internacionales que hemos recibido, producimos productos que reducen la eficacia de las sustancias nocivas en la cachimba, haciendo que la cultura de la cachimba sea inofensiva y m\u00e1s agradable.<\/p>\n<h3>\u00a1Nuestros productos no contienen tabaco ni nicotina!<\/h3>\n<p>\u00a1No se puede vender a menores de 18 a\u00f1os!<\/p>\n<h4>100%Natural<\/h4>\n<p>\u00a1Hecho enteramente de Frutas Naturales 100%!<\/p>\n<h4>Sabores seductores<\/h4>\n<p>\u00a1Encontrar\u00e1s los tentadores sabores favoritos de tus sue\u00f1os!<\/p>\n<h4>2 horas de s\u00faper rendimiento<\/h4>\n<p>\u00a1Sabor intenso y alto rendimiento garantizados! Te sorprender\u00e1 la intensa actuaci\u00f3n.<\/p>\n<h4>Aroma extrafuerte<\/h4>\n<p>\u00a1Siente el incre\u00edblemente fuerte aroma de la cachimba hasta el \u00faltimo momento!<\/p>\n<h4>Tatl\u0131 &amp; Fresh<\/h4>\n<p>Extra G\u00fc\u00e7l\u00fc Tatl\u0131 &amp; Fresh Tatlar\u0131n dans\u0131na hayran olacaks\u0131n\u0131z!<\/p>\n<h4>Nuevo embalaje premium<\/h4>\n<p>\u00a1Tus sabores de narguile favoritos nunca se agotar\u00e1n!<\/p>\n<h4>Excelente gesti\u00f3n t\u00e9rmica<\/h4>\n<p>\u00a1Es 5 veces m\u00e1s resistente a la quema que el tabaco normal debido al calor del carb\u00f3n en la cachimba!<\/p>\n<h4>Est\u00e1ndares internacionales<\/h4>\n<p>Producci\u00f3n de acuerdo con las normas FDA de la Uni\u00f3n Europea y Estados Unidos.<\/p>\n<h4>D\u00fcnya&#8217;n\u0131n Y\u0131ld\u0131zla\u015fan Markas\u0131<\/h4>\n<p>Nargile Sekt\u00f6r\u00fc&#8217;nde art artda al\u0131nan ihracat \u015fampiyonluk \u00f6d\u00fclleri ile D\u00fcnya Markas\u0131 haline gelmi\u015ftir!<\/p>\n<h4>Exportar a 55 pa\u00edses<\/h4>\n<p>Benef\u00edciese de nuestra red de env\u00edos disponible a 55 pa\u00edses<\/p>\n<p>\u00a1Estamos cambiando el sabor del mundo! Que t\u00fa tambi\u00e9n participes en la lucha que iniciamos con la consigna.<\/p>\n<h4>\u00a1Est\u00e1 patentado internacionalmente!<\/h4>\n<p>Siendo el primero en el mundo, fue patentado como Sin Tabaco y Sin Nicotina.<\/p>","protected":false},"excerpt":{"rendered":"<p><strong>PI\u00d1A <\/strong>G\u00fc\u00e7l\u00fc ve Tatl\u0131 lezzetiyle dama\u011f\u0131n\u0131zda tropikal bir iklim yaratacak olan Ananas&#8217;\u0131 sizin i\u00e7in \u00f6zel olarak form\u00fcle ettik, keskin ve g\u00fc\u00e7l\u00fc bir aromaya d\u00f6n\u00fc\u015ft\u00fcrd\u00fck. Hayalinizdeki en sevdi\u011finiz ba\u015ftan \u00e7\u0131kar\u0131c\u0131 nargile lezzetlerini <strong>\u00a1DESCUBRIR!<\/strong><\/p>","protected":false},"featured_media":8234,"comment_status":"open","ping_status":"closed","template":"","meta":{"content-type":""},"product_brand":[],"product_cat":[25],"product_tag":[140,119,369,127,129,109,114,118,96,94,117,103,104,115,116,108,128,93,100,97,120,98,121,110,111,113,374,375,99,95,126,112,124,122,125,123],"class_list":{"0":"post-6186","1":"product","2":"type-product","3":"status-publish","4":"has-post-thumbnail","6":"product_cat-herbal-hookah-tanya-50gr","7":"product_tag-ananas","8":"product_tag-best-hookah-flavors","9":"product_tag-bitkisel-nargile-melasi","10":"product_tag-e-shisha","11":"product_tag-elektronik-sigara","12":"product_tag-herbal-hookah","13":"product_tag-herbal-hookah-brands","14":"product_tag-herbal-hookah-flavors","15":"product_tag-herbal-hookah-molasses","16":"product_tag-hookah","17":"product_tag-hookah-flavors","18":"product_tag-hookah-molasses","19":"product_tag-hookah-tobacco","20":"product_tag-hookah-tobacco-brands","21":"product_tag-hookah-tobacco-flavor","22":"product_tag-how-to-make-hookah-molasses","23":"product_tag-likit","24":"product_tag-nargile","25":"product_tag-nargile-aromasi","26":"product_tag-nargile-melasi","27":"product_tag-nargile-nasil-hazirlanir","28":"product_tag-nargile-tutunu","29":"product_tag-nargile-yapimi","30":"product_tag-natural-hookah","31":"product_tag-natural-hookah-molasses","32":"product_tag-nicotine-free-hookah","33":"product_tag-nikotinsiz-nargile","34":"product_tag-pineapple","35":"product_tag-premium-nargile-melasi","36":"product_tag-shisha","37":"product_tag-shisha-bar","38":"product_tag-tobacco-free-hookah","39":"product_tag-124","40":"product_tag-122","41":"product_tag-125","42":"product_tag-123","44":"first","45":"instock","46":"virtual","47":"taxable","48":"product-type-simple"},"_links":{"self":[{"href":"https:\/\/tanyanargile.com.tr\/es\/wp-json\/wp\/v2\/product\/6186","targetHints":{"allow":["GET"]}}],"collection":[{"href":"https:\/\/tanyanargile.com.tr\/es\/wp-json\/wp\/v2\/product"}],"about":[{"href":"https:\/\/tanyanargile.com.tr\/es\/wp-json\/wp\/v2\/types\/product"}],"replies":[{"embeddable":true,"href":"https:\/\/tanyanargile.com.tr\/es\/wp-json\/wp\/v2\/comments?post=6186"}],"version-history":[{"count":0,"href":"https:\/\/tanyanargile.com.tr\/es\/wp-json\/wp\/v2\/product\/6186\/revisions"}],"wp:featuredmedia":[{"embeddable":true,"href":"https:\/\/tanyanargile.com.tr\/es\/wp-json\/wp\/v2\/media\/8234"}],"wp:attachment":[{"href":"https:\/\/tanyanargile.com.tr\/es\/wp-json\/wp\/v2\/media?parent=6186"}],"wp:term":[{"taxonomy":"product_brand","embeddable":true,"href":"https:\/\/tanyanargile.com.tr\/es\/wp-json\/wp\/v2\/product_brand?post=6186"},{"taxonomy":"product_cat","embeddable":true,"href":"https:\/\/tanyanargile.com.tr\/es\/wp-json\/wp\/v2\/product_cat?post=6186"},{"taxonomy":"product_tag","embeddable":true,"href":"https:\/\/tanyanargile.com.tr\/es\/wp-json\/wp\/v2\/product_tag?post=6186"}],"curies":[{"name":"wp","href":"https:\/\/api.w.org\/{rel}","templated":true}]}}