{"id":6641,"date":"2023-09-24T01:49:52","date_gmt":"2023-09-23T22:49:52","guid":{"rendered":"https:\/\/tanyanargile.com.tr\/?post_type=product&#038;p=6641"},"modified":"2024-11-02T18:03:18","modified_gmt":"2024-11-02T15:03:18","slug":"aroma-extra-liquido-de-frutas-mixtas-60ml","status":"publish","type":"product","link":"https:\/\/tanyanargile.com.tr\/es\/aroma-extra-liquido-de-frutas-mixtas-60ml\/","title":{"rendered":"FRUTA MEZCLADA <br> Aroma Extra L\u00edquido 60ml"},"content":{"rendered":"<h1>MEZCLA DE FRUTAS Aroma Extra L\u00edquido 60ml<\/h1>\n<p>Disfruta de los seductores sabores de Aroma Extra L\u00edquido favoritos de tus sue\u00f1os. <strong>DESCUBRIR<\/strong>!<\/p>\n<p>\u00bfC\u00f3mo es posible dar sentido a un mundo entero con s\u00f3lo tocarlo? Imagina hacer bailar las magn\u00edficas frutas con tus manos... Hemos formulado especialmente este sabor para ti, donde vivir\u00e1s el carnaval de las frutas. <strong>Contenido:<\/strong> Pl\u00e1tano, Fresa, Pi\u00f1a, Uva, Naranja<\/p>\n<h2><b>M\u00e1s que aroma<\/b><\/h2>\n<h3>Amplia gama de posibilidades de uso para usar en cualquier \u00e1rea que desee<\/h3>\n<p><b>Sabor Tanya Extra L\u00edquido<\/b>Puedes usarlo en cualquier \u00e1rea que desees con tranquilidad. Podr\u00e1s utilizarlo en Cachimbas, Inciensos, Todo Tipo de Dispositivos Electr\u00f3nicos de Vapor, Espect\u00e1culos de Efecto Niebla-Humo en Disco-Bar-Concierto, Ambientadores de Habitaciones-Coches y en muchos otros \u00e1mbitos que no podemos contar.<\/p>\n<p><strong>Usar: <\/strong>10ml en mezclas para cachimba. Se recomienda aplicar como.<\/p>\n<p>A\u00f1ade 10ml al agua de la cachimba para aumentar la intensidad del aroma, el humo y el sabor. Se recomienda utilizarlo mezclando.<\/p>\n<h3>Est\u00e1ndar y calidad internacionales<\/h3>\n<p>Nuestros productos, <strong>uni\u00f3n Europea<\/strong> Y <strong>FDA de Estados Unidos<\/strong> Es un rico producto especialmente elaborado formulando extractos de frutas completamente naturales con diversos aromas de acuerdo con las normas y est\u00e1ndares. <b>Aroma extra l\u00edquido natural premium <\/b>Se presenta como.<\/p>\n<p>Tanya Nargile, l\u00edder de la industria mundial de la cachimba con la importancia que damos a la I+D y la innovaci\u00f3n y a las nuevas gamas de productos que ofrecemos al mercado, est\u00e1 avanzando r\u00e1pidamente hacia convertirse en una marca estrella en el mundo.<\/p>\n<h3>a\u00f1os de experiencia<\/h3>\n<p>Nos hemos convertido en la direcci\u00f3n de quienes crean diferentes tendencias de cachimba cada a\u00f1o, con el poder de ser pioneros en Turqu\u00eda y el mundo con nuestras experiencias superiores y experiencias superiores desde 1996, y nos hemos convertido en la marca que siempre siguen los consumidores de cachimba. y la industria de la cachimba.<\/p>\n<p>Para mejorar los productos que producimos con los estudios de I+D de las patentes internacionales que hemos recibido, producimos productos que reducen la eficacia de las sustancias nocivas en la cachimba, haciendo que la cultura de la cachimba sea inofensiva y m\u00e1s agradable.<\/p>\n<p><strong>Advertencia: \u00a1No es alimento y no puede consumirse como alimento!<\/strong><\/p>\n<p><strong>Ingredientes: Glicerina vegetal, aroma de extracto de fruta, efector, \u00e1cido c\u00edtrico.<\/strong><\/p>\n<p><strong>Almacenamiento: Almacenar en un lugar fresco y alejado de la luz solar.<\/strong><\/p>\n<p><strong>\u00a1Nuestros productos no contienen tabaco ni nicotina!<\/p>\n<p>\u00a1No se puede vender a menores de 18 a\u00f1os!<\/strong><\/p>","protected":false},"excerpt":{"rendered":"<p><strong>FRUTA MEZCLADA <\/strong>\u00bfC\u00f3mo es posible dar sentido a un mundo entero con s\u00f3lo tocarlo? Imagina hacer bailar las magn\u00edficas frutas con tus manos... Hemos formulado especialmente este sabor para ti, donde vivir\u00e1s el carnaval de las frutas. Disfruta de los seductores sabores de Aroma Extra L\u00edquido favoritos de tus sue\u00f1os. <strong>\u00a1DESCUBRIR!<\/strong><\/p>","protected":false},"featured_media":8674,"comment_status":"open","ping_status":"closed","template":"","meta":{"content-type":""},"product_brand":[],"product_cat":[224],"product_tag":[119,257,231,249,127,227,228,229,256,129,253,255,254,237,238,259,245,250,236,261,241,235,264,240,226,109,114,118,96,94,117,103,104,115,116,108,239,234,146,128,251,243,93,100,102,97,120,98,121,232,110,111,113,260,248,99,252,263,95,126,246,244,262,112,230,233,247,258,242,124,122,125,123],"class_list":{"0":"post-6641","1":"product","2":"type-product","3":"status-publish","4":"has-post-thumbnail","6":"product_cat-tanya-e-aroma-60ml","7":"product_tag-best-hookah-flavors","8":"product_tag-cbd-elektronik-sigara","9":"product_tag-disposable-vape","10":"product_tag-duman","11":"product_tag-e-shisha","12":"product_tag-e-aroma","13":"product_tag-e-flavour","14":"product_tag-e-juice","15":"product_tag-e-sigara-tavsiyesi","16":"product_tag-elektronik-sigara","17":"product_tag-elektronik-sigara-becerisi","18":"product_tag-elektronik-sigara-cbd","19":"product_tag-elektronik-sigara-dolumu","20":"product_tag-elektronik-sigara-dumani","21":"product_tag-elektronik-sigara-incelemesi","22":"product_tag-elektronik-sigara-kartusu","23":"product_tag-elektronik-sigara-magazasi","24":"product_tag-elektronik-sigara-mini","25":"product_tag-elektronik-sigara-modu","26":"product_tag-elektronik-sigara-zararli-mi","27":"product_tag-elektroniksigara-aromasi","28":"product_tag-elektroniksigarakalemi","29":"product_tag-elfbar","30":"product_tag-en-iyi-elektroniksigara","31":"product_tag-extra-sivi-aroma","32":"product_tag-herbal-hookah","33":"product_tag-herbal-hookah-brands","34":"product_tag-herbal-hookah-flavors","35":"product_tag-herbal-hookah-molasses","36":"product_tag-hookah","37":"product_tag-hookah-flavors","38":"product_tag-hookah-molasses","39":"product_tag-hookah-tobacco","40":"product_tag-hookah-tobacco-brands","41":"product_tag-hookah-tobacco-flavor","42":"product_tag-how-to-make-hookah-molasses","43":"product_tag-kalemelektronik-sigara","44":"product_tag-kapsul-elektroniksigara","45":"product_tag-karisik-meyve","46":"product_tag-likit","47":"product_tag-mini-elektronik-sigara","48":"product_tag-mod-elektronik-sigara","49":"product_tag-nargile","50":"product_tag-nargile-aromasi","51":"product_tag-nargile-keyfi","52":"product_tag-nargile-melasi","53":"product_tag-nargile-nasil-hazirlanir","54":"product_tag-nargile-tutunu","55":"product_tag-nargile-yapimi","56":"product_tag-nasil-vape-yapilir","57":"product_tag-natural-hookah","58":"product_tag-natural-hookah-molasses","59":"product_tag-nicotine-free-hookah","60":"product_tag-nikotin-elektronik-sigara","61":"product_tag-ogretici-elektronik-sigara","62":"product_tag-premium-nargile-melasi","63":"product_tag-profesyonel-elektronik-sigara","64":"product_tag-puff-bar","65":"product_tag-shisha","66":"product_tag-shisha-bar","67":"product_tag-sivi-elektronik-sigara","68":"product_tag-tek-kullanimlik-elektronik-sigara","69":"product_tag-tek-kullanimlik-nargile","70":"product_tag-tobacco-free-hookah","71":"product_tag-vape-flavor","72":"product_tag-vape-nargile","73":"product_tag-vape-nasil-yapilir","74":"product_tag-vape-nasil-yeniden-doldurulur","75":"product_tag-vapede-pamuk-nasil-degistirilir","76":"product_tag-124","77":"product_tag-122","78":"product_tag-125","79":"product_tag-123","81":"first","82":"instock","83":"virtual","84":"taxable","85":"product-type-simple"},"_links":{"self":[{"href":"https:\/\/tanyanargile.com.tr\/es\/wp-json\/wp\/v2\/product\/6641","targetHints":{"allow":["GET"]}}],"collection":[{"href":"https:\/\/tanyanargile.com.tr\/es\/wp-json\/wp\/v2\/product"}],"about":[{"href":"https:\/\/tanyanargile.com.tr\/es\/wp-json\/wp\/v2\/types\/product"}],"replies":[{"embeddable":true,"href":"https:\/\/tanyanargile.com.tr\/es\/wp-json\/wp\/v2\/comments?post=6641"}],"version-history":[{"count":0,"href":"https:\/\/tanyanargile.com.tr\/es\/wp-json\/wp\/v2\/product\/6641\/revisions"}],"wp:featuredmedia":[{"embeddable":true,"href":"https:\/\/tanyanargile.com.tr\/es\/wp-json\/wp\/v2\/media\/8674"}],"wp:attachment":[{"href":"https:\/\/tanyanargile.com.tr\/es\/wp-json\/wp\/v2\/media?parent=6641"}],"wp:term":[{"taxonomy":"product_brand","embeddable":true,"href":"https:\/\/tanyanargile.com.tr\/es\/wp-json\/wp\/v2\/product_brand?post=6641"},{"taxonomy":"product_cat","embeddable":true,"href":"https:\/\/tanyanargile.com.tr\/es\/wp-json\/wp\/v2\/product_cat?post=6641"},{"taxonomy":"product_tag","embeddable":true,"href":"https:\/\/tanyanargile.com.tr\/es\/wp-json\/wp\/v2\/product_tag?post=6641"}],"curies":[{"name":"wp","href":"https:\/\/api.w.org\/{rel}","templated":true}]}}