{"id":9792,"date":"2023-10-09T22:29:03","date_gmt":"2023-10-09T19:29:03","guid":{"rendered":"https:\/\/tanyanargile.com.tr\/?post_type=product&#038;p=9792"},"modified":"2024-11-02T17:48:31","modified_gmt":"2024-11-02T14:48:31","slug":"melaza-melon-narguile-100gr","status":"publish","type":"product","link":"https:\/\/tanyanargile.com.tr\/es\/melaza-melon-narguile-100gr\/","title":{"rendered":"MEL\u00d3N<br> Melaza Para Cachimba 100Gr"},"content":{"rendered":"<h1>KAVUN Bitkisel Nargile Melas\u0131 100Gr.<\/h1>\n<p>Tus sabores seductores favoritos de tus sue\u00f1os. <strong>DESCUBRIR<\/strong>!<br \/>\nYaz aylar\u0131nda ortam\u0131 saran m\u00fcthi\u015f kokusunu ve Bal gibi tatl\u0131 lezzetini uzun \u00e7al\u0131\u015fmalar sonucunda \u00e7ok g\u00fc\u00e7l\u00fc hale getirip sizler i\u00e7in form\u00fcle ettik. Tad\u0131 ve kokusuyla mest olacaks\u0131n\u0131z.<\/p>\n<h3>Contenido:<\/h3>\n<p>Mel\u00f3n<\/p>\n<h3>M\u00e1s de lo que buscas en Hookah<\/h3>\n<h3>Est\u00e1ndar y calidad internacionales<\/h3>\n<p>Nuestros productos ofrecen ricas Melazas Naturales Premium para Hookah, las cuales se producen especialmente formulando frutas completamente naturales con varios sabores de acuerdo con las normas FDA de la Uni\u00f3n Europea y Estados Unidos.<br \/>\nTanya Nargile, l\u00edder de la industria mundial de la cachimba con la importancia que damos a la I+D y la innovaci\u00f3n y a las nuevas gamas de productos que ofrecemos al mercado, est\u00e1 avanzando r\u00e1pidamente hacia convertirse en una marca estrella en el mundo.<\/p>\n<h3>a\u00f1os de experiencia<\/h3>\n<p>Nos hemos convertido en la direcci\u00f3n de quienes crean diferentes tendencias de cachimba cada a\u00f1o, con el poder de ser pioneros en Turqu\u00eda y el mundo con nuestras experiencias superiores y experiencias superiores desde 1996, y nos hemos convertido en la marca que siempre siguen los consumidores de cachimba. y la industria de la cachimba.<br \/>\nPara mejorar los productos que producimos con los estudios de I+D de las patentes internacionales que hemos recibido, producimos productos que reducen la eficacia de las sustancias nocivas en la cachimba, haciendo que la cultura de la cachimba sea inofensiva y m\u00e1s agradable.<\/p>\n<h3>\u00a1Nuestros productos no contienen tabaco ni nicotina!<br \/>\n\u00a1No se puede vender a menores de 18 a\u00f1os!<\/h3>","protected":false},"excerpt":{"rendered":"<p class=\"translation-block\"><strong>MEL\u00d3N:<\/strong> Como resultado de largos estudios, hemos hecho que el maravilloso olor y el dulce sabor a miel que rodea el ambiente en los meses de verano sean muy fuertes y lo hemos formulado para usted. Quedar\u00e1s encantado con su sabor y olor. <strong>\u00a1DESCUBRE los seductores sabores de cachimba favoritos de tus sue\u00f1os!<\/strong><\/p>","protected":false},"featured_media":9558,"comment_status":"open","ping_status":"closed","template":"","meta":{"content-type":""},"product_brand":[],"product_cat":[26],"product_tag":[119,127,129,109,114,118,96,94,117,103,104,115,116,108,131,128,93,100,102,97,120,98,121,110,111,113,99,95,126,112,124,122,125,123],"class_list":{"0":"post-9792","1":"product","2":"type-product","3":"status-publish","4":"has-post-thumbnail","6":"product_cat-herbal-hookah-tanya-100gr","7":"product_tag-best-hookah-flavors","8":"product_tag-e-shisha","9":"product_tag-elektronik-sigara","10":"product_tag-herbal-hookah","11":"product_tag-herbal-hookah-brands","12":"product_tag-herbal-hookah-flavors","13":"product_tag-herbal-hookah-molasses","14":"product_tag-hookah","15":"product_tag-hookah-flavors","16":"product_tag-hookah-molasses","17":"product_tag-hookah-tobacco","18":"product_tag-hookah-tobacco-brands","19":"product_tag-hookah-tobacco-flavor","20":"product_tag-how-to-make-hookah-molasses","21":"product_tag-kavun","22":"product_tag-likit","23":"product_tag-nargile","24":"product_tag-nargile-aromasi","25":"product_tag-nargile-keyfi","26":"product_tag-nargile-melasi","27":"product_tag-nargile-nasil-hazirlanir","28":"product_tag-nargile-tutunu","29":"product_tag-nargile-yapimi","30":"product_tag-natural-hookah","31":"product_tag-natural-hookah-molasses","32":"product_tag-nicotine-free-hookah","33":"product_tag-premium-nargile-melasi","34":"product_tag-shisha","35":"product_tag-shisha-bar","36":"product_tag-tobacco-free-hookah","37":"product_tag-124","38":"product_tag-122","39":"product_tag-125","40":"product_tag-123","42":"first","43":"instock","44":"virtual","45":"taxable","46":"product-type-simple"},"_links":{"self":[{"href":"https:\/\/tanyanargile.com.tr\/es\/wp-json\/wp\/v2\/product\/9792","targetHints":{"allow":["GET"]}}],"collection":[{"href":"https:\/\/tanyanargile.com.tr\/es\/wp-json\/wp\/v2\/product"}],"about":[{"href":"https:\/\/tanyanargile.com.tr\/es\/wp-json\/wp\/v2\/types\/product"}],"replies":[{"embeddable":true,"href":"https:\/\/tanyanargile.com.tr\/es\/wp-json\/wp\/v2\/comments?post=9792"}],"version-history":[{"count":0,"href":"https:\/\/tanyanargile.com.tr\/es\/wp-json\/wp\/v2\/product\/9792\/revisions"}],"wp:featuredmedia":[{"embeddable":true,"href":"https:\/\/tanyanargile.com.tr\/es\/wp-json\/wp\/v2\/media\/9558"}],"wp:attachment":[{"href":"https:\/\/tanyanargile.com.tr\/es\/wp-json\/wp\/v2\/media?parent=9792"}],"wp:term":[{"taxonomy":"product_brand","embeddable":true,"href":"https:\/\/tanyanargile.com.tr\/es\/wp-json\/wp\/v2\/product_brand?post=9792"},{"taxonomy":"product_cat","embeddable":true,"href":"https:\/\/tanyanargile.com.tr\/es\/wp-json\/wp\/v2\/product_cat?post=9792"},{"taxonomy":"product_tag","embeddable":true,"href":"https:\/\/tanyanargile.com.tr\/es\/wp-json\/wp\/v2\/product_tag?post=9792"}],"curies":[{"name":"wp","href":"https:\/\/api.w.org\/{rel}","templated":true}]}}