{"id":11411,"date":"2024-04-23T17:24:31","date_gmt":"2024-04-23T14:24:31","guid":{"rendered":"https:\/\/tanyanargile.com.tr\/urun\/lady-killer-nargile-melasi-500gr\/"},"modified":"2024-11-02T17:48:20","modified_gmt":"2024-11-02T14:48:20","slug":"melasse-de-narguile-lady-killer-500gr","status":"publish","type":"product","link":"https:\/\/tanyanargile.com.tr\/fr\/melasse-de-narguile-lady-killer-500gr\/","title":{"rendered":"TUEUR DE FEMMES<br> Chicha M\u00e9lasse 500Gr"},"content":{"rendered":"<h1>LADY KILLER 500Gr. Bitkisel Nargile Melas\u0131<\/h1>\n<p>Vos saveurs s\u00e9duisantes pr\u00e9f\u00e9r\u00e9es de vos r\u00eaves <strong>D\u00c9COUVRIR<\/strong>!<br \/>\nMelek y\u00fcz\u00fc ile sizlere \u015feftali ve Mango&#8217;yu ikram ederken, ellerinin alt\u0131ndan \u00e7\u0131kard\u0131\u011f\u0131 pen\u00e7eleri ile yabani \u00e7ilekleri ezerek duvara kan damlalar\u0131 gibi serpi\u015ftirdi\u011fini hayal edin\u2026 Lady Killer&#8217;in bu fantezisi kar\u015f\u0131s\u0131nda kay\u0131ts\u0131z kalamayacaks\u0131n\u0131z.<\/p>\n<h3>Contenu:<\/h3>\n<p>P\u00eache, Mangue, Fraise, Glace<\/p>\n<h3>Plus que ce que vous recherchez en chicha<\/h3>\n<h3>Norme internationale et qualit\u00e9<\/h3>\n<p>Nos produits offrent de riches m\u00e9lasses de narguil\u00e9 naturelles de qualit\u00e9 sup\u00e9rieure, sp\u00e9cialement produites en formulant des fruits enti\u00e8rement naturels avec diverses saveurs conform\u00e9ment aux normes FDA de l&#039;Union europ\u00e9enne et des \u00c9tats-Unis.<br \/>\nTanya Nargile, leader de l&#039;industrie mondiale du narguil\u00e9 avec l&#039;importance que nous attachons \u00e0 la R&amp;D et \u00e0 l&#039;innovation et aux nouvelles gammes de produits que nous proposons au march\u00e9, progresse rapidement pour devenir une marque star dans le monde.<\/p>\n<h3>des ann\u00e9es d&#039;exp\u00e9rience<\/h3>\n<p>Nous sommes devenus l&#039;adresse de ceux qui cr\u00e9ent chaque ann\u00e9e diff\u00e9rentes tendances de narguil\u00e9, avec le pouvoir d&#039;\u00eatre un pionnier en Turquie et dans le monde avec nos exp\u00e9riences sup\u00e9rieures et nos exp\u00e9riences sup\u00e9rieures depuis 1996, et nous sommes devenus la marque toujours suivie par les consommateurs de narguil\u00e9. et l&#039;industrie du narguil\u00e9.<br \/>\nAfin d&#039;am\u00e9liorer les produits que nous fabriquons gr\u00e2ce aux \u00e9tudes R&amp;D des brevets internationaux que nous avons re\u00e7us, nous produisons des produits qui r\u00e9duisent l&#039;efficacit\u00e9 des substances nocives dans le narguil\u00e9, rendant la culture du narguil\u00e9 inoffensive et plus agr\u00e9able.<\/p>\n<h3>Nos produits ne contiennent ni tabac ni nicotine !<br \/>\nNe peut \u00eatre vendu \u00e0 des personnes de moins de 18 ans\u00a0!<\/h3>","protected":false},"excerpt":{"rendered":"<p><strong>TUEUR DE FEMMES <\/strong>Melek y\u00fcz\u00fc ile sizlere \u015feftali ve Mango&#8217;yu ikram ederken, ellerinin alt\u0131ndan \u00e7\u0131kard\u0131\u011f\u0131 pen\u00e7eleri ile yabani \u00e7ilekleri ezerek duvara kan damlalar\u0131 gibi serpi\u015ftirdi\u011fini hayal edin\u2026 Lady Killer&#8217;in bu fantezisi kar\u015f\u0131s\u0131nda kay\u0131ts\u0131z kalamayacaks\u0131n\u0131z. Hayalinizdeki en sevdi\u011finiz ba\u015ftan \u00e7\u0131kar\u0131c\u0131 nargile lezzetlerini <strong>D\u00c9COUVRIR!<\/strong><\/p>","protected":false},"featured_media":11013,"comment_status":"open","ping_status":"closed","template":"","meta":{"content-type":""},"product_brand":[],"product_cat":[15],"product_tag":[119,127,129,109,114,118,96,94,117,103,104,115,116,108,179,128,93,100,97,120,98,121,110,111,113,99,95,126,112,124,122,125,123],"class_list":{"0":"post-11411","1":"product","2":"type-product","3":"status-publish","4":"has-post-thumbnail","6":"product_cat-herbal-hookah-tanya-500gr","7":"product_tag-best-hookah-flavors","8":"product_tag-e-shisha","9":"product_tag-elektronik-sigara","10":"product_tag-herbal-hookah","11":"product_tag-herbal-hookah-brands","12":"product_tag-herbal-hookah-flavors","13":"product_tag-herbal-hookah-molasses","14":"product_tag-hookah","15":"product_tag-hookah-flavors","16":"product_tag-hookah-molasses","17":"product_tag-hookah-tobacco","18":"product_tag-hookah-tobacco-brands","19":"product_tag-hookah-tobacco-flavor","20":"product_tag-how-to-make-hookah-molasses","21":"product_tag-lady-killer","22":"product_tag-likit","23":"product_tag-nargile","24":"product_tag-nargile-aromasi","25":"product_tag-nargile-melasi","26":"product_tag-nargile-nasil-hazirlanir","27":"product_tag-nargile-tutunu","28":"product_tag-nargile-yapimi","29":"product_tag-natural-hookah","30":"product_tag-natural-hookah-molasses","31":"product_tag-nicotine-free-hookah","32":"product_tag-premium-nargile-melasi","33":"product_tag-shisha","34":"product_tag-shisha-bar","35":"product_tag-tobacco-free-hookah","36":"product_tag-124","37":"product_tag-122","38":"product_tag-125","39":"product_tag-123","41":"first","42":"instock","43":"virtual","44":"taxable","45":"product-type-simple"},"_links":{"self":[{"href":"https:\/\/tanyanargile.com.tr\/fr\/wp-json\/wp\/v2\/product\/11411","targetHints":{"allow":["GET"]}}],"collection":[{"href":"https:\/\/tanyanargile.com.tr\/fr\/wp-json\/wp\/v2\/product"}],"about":[{"href":"https:\/\/tanyanargile.com.tr\/fr\/wp-json\/wp\/v2\/types\/product"}],"replies":[{"embeddable":true,"href":"https:\/\/tanyanargile.com.tr\/fr\/wp-json\/wp\/v2\/comments?post=11411"}],"version-history":[{"count":0,"href":"https:\/\/tanyanargile.com.tr\/fr\/wp-json\/wp\/v2\/product\/11411\/revisions"}],"wp:featuredmedia":[{"embeddable":true,"href":"https:\/\/tanyanargile.com.tr\/fr\/wp-json\/wp\/v2\/media\/11013"}],"wp:attachment":[{"href":"https:\/\/tanyanargile.com.tr\/fr\/wp-json\/wp\/v2\/media?parent=11411"}],"wp:term":[{"taxonomy":"product_brand","embeddable":true,"href":"https:\/\/tanyanargile.com.tr\/fr\/wp-json\/wp\/v2\/product_brand?post=11411"},{"taxonomy":"product_cat","embeddable":true,"href":"https:\/\/tanyanargile.com.tr\/fr\/wp-json\/wp\/v2\/product_cat?post=11411"},{"taxonomy":"product_tag","embeddable":true,"href":"https:\/\/tanyanargile.com.tr\/fr\/wp-json\/wp\/v2\/product_tag?post=11411"}],"curies":[{"name":"wp","href":"https:\/\/api.w.org\/{rel}","templated":true}]}}