{"id":11893,"date":"2024-04-25T15:21:09","date_gmt":"2024-04-25T12:21:09","guid":{"rendered":"https:\/\/tanyanargile.com.tr\/urun\/nane-limon-nargile-melasi-125gr\/"},"modified":"2024-11-02T17:43:22","modified_gmt":"2024-11-02T14:43:22","slug":"melasse-de-narguile-menthe-citron-125gr","status":"publish","type":"product","link":"https:\/\/tanyanargile.com.tr\/fr\/melasse-de-narguile-menthe-citron-125gr\/","title":{"rendered":"MENTHE ET CITRON <br> Chicha M\u00e9lasse 125Gr."},"content":{"rendered":"<h1>M\u00e9lasse \u00e0 base de plantes pour narguil\u00e9, menthe et citron, 125 g<\/h1>\n<p> Vos saveurs s\u00e9duisantes pr\u00e9f\u00e9r\u00e9es de vos r\u00eaves <strong>D\u00c9COUVRIR<\/strong>!<br \/>\nLa saveur unique des \u00e9corces des c\u00e9l\u00e8bres citrons Lamas de Mersin rencontre la menthe. Ressentez la fra\u00eecheur et la fra\u00eecheur qui vous habitent. Pr\u00e9parez-vous \u00e0 une saveur provocante. M\u00eame les personnes qui s&#039;\u00e9vanouissent se r\u00e9veilleront avec cette saveur.<\/p>\n<h3>Contenu:<\/h3>\n<p> Citron, Menthe, Glace<\/h3>\n<h3>Plus que ce que vous recherchez en chicha<\/h3>\n<h3>Norme internationale et qualit\u00e9<\/h3>\n<p>Nos produits offrent de riches m\u00e9lasses de narguil\u00e9 naturelles de qualit\u00e9 sup\u00e9rieure, sp\u00e9cialement produites en formulant des fruits enti\u00e8rement naturels avec diverses saveurs conform\u00e9ment aux normes FDA de l&#039;Union europ\u00e9enne et des \u00c9tats-Unis.<br \/>\nTanya Nargile, leader de l&#039;industrie mondiale du narguil\u00e9 avec l&#039;importance que nous attachons \u00e0 la R&amp;D et \u00e0 l&#039;innovation et aux nouvelles gammes de produits que nous proposons au march\u00e9, progresse rapidement pour devenir une marque star dans le monde.<\/p>\n<h3>des ann\u00e9es d&#039;exp\u00e9rience<\/h3>\n<p>Nous sommes devenus l&#039;adresse de ceux qui cr\u00e9ent chaque ann\u00e9e diff\u00e9rentes tendances de narguil\u00e9, avec le pouvoir d&#039;\u00eatre un pionnier en Turquie et dans le monde avec nos exp\u00e9riences sup\u00e9rieures et nos exp\u00e9riences sup\u00e9rieures depuis 1996, et nous sommes devenus la marque toujours suivie par les consommateurs de narguil\u00e9. et l&#039;industrie du narguil\u00e9.<br \/>\nAfin d&#039;am\u00e9liorer les produits que nous fabriquons gr\u00e2ce aux \u00e9tudes R&amp;D des brevets internationaux que nous avons re\u00e7us, nous produisons des produits qui r\u00e9duisent l&#039;efficacit\u00e9 des substances nocives dans le narguil\u00e9, rendant la culture du narguil\u00e9 inoffensive et plus agr\u00e9able.<\/p>\n<h3>Nos produits ne contiennent ni tabac ni nicotine !<br \/>\nNe peut \u00eatre vendu \u00e0 des personnes de moins de 18 ans\u00a0!<\/h3>\n<h4>T\u00fct\u00fcns\u00fcz &amp; Nikotinsiz<\/h4>\n<p>Il n\u2019y a aucun ingr\u00e9dient nocif comme le tabac, la nicotine, le goudron, etc. qui cause le cancer !<\/p>\n<h4>100% Naturel<\/h4>\n<p>Fabriqu\u00e9 enti\u00e8rement \u00e0 partir de fruits naturels 100%\u00a0!<\/p>\n<h4>Des saveurs s\u00e9duisantes<\/h4>\n<p>Vous trouverez les saveurs all\u00e9chantes pr\u00e9f\u00e9r\u00e9es de vos r\u00eaves\u00a0!<\/p>\n<h4>2 heures de super performance<\/h4>\n<p>Go\u00fbt intense et haute performance garantis ! Vous serez surpris par la performance intense.<\/p>\n<h4>Ar\u00f4me extra fort<\/h4>\n<p>Ressentez l&#039;ar\u00f4me incroyablement fort du narguil\u00e9 jusqu&#039;au dernier moment !<\/p>\n<h4>Tatl\u0131 &amp; Fresh<\/h4>\n<p>Extra G\u00fc\u00e7l\u00fc Tatl\u0131 &amp; Fresh Tatlar\u0131n dans\u0131na hayran olacaks\u0131n\u0131z!<\/p>\n<h4>Nouvel emballage haut de gamme<\/h4>\n<p>Vos saveurs de narguil\u00e9 pr\u00e9f\u00e9r\u00e9es ne se tariront jamais\u00a0!<\/p>\n<h4>Excellente gestion thermique<\/h4>\n<p>Il est 5 fois plus r\u00e9sistant \u00e0 la combustion que le tabac normal gr\u00e2ce \u00e0 la chaleur du charbon pr\u00e9sent dans la chicha !<\/p>\n<h4>Normes internationales<\/h4>\n<p>Production conforme aux normes FDA de l\u2019Union europ\u00e9enne et des \u00c9tats-Unis.<\/p>\n<h4>D\u00fcnya&#8217;n\u0131n Y\u0131ld\u0131zla\u015fan Markas\u0131<\/h4>\n<p>Nargile Sekt\u00f6r\u00fc&#8217;nde art artda al\u0131nan ihracat \u015fampiyonluk \u00f6d\u00fclleri ile D\u00fcnya Markas\u0131 haline gelmi\u015ftir!<\/p>\n<h4>Exporter vers 55 pays<\/h4>\n<p>B\u00e9n\u00e9ficiez de notre r\u00e9seau d\u2019exp\u00e9dition disponible dans 55 pays<br \/>\nNous changeons le go\u00fbt du monde\u00a0! Puissiez-vous \u00e9galement participer \u00e0 la lutte que nous avons commenc\u00e9e avec ce slogan.<\/p>\n<h4>Il est brevet\u00e9 internationalement !<\/h4>\n<p>\u00c9tant le premier au monde, il a \u00e9t\u00e9 brevet\u00e9 comme \u00e9tant sans tabac et sans nicotine.<\/p>","protected":false},"excerpt":{"rendered":"<p class=\"translation-block\"><strong>MENTHE CITRON<\/strong> La saveur unique obtenue \u00e0 partir des \u00e9corces des c\u00e9l\u00e8bres citrons lamas de la ville de Mersin, combin\u00e9e \u00e0 la menthe. Ressentez la fra\u00eecheur et le soulagement en vous. Pr\u00e9parez-vous \u00e0 une saveur provocatrice. Ceux qui s&#039;\u00e9vanouissent se r\u00e9veilleront avec ce go\u00fbt. <strong>D\u00c9COUVREZ les saveurs s\u00e9duisantes de narguil\u00e9 pr\u00e9f\u00e9r\u00e9es de vos r\u00eaves\u00a0!<\/strong><\/p>","protected":false},"featured_media":11678,"comment_status":"open","ping_status":"closed","template":"","meta":{"content-type":""},"product_brand":[],"product_cat":[27],"product_tag":[369,118,96,368,367,94,103,104,152,93,100,102,97,98,99,95],"class_list":{"0":"post-11893","1":"product","2":"type-product","3":"status-publish","4":"has-post-thumbnail","6":"product_cat-herbal-hookah-tanya-125gr","7":"product_tag-bitkisel-nargile-melasi","8":"product_tag-herbal-hookah-flavors","9":"product_tag-herbal-hookah-molasses","10":"product_tag-herbal-shisha-flavors","11":"product_tag-herbal-shisha-molasses","12":"product_tag-hookah","13":"product_tag-hookah-molasses","14":"product_tag-hookah-tobacco","15":"product_tag-nane-limon","16":"product_tag-nargile","17":"product_tag-nargile-aromasi","18":"product_tag-nargile-keyfi","19":"product_tag-nargile-melasi","20":"product_tag-nargile-tutunu","21":"product_tag-premium-nargile-melasi","22":"product_tag-shisha","24":"first","25":"instock","26":"virtual","27":"taxable","28":"product-type-simple"},"_links":{"self":[{"href":"https:\/\/tanyanargile.com.tr\/fr\/wp-json\/wp\/v2\/product\/11893","targetHints":{"allow":["GET"]}}],"collection":[{"href":"https:\/\/tanyanargile.com.tr\/fr\/wp-json\/wp\/v2\/product"}],"about":[{"href":"https:\/\/tanyanargile.com.tr\/fr\/wp-json\/wp\/v2\/types\/product"}],"replies":[{"embeddable":true,"href":"https:\/\/tanyanargile.com.tr\/fr\/wp-json\/wp\/v2\/comments?post=11893"}],"version-history":[{"count":0,"href":"https:\/\/tanyanargile.com.tr\/fr\/wp-json\/wp\/v2\/product\/11893\/revisions"}],"wp:featuredmedia":[{"embeddable":true,"href":"https:\/\/tanyanargile.com.tr\/fr\/wp-json\/wp\/v2\/media\/11678"}],"wp:attachment":[{"href":"https:\/\/tanyanargile.com.tr\/fr\/wp-json\/wp\/v2\/media?parent=11893"}],"wp:term":[{"taxonomy":"product_brand","embeddable":true,"href":"https:\/\/tanyanargile.com.tr\/fr\/wp-json\/wp\/v2\/product_brand?post=11893"},{"taxonomy":"product_cat","embeddable":true,"href":"https:\/\/tanyanargile.com.tr\/fr\/wp-json\/wp\/v2\/product_cat?post=11893"},{"taxonomy":"product_tag","embeddable":true,"href":"https:\/\/tanyanargile.com.tr\/fr\/wp-json\/wp\/v2\/product_tag?post=11893"}],"curies":[{"name":"wp","href":"https:\/\/api.w.org\/{rel}","templated":true}]}}