{"id":5140,"date":"2023-09-18T06:29:00","date_gmt":"2023-09-18T03:29:00","guid":{"rendered":"https:\/\/tanyanargile.com.tr\/?post_type=product&#038;p=5140"},"modified":"2024-11-02T18:23:19","modified_gmt":"2024-11-02T15:23:19","slug":"250-g-de-melasse-de-narguile-a-labricot","status":"publish","type":"product","link":"https:\/\/tanyanargile.com.tr\/fr\/250-g-de-melasse-de-narguile-a-labricot\/","title":{"rendered":"ABRICOT <br> M\u00e9lasse De Narguil\u00e9 Aux Herbes 250Gr"},"content":{"rendered":"<h1>KAYISI Bitkisel Nargile Melas\u0131 250Gr<\/h1>\n<p> Vos saveurs s\u00e9duisantes pr\u00e9f\u00e9r\u00e9es de vos r\u00eaves <strong>D\u00c9COUVRIR<\/strong>!<br \/>\nNous avons formul\u00e9 pour vous le go\u00fbt sucr\u00e9 de l&#039;abricot, appel\u00e9 le c\u00e9l\u00e8bre abricot s\u00e9ch\u00e9 au soleil de la ville de Malatya.<\/p>\n<h3>Contenu:<\/h3>\n<p> Abricot<\/h3>\n<h3>Plus que ce que vous recherchez en chicha<\/h3>\n<h3>Norme internationale et qualit\u00e9<\/h3>\n<p>Nos produits offrent de riches m\u00e9lasses de narguil\u00e9 naturelles de qualit\u00e9 sup\u00e9rieure, sp\u00e9cialement produites en formulant des fruits enti\u00e8rement naturels avec diverses saveurs conform\u00e9ment aux normes FDA de l&#039;Union europ\u00e9enne et des \u00c9tats-Unis.<br \/>\nTanya Nargile, leader de l&#039;industrie mondiale du narguil\u00e9 avec l&#039;importance que nous attachons \u00e0 la R&amp;D et \u00e0 l&#039;innovation et aux nouvelles gammes de produits que nous proposons au march\u00e9, progresse rapidement pour devenir une marque star dans le monde.<\/p>\n<h3>des ann\u00e9es d&#039;exp\u00e9rience<\/h3>\n<p>Nous sommes devenus l&#039;adresse de ceux qui cr\u00e9ent chaque ann\u00e9e diff\u00e9rentes tendances de narguil\u00e9, avec le pouvoir d&#039;\u00eatre un pionnier en Turquie et dans le monde avec nos exp\u00e9riences sup\u00e9rieures et nos exp\u00e9riences sup\u00e9rieures depuis 1996, et nous sommes devenus la marque toujours suivie par les consommateurs de narguil\u00e9. et l&#039;industrie du narguil\u00e9.<br \/>\nAfin d&#039;am\u00e9liorer les produits que nous fabriquons gr\u00e2ce aux \u00e9tudes R&amp;D des brevets internationaux que nous avons re\u00e7us, nous produisons des produits qui r\u00e9duisent l&#039;efficacit\u00e9 des substances nocives dans le narguil\u00e9, rendant la culture du narguil\u00e9 inoffensive et plus agr\u00e9able.<\/p>\n<h3>Nos produits ne contiennent ni tabac ni nicotine !<br \/>\nNe peut \u00eatre vendu \u00e0 des personnes de moins de 18 ans\u00a0!<\/h3>","protected":false},"excerpt":{"rendered":"<p><strong>ABRICOT <\/strong>Malatya \u015fehrinin me\u015fhur g\u00fcn kurusu olarak adland\u0131r\u0131lan Kay\u0131s\u0131&#8217;n\u0131n tatl\u0131 lezzetini sizler i\u00e7in form\u00fcle ettik. Hayalinizdeki en sevdi\u011finiz ba\u015ftan \u00e7\u0131kar\u0131c\u0131 nargile lezzetlerini <strong>D\u00c9COUVRIR!<\/strong><\/p>","protected":false},"featured_media":8325,"comment_status":"open","ping_status":"closed","template":"","meta":{"content-type":""},"product_brand":[],"product_cat":[28],"product_tag":[96,94,103,104,174,93,100,102,97,98,99,95],"class_list":{"0":"post-5140","1":"product","2":"type-product","3":"status-publish","4":"has-post-thumbnail","6":"product_cat-herbal-hookah-tanya-250gr","7":"product_tag-herbal-hookah-molasses","8":"product_tag-hookah","9":"product_tag-hookah-molasses","10":"product_tag-hookah-tobacco","11":"product_tag-kayisi","12":"product_tag-nargile","13":"product_tag-nargile-aromasi","14":"product_tag-nargile-keyfi","15":"product_tag-nargile-melasi","16":"product_tag-nargile-tutunu","17":"product_tag-premium-nargile-melasi","18":"product_tag-shisha","20":"first","21":"instock","22":"virtual","23":"taxable","24":"product-type-simple"},"_links":{"self":[{"href":"https:\/\/tanyanargile.com.tr\/fr\/wp-json\/wp\/v2\/product\/5140","targetHints":{"allow":["GET"]}}],"collection":[{"href":"https:\/\/tanyanargile.com.tr\/fr\/wp-json\/wp\/v2\/product"}],"about":[{"href":"https:\/\/tanyanargile.com.tr\/fr\/wp-json\/wp\/v2\/types\/product"}],"replies":[{"embeddable":true,"href":"https:\/\/tanyanargile.com.tr\/fr\/wp-json\/wp\/v2\/comments?post=5140"}],"version-history":[{"count":0,"href":"https:\/\/tanyanargile.com.tr\/fr\/wp-json\/wp\/v2\/product\/5140\/revisions"}],"wp:featuredmedia":[{"embeddable":true,"href":"https:\/\/tanyanargile.com.tr\/fr\/wp-json\/wp\/v2\/media\/8325"}],"wp:attachment":[{"href":"https:\/\/tanyanargile.com.tr\/fr\/wp-json\/wp\/v2\/media?parent=5140"}],"wp:term":[{"taxonomy":"product_brand","embeddable":true,"href":"https:\/\/tanyanargile.com.tr\/fr\/wp-json\/wp\/v2\/product_brand?post=5140"},{"taxonomy":"product_cat","embeddable":true,"href":"https:\/\/tanyanargile.com.tr\/fr\/wp-json\/wp\/v2\/product_cat?post=5140"},{"taxonomy":"product_tag","embeddable":true,"href":"https:\/\/tanyanargile.com.tr\/fr\/wp-json\/wp\/v2\/product_tag?post=5140"}],"curies":[{"name":"wp","href":"https:\/\/api.w.org\/{rel}","templated":true}]}}