{"id":6272,"date":"2023-09-20T20:03:15","date_gmt":"2023-09-20T17:03:15","guid":{"rendered":"https:\/\/tanyanargile.com.tr\/?post_type=product&#038;p=6272"},"modified":"2024-11-02T18:08:38","modified_gmt":"2024-11-02T15:08:38","slug":"melloberry-50g-de-melasse-de-narguile","status":"publish","type":"product","link":"https:\/\/tanyanargile.com.tr\/fr\/melloberry-50g-de-melasse-de-narguile\/","title":{"rendered":"MELLOBERIE<br> M\u00e9lasse de chicha aux herbes 50Gr"},"content":{"rendered":"<h1>MELLOBERRY Bitkisel Nargile Melas\u0131 50Gr.<\/h1>\n<p>Vos saveurs s\u00e9duisantes pr\u00e9f\u00e9r\u00e9es de vos r\u00eaves <strong>D\u00c9COUVRIR<\/strong>!<\/p>\n<p>Ouvrez vos portes \u00e0 de nouvelles sensations avec le go\u00fbt extra renforc\u00e9 de past\u00e8que et de fraise. Vous serez \u00e9merveill\u00e9 par cette puissante association de Past\u00e8que et de Fraise et vous retrouverez le v\u00e9ritable go\u00fbt Past\u00e8que-Fraise.<\/p>\n<h3>Contenu:<\/h3>\n<p>Past\u00e8que, Fraise<\/p>\n<h3>Plus que ce que vous recherchez en chicha<\/h3>\n<h3>Norme internationale et qualit\u00e9<\/h3>\n<p>Nos produits offrent de riches m\u00e9lasses de narguil\u00e9 naturelles de qualit\u00e9 sup\u00e9rieure, sp\u00e9cialement produites en formulant des fruits enti\u00e8rement naturels avec diverses saveurs conform\u00e9ment aux normes FDA de l&#039;Union europ\u00e9enne et des \u00c9tats-Unis.<\/p>\n<p>Tanya Nargile, leader de l&#039;industrie mondiale du narguil\u00e9 avec l&#039;importance que nous attachons \u00e0 la R&amp;D et \u00e0 l&#039;innovation et aux nouvelles gammes de produits que nous proposons au march\u00e9, progresse rapidement pour devenir une marque star dans le monde.<\/p>\n<h3>des ann\u00e9es d&#039;exp\u00e9rience<\/h3>\n<p>Nous sommes devenus l&#039;adresse de ceux qui cr\u00e9ent chaque ann\u00e9e diff\u00e9rentes tendances de narguil\u00e9, avec le pouvoir d&#039;\u00eatre un pionnier en Turquie et dans le monde avec nos exp\u00e9riences sup\u00e9rieures et nos exp\u00e9riences sup\u00e9rieures depuis 1996, et nous sommes devenus la marque toujours suivie par les consommateurs de narguil\u00e9. et l&#039;industrie du narguil\u00e9.<\/p>\n<p>Afin d&#039;am\u00e9liorer les produits que nous fabriquons gr\u00e2ce aux \u00e9tudes R&amp;D des brevets internationaux que nous avons re\u00e7us, nous produisons des produits qui r\u00e9duisent l&#039;efficacit\u00e9 des substances nocives dans le narguil\u00e9, rendant la culture du narguil\u00e9 inoffensive et plus agr\u00e9able.<\/p>\n<h3>Nos produits ne contiennent ni tabac ni nicotine !<\/h3>\n<p>Ne peut \u00eatre vendu \u00e0 des personnes de moins de 18 ans\u00a0!<\/p>\n<h4>100% Naturel<\/h4>\n<p>Fabriqu\u00e9 enti\u00e8rement \u00e0 partir de fruits naturels 100%\u00a0!<\/p>\n<h4>Des saveurs s\u00e9duisantes<\/h4>\n<p>Vous trouverez les saveurs all\u00e9chantes pr\u00e9f\u00e9r\u00e9es de vos r\u00eaves\u00a0!<\/p>\n<h4>2 heures de super performance<\/h4>\n<p>Go\u00fbt intense et haute performance garantis ! Vous serez surpris par la performance intense.<\/p>\n<h4>Ar\u00f4me extra fort<\/h4>\n<p>Ressentez l&#039;ar\u00f4me incroyablement fort du narguil\u00e9 jusqu&#039;au dernier moment !<\/p>\n<h4>Tatl\u0131 &amp; Fresh<\/h4>\n<p>Extra G\u00fc\u00e7l\u00fc Tatl\u0131 &amp; Fresh Tatlar\u0131n dans\u0131na hayran olacaks\u0131n\u0131z!<\/p>\n<h4>Nouvel emballage haut de gamme<\/h4>\n<p>Vos saveurs de narguil\u00e9 pr\u00e9f\u00e9r\u00e9es ne se tariront jamais\u00a0!<\/p>\n<h4>Excellente gestion thermique<\/h4>\n<p>Il est 5 fois plus r\u00e9sistant \u00e0 la combustion que le tabac normal gr\u00e2ce \u00e0 la chaleur du charbon pr\u00e9sent dans la chicha !<\/p>\n<h4>Normes internationales<\/h4>\n<p>Production conforme aux normes FDA de l\u2019Union europ\u00e9enne et des \u00c9tats-Unis.<\/p>\n<h4>D\u00fcnya&#8217;n\u0131n Y\u0131ld\u0131zla\u015fan Markas\u0131<\/h4>\n<p>Nargile Sekt\u00f6r\u00fc&#8217;nde art artda al\u0131nan ihracat \u015fampiyonluk \u00f6d\u00fclleri ile D\u00fcnya Markas\u0131 haline gelmi\u015ftir!<\/p>\n<h4>Exporter vers 55 pays<\/h4>\n<p>B\u00e9n\u00e9ficiez de notre r\u00e9seau d\u2019exp\u00e9dition disponible dans 55 pays<\/p>\n<p>Nous changeons le go\u00fbt du monde\u00a0! Puissiez-vous \u00e9galement participer \u00e0 la lutte que nous avons commenc\u00e9e avec ce slogan.<\/p>\n<h4>Il est brevet\u00e9 internationalement !<\/h4>\n<p>\u00c9tant le premier au monde, il a \u00e9t\u00e9 brevet\u00e9 comme \u00e9tant sans tabac et sans nicotine.<\/p>","protected":false},"excerpt":{"rendered":"<p><strong>MELLOBERIE <\/strong>Karpuz ve \u00c7ilek&#8217;in extra g\u00fc\u00e7lendirilmi\u015f lezzeti ile yeni heyecanlara kap\u0131lar\u0131n\u0131z\u0131 a\u00e7\u0131n. Karpuz ve \u00c7ilek&#8217;in bu g\u00fc\u00e7l\u00fc birlikteli\u011fine hayran kalacaks\u0131n\u0131z ve ger\u00e7ek Karpuz-\u00c7ilek lezettini yeniden ke\u015ffedeceksiniz. Hayalinizdeki en sevdi\u011finiz ba\u015ftan \u00e7\u0131kar\u0131c\u0131 nargile lezzetlerini <strong>D\u00c9COUVRIR!<\/strong><\/p>","protected":false},"featured_media":8201,"comment_status":"open","ping_status":"closed","template":"","meta":{"content-type":""},"product_brand":[],"product_cat":[25],"product_tag":[119,369,127,129,109,114,118,96,94,117,103,104,115,116,108,128,186,93,100,97,120,98,121,110,111,113,374,99,95,126,112,124,122,125,123],"class_list":{"0":"post-6272","1":"product","2":"type-product","3":"status-publish","4":"has-post-thumbnail","6":"product_cat-herbal-hookah-tanya-50gr","7":"product_tag-best-hookah-flavors","8":"product_tag-bitkisel-nargile-melasi","9":"product_tag-e-shisha","10":"product_tag-elektronik-sigara","11":"product_tag-herbal-hookah","12":"product_tag-herbal-hookah-brands","13":"product_tag-herbal-hookah-flavors","14":"product_tag-herbal-hookah-molasses","15":"product_tag-hookah","16":"product_tag-hookah-flavors","17":"product_tag-hookah-molasses","18":"product_tag-hookah-tobacco","19":"product_tag-hookah-tobacco-brands","20":"product_tag-hookah-tobacco-flavor","21":"product_tag-how-to-make-hookah-molasses","22":"product_tag-likit","23":"product_tag-melloberry","24":"product_tag-nargile","25":"product_tag-nargile-aromasi","26":"product_tag-nargile-melasi","27":"product_tag-nargile-nasil-hazirlanir","28":"product_tag-nargile-tutunu","29":"product_tag-nargile-yapimi","30":"product_tag-natural-hookah","31":"product_tag-natural-hookah-molasses","32":"product_tag-nicotine-free-hookah","33":"product_tag-nikotinsiz-nargile","34":"product_tag-premium-nargile-melasi","35":"product_tag-shisha","36":"product_tag-shisha-bar","37":"product_tag-tobacco-free-hookah","38":"product_tag-124","39":"product_tag-122","40":"product_tag-125","41":"product_tag-123","43":"first","44":"instock","45":"virtual","46":"taxable","47":"product-type-simple"},"_links":{"self":[{"href":"https:\/\/tanyanargile.com.tr\/fr\/wp-json\/wp\/v2\/product\/6272","targetHints":{"allow":["GET"]}}],"collection":[{"href":"https:\/\/tanyanargile.com.tr\/fr\/wp-json\/wp\/v2\/product"}],"about":[{"href":"https:\/\/tanyanargile.com.tr\/fr\/wp-json\/wp\/v2\/types\/product"}],"replies":[{"embeddable":true,"href":"https:\/\/tanyanargile.com.tr\/fr\/wp-json\/wp\/v2\/comments?post=6272"}],"version-history":[{"count":0,"href":"https:\/\/tanyanargile.com.tr\/fr\/wp-json\/wp\/v2\/product\/6272\/revisions"}],"wp:featuredmedia":[{"embeddable":true,"href":"https:\/\/tanyanargile.com.tr\/fr\/wp-json\/wp\/v2\/media\/8201"}],"wp:attachment":[{"href":"https:\/\/tanyanargile.com.tr\/fr\/wp-json\/wp\/v2\/media?parent=6272"}],"wp:term":[{"taxonomy":"product_brand","embeddable":true,"href":"https:\/\/tanyanargile.com.tr\/fr\/wp-json\/wp\/v2\/product_brand?post=6272"},{"taxonomy":"product_cat","embeddable":true,"href":"https:\/\/tanyanargile.com.tr\/fr\/wp-json\/wp\/v2\/product_cat?post=6272"},{"taxonomy":"product_tag","embeddable":true,"href":"https:\/\/tanyanargile.com.tr\/fr\/wp-json\/wp\/v2\/product_tag?post=6272"}],"curies":[{"name":"wp","href":"https:\/\/api.w.org\/{rel}","templated":true}]}}