{"id":6641,"date":"2023-09-24T01:49:52","date_gmt":"2023-09-23T22:49:52","guid":{"rendered":"https:\/\/tanyanargile.com.tr\/?post_type=product&#038;p=6641"},"modified":"2024-11-02T18:03:18","modified_gmt":"2024-11-02T15:03:18","slug":"arome-liquide-supplementaire-de-fruits-melanges-60-ml","status":"publish","type":"product","link":"https:\/\/tanyanargile.com.tr\/fr\/arome-liquide-supplementaire-de-fruits-melanges-60-ml\/","title":{"rendered":"FRUITS M\u00c9LANG\u00c9S <br> Ar\u00f4me Extra Liquide 60ml"},"content":{"rendered":"<h1>FRUITS M\u00c9LANG\u00c9S Ar\u00f4me Extra Liquide 60ml<\/h1>\n<p>Profitez de vos s\u00e9duisantes saveurs d&#039;ar\u00f4mes extra liquides pr\u00e9f\u00e9r\u00e9es de vos r\u00eaves. <strong>D\u00c9COUVRIR<\/strong>!<\/p>\n<p>Dans quelle mesure est-il possible de donner un sens \u00e0 un monde entier simplement en le touchant ? Imaginez faire danser les magnifiques fruits avec vos mains... Nous avons sp\u00e9cialement formul\u00e9 pour vous cette saveur, o\u00f9 vous vivrez le carnaval des fruits. <strong>Contenu:<\/strong> Banane, Fraise, Ananas, Raisin, Orange<\/p>\n<h2><b>Plus qu&#039;un ar\u00f4me<\/b><\/h2>\n<h3>Geni\u015f Kullan\u0131m \u0130mkan\u0131 \u0130le \u0130stedi\u011finiz Alanda Kullan\u0131m \u0130mkan\u0131<\/h3>\n<p><b>Saveur Extra Liquide Tanya<\/b>Vous pouvez l&#039;utiliser dans n&#039;importe quel domaine de votre choix en toute tranquillit\u00e9. Vous pouvez l&#039;utiliser dans les narguil\u00e9s, les encens, toutes sortes d&#039;appareils \u00e9lectroniques \u00e0 vapeur, les spectacles \u00e0 effet brouillard-fum\u00e9e dans les discoth\u00e8ques, les bars et les concerts, les assainisseurs d&#039;air pour les pi\u00e8ces et les voitures et dans de nombreux autres domaines que nous ne pouvons pas compter.<\/p>\n<p><strong>Utiliser: <\/strong>10 ml dans les m\u00e9langes de narguil\u00e9. Il est recommand\u00e9 d&#039;appliquer comme.<\/p>\n<p>Ajoutez 10 ml \u00e0 l&#039;eau du narguil\u00e9 pour augmenter l&#039;intensit\u00e9 de l&#039;ar\u00f4me, de la fum\u00e9e et du go\u00fbt. Il est recommand\u00e9 de l&#039;utiliser en m\u00e9langeant.<\/p>\n<h3>Norme internationale et qualit\u00e9<\/h3>\n<p>Nos produits, <strong>Union europ\u00e9enne<\/strong> Et <strong>FDA des \u00c9tats-Unis<\/strong> C&#039;est un produit riche sp\u00e9cialement pr\u00e9par\u00e9 en formulant des extraits de fruits enti\u00e8rement naturels aux ar\u00f4mes vari\u00e9s conform\u00e9ment aux normes et standards. <b>Ar\u00f4me Extra Liquide Naturel Premium <\/b>Il est pr\u00e9sent\u00e9 comme.<\/p>\n<p>Tanya Nargile, leader de l&#039;industrie mondiale du narguil\u00e9 avec l&#039;importance que nous attachons \u00e0 la R&amp;D et \u00e0 l&#039;innovation et aux nouvelles gammes de produits que nous proposons au march\u00e9, progresse rapidement pour devenir une marque star dans le monde.<\/p>\n<h3>des ann\u00e9es d&#039;exp\u00e9rience<\/h3>\n<p>Nous sommes devenus l&#039;adresse de ceux qui cr\u00e9ent chaque ann\u00e9e diff\u00e9rentes tendances de narguil\u00e9, avec le pouvoir d&#039;\u00eatre un pionnier en Turquie et dans le monde avec nos exp\u00e9riences sup\u00e9rieures et nos exp\u00e9riences sup\u00e9rieures depuis 1996, et nous sommes devenus la marque toujours suivie par les consommateurs de narguil\u00e9. et l&#039;industrie du narguil\u00e9.<\/p>\n<p>Afin d&#039;am\u00e9liorer les produits que nous fabriquons gr\u00e2ce aux \u00e9tudes R&amp;D des brevets internationaux que nous avons re\u00e7us, nous produisons des produits qui r\u00e9duisent l&#039;efficacit\u00e9 des substances nocives dans le narguil\u00e9, rendant la culture du narguil\u00e9 inoffensive et plus agr\u00e9able.<\/p>\n<p><strong>Uyar\u0131: G\u0131da de\u011fildir, g\u0131da olarak t\u00fcketilemez!<\/strong><\/p>\n<p><strong>\u0130\u00e7indekiler: Bitkisel Gliserin, Meyve Extreli Aroma, Efekt\u00f6r, Sitrik Asit<\/strong><\/p>\n<p><strong>Saklama:serin ve g\u00fcne\u015f \u0131\u015f\u0131\u011f\u0131na maruz kalmayacak \u015fekilde saklay\u0131n\u0131z.<\/strong><\/p>\n<p><strong>Nos produits ne contiennent ni tabac ni nicotine !<\/p>\n<p>Ne peut \u00eatre vendu \u00e0 des personnes de moins de 18 ans\u00a0!<\/strong><\/p>","protected":false},"excerpt":{"rendered":"<p><strong>FRUITS M\u00c9LANG\u00c9S <\/strong>Dans quelle mesure est-il possible de donner un sens \u00e0 un monde entier simplement en le touchant ? Imaginez faire danser les magnifiques fruits avec vos mains... Nous avons sp\u00e9cialement formul\u00e9 pour vous cette saveur, o\u00f9 vous vivrez le carnaval des fruits. Profitez de vos s\u00e9duisantes saveurs d&#039;ar\u00f4mes extra liquides pr\u00e9f\u00e9r\u00e9es de vos r\u00eaves. <strong>D\u00c9COUVRIR!<\/strong><\/p>","protected":false},"featured_media":8674,"comment_status":"open","ping_status":"closed","template":"","meta":{"content-type":""},"product_brand":[],"product_cat":[224],"product_tag":[119,257,231,249,127,227,228,229,256,129,253,255,254,237,238,259,245,250,236,261,241,235,264,240,226,109,114,118,96,94,117,103,104,115,116,108,239,234,146,128,251,243,93,100,102,97,120,98,121,232,110,111,113,260,248,99,252,263,95,126,246,244,262,112,230,233,247,258,242,124,122,125,123],"class_list":{"0":"post-6641","1":"product","2":"type-product","3":"status-publish","4":"has-post-thumbnail","6":"product_cat-tanya-e-aroma-60ml","7":"product_tag-best-hookah-flavors","8":"product_tag-cbd-elektronik-sigara","9":"product_tag-disposable-vape","10":"product_tag-duman","11":"product_tag-e-shisha","12":"product_tag-e-aroma","13":"product_tag-e-flavour","14":"product_tag-e-juice","15":"product_tag-e-sigara-tavsiyesi","16":"product_tag-elektronik-sigara","17":"product_tag-elektronik-sigara-becerisi","18":"product_tag-elektronik-sigara-cbd","19":"product_tag-elektronik-sigara-dolumu","20":"product_tag-elektronik-sigara-dumani","21":"product_tag-elektronik-sigara-incelemesi","22":"product_tag-elektronik-sigara-kartusu","23":"product_tag-elektronik-sigara-magazasi","24":"product_tag-elektronik-sigara-mini","25":"product_tag-elektronik-sigara-modu","26":"product_tag-elektronik-sigara-zararli-mi","27":"product_tag-elektroniksigara-aromasi","28":"product_tag-elektroniksigarakalemi","29":"product_tag-elfbar","30":"product_tag-en-iyi-elektroniksigara","31":"product_tag-extra-sivi-aroma","32":"product_tag-herbal-hookah","33":"product_tag-herbal-hookah-brands","34":"product_tag-herbal-hookah-flavors","35":"product_tag-herbal-hookah-molasses","36":"product_tag-hookah","37":"product_tag-hookah-flavors","38":"product_tag-hookah-molasses","39":"product_tag-hookah-tobacco","40":"product_tag-hookah-tobacco-brands","41":"product_tag-hookah-tobacco-flavor","42":"product_tag-how-to-make-hookah-molasses","43":"product_tag-kalemelektronik-sigara","44":"product_tag-kapsul-elektroniksigara","45":"product_tag-karisik-meyve","46":"product_tag-likit","47":"product_tag-mini-elektronik-sigara","48":"product_tag-mod-elektronik-sigara","49":"product_tag-nargile","50":"product_tag-nargile-aromasi","51":"product_tag-nargile-keyfi","52":"product_tag-nargile-melasi","53":"product_tag-nargile-nasil-hazirlanir","54":"product_tag-nargile-tutunu","55":"product_tag-nargile-yapimi","56":"product_tag-nasil-vape-yapilir","57":"product_tag-natural-hookah","58":"product_tag-natural-hookah-molasses","59":"product_tag-nicotine-free-hookah","60":"product_tag-nikotin-elektronik-sigara","61":"product_tag-ogretici-elektronik-sigara","62":"product_tag-premium-nargile-melasi","63":"product_tag-profesyonel-elektronik-sigara","64":"product_tag-puff-bar","65":"product_tag-shisha","66":"product_tag-shisha-bar","67":"product_tag-sivi-elektronik-sigara","68":"product_tag-tek-kullanimlik-elektronik-sigara","69":"product_tag-tek-kullanimlik-nargile","70":"product_tag-tobacco-free-hookah","71":"product_tag-vape-flavor","72":"product_tag-vape-nargile","73":"product_tag-vape-nasil-yapilir","74":"product_tag-vape-nasil-yeniden-doldurulur","75":"product_tag-vapede-pamuk-nasil-degistirilir","76":"product_tag-124","77":"product_tag-122","78":"product_tag-125","79":"product_tag-123","81":"first","82":"instock","83":"virtual","84":"taxable","85":"product-type-simple"},"_links":{"self":[{"href":"https:\/\/tanyanargile.com.tr\/fr\/wp-json\/wp\/v2\/product\/6641","targetHints":{"allow":["GET"]}}],"collection":[{"href":"https:\/\/tanyanargile.com.tr\/fr\/wp-json\/wp\/v2\/product"}],"about":[{"href":"https:\/\/tanyanargile.com.tr\/fr\/wp-json\/wp\/v2\/types\/product"}],"replies":[{"embeddable":true,"href":"https:\/\/tanyanargile.com.tr\/fr\/wp-json\/wp\/v2\/comments?post=6641"}],"version-history":[{"count":0,"href":"https:\/\/tanyanargile.com.tr\/fr\/wp-json\/wp\/v2\/product\/6641\/revisions"}],"wp:featuredmedia":[{"embeddable":true,"href":"https:\/\/tanyanargile.com.tr\/fr\/wp-json\/wp\/v2\/media\/8674"}],"wp:attachment":[{"href":"https:\/\/tanyanargile.com.tr\/fr\/wp-json\/wp\/v2\/media?parent=6641"}],"wp:term":[{"taxonomy":"product_brand","embeddable":true,"href":"https:\/\/tanyanargile.com.tr\/fr\/wp-json\/wp\/v2\/product_brand?post=6641"},{"taxonomy":"product_cat","embeddable":true,"href":"https:\/\/tanyanargile.com.tr\/fr\/wp-json\/wp\/v2\/product_cat?post=6641"},{"taxonomy":"product_tag","embeddable":true,"href":"https:\/\/tanyanargile.com.tr\/fr\/wp-json\/wp\/v2\/product_tag?post=6641"}],"curies":[{"name":"wp","href":"https:\/\/api.w.org\/{rel}","templated":true}]}}