{"id":11875,"date":"2024-04-25T15:20:27","date_gmt":"2024-04-25T12:20:27","guid":{"rendered":"https:\/\/tanyanargile.com.tr\/urun\/kola-nargile-melasi-125gr\/"},"modified":"2024-11-02T17:43:27","modified_gmt":"2024-11-02T14:43:27","slug":"%d0%ba%d0%be%d0%bb%d0%b0-%d0%bf%d0%b0%d1%82%d0%be%d0%ba%d0%b0-%d0%b4%d0%bb%d1%8f-%d0%ba%d0%b0%d0%bb%d1%8c%d1%8f%d0%bd%d0%b0-125%d0%b3%d1%80","status":"publish","type":"product","link":"https:\/\/tanyanargile.com.tr\/ru\/%d0%ba%d0%be%d0%bb%d0%b0-%d0%bf%d0%b0%d1%82%d0%be%d0%ba%d0%b0-%d0%b4%d0%bb%d1%8f-%d0%ba%d0%b0%d0%bb%d1%8c%d1%8f%d0%bd%d0%b0-125%d0%b3%d1%80\/","title":{"rendered":"\u041a\u043e\u043a\u0441 <br> \u041f\u0430\u0442\u043e\u043a\u0430 \u0434\u043b\u044f \u043a\u0430\u043b\u044c\u044f\u043d\u0430 125\u0433\u0440."},"content":{"rendered":"<h1>KOLA 125\u0433\u0440. \u0422\u0440\u0430\u0432\u044f\u043d\u043e\u0439 \u043a\u0430\u043b\u044c\u044f\u043d \u0441 \u043f\u0430\u0442\u043e\u043a\u043e\u0439<\/h1>\n<p> \u0412\u0430\u0448\u0438 \u043b\u044e\u0431\u0438\u043c\u044b\u0435 \u0441\u043e\u0431\u043b\u0430\u0437\u043d\u0438\u0442\u0435\u043b\u044c\u043d\u044b\u0435 \u0430\u0440\u043e\u043c\u0430\u0442\u044b \u0432\u0430\u0448\u0435\u0439 \u043c\u0435\u0447\u0442\u044b <strong>\u041e\u0411\u041d\u0410\u0420\u0423\u0416\u0418\u0422\u042c<\/strong>!<br \/>\n\u041c\u044b \u0441\u043f\u0435\u0446\u0438\u0430\u043b\u044c\u043d\u043e \u0440\u0430\u0437\u0440\u0430\u0431\u043e\u0442\u0430\u043b\u0438 \u0434\u043b\u044f \u0432\u0430\u0441 \u043a\u043e\u043a\u0442\u0435\u0439\u043b\u044c Cold Cola, \u0447\u0442\u043e\u0431\u044b \u0432\u044b \u0447\u0443\u0432\u0441\u0442\u0432\u043e\u0432\u0430\u043b\u0438 \u0441\u0432\u0435\u0436\u0435\u0441\u0442\u044c \u0438 \u043f\u0440\u043e\u0445\u043b\u0430\u0434\u0443 \u043f\u0443\u0437\u044b\u0440\u044c\u043a\u043e\u0432, \u0431\u0443\u0440\u043b\u044f\u0449\u0438\u0445 \u043d\u0430 \u043d\u0451\u0431\u0435, \u043a\u043e\u0433\u0434\u0430 \u043f\u044c\u0451\u0442\u0435 \u0435\u0433\u043e.<\/p>\n<h3>\u0421\u043e\u0434\u0435\u0440\u0436\u0430\u043d\u0438\u0435:<\/h3>\n<p> \u041a\u043e\u043a\u0441<\/h3>\n<h3>\u0411\u043e\u043b\u044c\u0448\u0435, \u0447\u0435\u043c \u0442\u043e, \u0447\u0442\u043e \u0432\u044b \u0438\u0449\u0435\u0442\u0435 \u0432 \u043a\u0430\u043b\u044c\u044f\u043d\u0435<\/h3>\n<h3>\u041c\u0435\u0436\u0434\u0443\u043d\u0430\u0440\u043e\u0434\u043d\u044b\u0439 \u0441\u0442\u0430\u043d\u0434\u0430\u0440\u0442 \u0438 \u043a\u0430\u0447\u0435\u0441\u0442\u0432\u043e<\/h3>\n<p>\u041d\u0430\u0448\u0430 \u043f\u0440\u043e\u0434\u0443\u043a\u0446\u0438\u044f \u0432\u043a\u043b\u044e\u0447\u0430\u0435\u0442 \u0432 \u0441\u0435\u0431\u044f \u043d\u0430\u0441\u044b\u0449\u0435\u043d\u043d\u0443\u044e \u043d\u0430\u0442\u0443\u0440\u0430\u043b\u044c\u043d\u0443\u044e \u043f\u0430\u0442\u043e\u043a\u0443 \u0434\u043b\u044f \u043a\u0430\u043b\u044c\u044f\u043d\u0430 \u043f\u0440\u0435\u043c\u0438\u0443\u043c-\u043a\u043b\u0430\u0441\u0441\u0430, \u043a\u043e\u0442\u043e\u0440\u0430\u044f \u0441\u043f\u0435\u0446\u0438\u0430\u043b\u044c\u043d\u043e \u043f\u0440\u043e\u0438\u0437\u0432\u043e\u0434\u0438\u0442\u0441\u044f \u0441 \u0438\u0441\u043f\u043e\u043b\u044c\u0437\u043e\u0432\u0430\u043d\u0438\u0435\u043c \u043f\u043e\u043b\u043d\u043e\u0441\u0442\u044c\u044e \u043d\u0430\u0442\u0443\u0440\u0430\u043b\u044c\u043d\u044b\u0445 \u0444\u0440\u0443\u043a\u0442\u043e\u0432 \u0441 \u0440\u0430\u0437\u043b\u0438\u0447\u043d\u044b\u043c\u0438 \u0432\u043a\u0443\u0441\u0430\u043c\u0438 \u0432 \u0441\u043e\u043e\u0442\u0432\u0435\u0442\u0441\u0442\u0432\u0438\u0438 \u0441 \u043d\u043e\u0440\u043c\u0430\u043c\u0438 FDA \u0415\u0432\u0440\u043e\u043f\u0435\u0439\u0441\u043a\u043e\u0433\u043e \u0421\u043e\u044e\u0437\u0430 \u0438 \u0421\u0428\u0410.<br \/>\n\u0422\u0430\u043d\u044f \u041d\u0430\u0440\u0433\u0438\u043b\u0435, \u043b\u0438\u0434\u0435\u0440 \u043c\u0438\u0440\u043e\u0432\u043e\u0439 \u043a\u0430\u043b\u044c\u044f\u043d\u043d\u043e\u0439 \u0438\u043d\u0434\u0443\u0441\u0442\u0440\u0438\u0438, \u0441 \u0442\u0435\u043c \u0437\u043d\u0430\u0447\u0435\u043d\u0438\u0435\u043c, \u043a\u043e\u0442\u043e\u0440\u043e\u0435 \u043c\u044b \u043f\u0440\u0438\u0434\u0430\u0435\u043c \u0438\u0441\u0441\u043b\u0435\u0434\u043e\u0432\u0430\u043d\u0438\u044f\u043c \u0438 \u0440\u0430\u0437\u0440\u0430\u0431\u043e\u0442\u043a\u0430\u043c, \u0438\u043d\u043d\u043e\u0432\u0430\u0446\u0438\u044f\u043c \u0438 \u043d\u043e\u0432\u044b\u043c \u043b\u0438\u043d\u0435\u0439\u043a\u0430\u043c \u043f\u0440\u043e\u0434\u0443\u043a\u0446\u0438\u0438, \u043a\u043e\u0442\u043e\u0440\u044b\u0435 \u043c\u044b \u043f\u0440\u0435\u0434\u043b\u0430\u0433\u0430\u0435\u043c \u0440\u044b\u043d\u043a\u0443, \u0431\u044b\u0441\u0442\u0440\u043e \u043f\u0440\u043e\u0433\u0440\u0435\u0441\u0441\u0438\u0440\u0443\u0435\u0442 \u043a \u0442\u043e\u043c\u0443, \u0447\u0442\u043e\u0431\u044b \u0441\u0442\u0430\u0442\u044c \u0437\u0432\u0435\u0437\u0434\u043d\u044b\u043c \u0431\u0440\u0435\u043d\u0434\u043e\u043c \u0432 \u043c\u0438\u0440\u0435.<\/p>\n<h3>\u0413\u043e\u0434\u044b \u043e\u043f\u044b\u0442\u0430<\/h3>\n<p>\u041c\u044b \u0441\u0442\u0430\u043b\u0438 \u0430\u0434\u0440\u0435\u0441\u043e\u043c \u0442\u0435\u0445, \u043a\u0442\u043e \u043a\u0430\u0436\u0434\u044b\u0439 \u0433\u043e\u0434 \u0441\u043e\u0437\u0434\u0430\u0435\u0442 \u0440\u0430\u0437\u043b\u0438\u0447\u043d\u044b\u0435 \u0442\u0435\u043d\u0434\u0435\u043d\u0446\u0438\u0438 \u0432 \u043e\u0431\u043b\u0430\u0441\u0442\u0438 \u043a\u0430\u043b\u044c\u044f\u043d\u0430, \u0431\u0443\u0434\u0443\u0447\u0438 \u043f\u0438\u043e\u043d\u0435\u0440\u0430\u043c\u0438 \u0432 \u0422\u0443\u0440\u0446\u0438\u0438 \u0438 \u043c\u0438\u0440\u0435, \u0431\u043b\u0430\u0433\u043e\u0434\u0430\u0440\u044f \u043d\u0430\u0448\u0435\u043c\u0443 \u043f\u0440\u0435\u0432\u043e\u0441\u0445\u043e\u0434\u043d\u043e\u043c\u0443 \u043e\u043f\u044b\u0442\u0443 \u0438 \u043f\u0440\u0435\u0432\u043e\u0441\u0445\u043e\u0434\u043d\u043e\u043c\u0443 \u043e\u043f\u044b\u0442\u0443 \u0441 1996 \u0433\u043e\u0434\u0430, \u0438 \u043c\u044b \u0441\u0442\u0430\u043b\u0438 \u0431\u0440\u0435\u043d\u0434\u043e\u043c, \u0437\u0430 \u043a\u043e\u0442\u043e\u0440\u044b\u043c \u0432\u0441\u0435\u0433\u0434\u0430 \u0441\u043b\u0435\u0434\u0443\u044e\u0442 \u043f\u043e\u0442\u0440\u0435\u0431\u0438\u0442\u0435\u043b\u0438 \u043a\u0430\u043b\u044c\u044f\u043d\u0430. \u0438 \u043a\u0430\u043b\u044c\u044f\u043d\u043d\u0430\u044f \u0438\u043d\u0434\u0443\u0441\u0442\u0440\u0438\u044f.<br \/>\n\u0427\u0442\u043e\u0431\u044b \u0443\u043b\u0443\u0447\u0448\u0438\u0442\u044c \u043f\u0440\u043e\u0434\u0443\u043a\u0446\u0438\u044e, \u043a\u043e\u0442\u043e\u0440\u0443\u044e \u043c\u044b \u043f\u0440\u043e\u0438\u0437\u0432\u043e\u0434\u0438\u043c, \u0441 \u043f\u043e\u043c\u043e\u0449\u044c\u044e \u0438\u0441\u0441\u043b\u0435\u0434\u043e\u0432\u0430\u043d\u0438\u0439 \u0438 \u0440\u0430\u0437\u0440\u0430\u0431\u043e\u0442\u043e\u043a \u043f\u043e\u043b\u0443\u0447\u0435\u043d\u043d\u044b\u0445 \u043c\u0435\u0436\u0434\u0443\u043d\u0430\u0440\u043e\u0434\u043d\u044b\u0445 \u043f\u0430\u0442\u0435\u043d\u0442\u043e\u0432, \u043c\u044b \u043f\u0440\u043e\u0438\u0437\u0432\u043e\u0434\u0438\u043c \u043f\u0440\u043e\u0434\u0443\u043a\u0442\u044b, \u043a\u043e\u0442\u043e\u0440\u044b\u0435 \u0441\u043d\u0438\u0436\u0430\u044e\u0442 \u044d\u0444\u0444\u0435\u043a\u0442\u0438\u0432\u043d\u043e\u0441\u0442\u044c \u0432\u0440\u0435\u0434\u043d\u044b\u0445 \u0432\u0435\u0449\u0435\u0441\u0442\u0432 \u0432 \u043a\u0430\u043b\u044c\u044f\u043d\u0435, \u0434\u0435\u043b\u0430\u044f \u043a\u0430\u043b\u044c\u044f\u043d\u043d\u0443\u044e \u043a\u0443\u043b\u044c\u0442\u0443\u0440\u0443 \u0431\u0435\u0437\u0432\u0440\u0435\u0434\u043d\u043e\u0439 \u0438 \u0431\u043e\u043b\u0435\u0435 \u043f\u0440\u0438\u044f\u0442\u043d\u043e\u0439.<\/p>\n<h3>\u041d\u0430\u0448\u0430 \u043f\u0440\u043e\u0434\u0443\u043a\u0446\u0438\u044f \u043d\u0435 \u0441\u043e\u0434\u0435\u0440\u0436\u0438\u0442 \u0442\u0430\u0431\u0430\u043a\u0430 \u0438 \u043d\u0438\u043a\u043e\u0442\u0438\u043d\u0430!<br \/>\n\u041d\u0435\u043b\u044c\u0437\u044f \u043f\u0440\u043e\u0434\u0430\u0432\u0430\u0442\u044c \u043b\u0438\u0446\u0430\u043c \u0434\u043e 18 \u043b\u0435\u0442!<\/h3>\n<h4>T\u00fct\u00fcns\u00fcz &amp; Nikotinsiz<\/h4>\n<p>\u0412 \u043d\u0435\u043c \u043d\u0435\u0442 \u0432\u0440\u0435\u0434\u043d\u044b\u0445 \u0438\u043d\u0433\u0440\u0435\u0434\u0438\u0435\u043d\u0442\u043e\u0432, \u0442\u0430\u043a\u0438\u0445 \u043a\u0430\u043a \u0442\u0430\u0431\u0430\u043a, \u043d\u0438\u043a\u043e\u0442\u0438\u043d, \u0441\u043c\u043e\u043b\u044b \u0438 \u0442. \u0434., \u0432\u044b\u0437\u044b\u0432\u0430\u044e\u0449\u0438\u0445 \u0440\u0430\u043a!<\/p>\n<h4>100% \u041d\u0430\u0442\u0443\u0440\u0430\u043b\u044c\u043d\u044b\u0439<\/h4>\n<p>\u0421\u0434\u0435\u043b\u0430\u043d\u043e \u043f\u043e\u043b\u043d\u043e\u0441\u0442\u044c\u044e \u0438\u0437 \u043d\u0430\u0442\u0443\u0440\u0430\u043b\u044c\u043d\u044b\u0445 \u0444\u0440\u0443\u043a\u0442\u043e\u0432 100%!<\/p>\n<h4>\u0421\u043e\u0431\u043b\u0430\u0437\u043d\u0438\u0442\u0435\u043b\u044c\u043d\u044b\u0435 \u0430\u0440\u043e\u043c\u0430\u0442\u044b<\/h4>\n<p>\u0412\u044b \u043d\u0430\u0439\u0434\u0435\u0442\u0435 \u0441\u0432\u043e\u0438 \u043b\u044e\u0431\u0438\u043c\u044b\u0435 \u0441\u043e\u0431\u043b\u0430\u0437\u043d\u0438\u0442\u0435\u043b\u044c\u043d\u044b\u0435 \u0430\u0440\u043e\u043c\u0430\u0442\u044b \u0441\u0432\u043e\u0435\u0439 \u043c\u0435\u0447\u0442\u044b!<\/p>\n<h4>2 \u0447\u0430\u0441\u0430 \u0441\u0443\u043f\u0435\u0440 \u043f\u0440\u043e\u0438\u0437\u0432\u043e\u0434\u0438\u0442\u0435\u043b\u044c\u043d\u043e\u0441\u0442\u0438<\/h4>\n<p>\u041d\u0430\u0441\u044b\u0449\u0435\u043d\u043d\u044b\u0439 \u0432\u043a\u0443\u0441 \u0438 \u0432\u044b\u0441\u043e\u043a\u0430\u044f \u044d\u0444\u0444\u0435\u043a\u0442\u0438\u0432\u043d\u043e\u0441\u0442\u044c \u0433\u0430\u0440\u0430\u043d\u0442\u0438\u0440\u043e\u0432\u0430\u043d\u044b! \u0412\u044b \u0431\u0443\u0434\u0435\u0442\u0435 \u0443\u0434\u0438\u0432\u043b\u0435\u043d\u044b \u0438\u043d\u0442\u0435\u043d\u0441\u0438\u0432\u043d\u043e\u0439 \u043f\u0440\u043e\u0438\u0437\u0432\u043e\u0434\u0438\u0442\u0435\u043b\u044c\u043d\u043e\u0441\u0442\u044c\u044e.<\/p>\n<h4>\u042d\u043a\u0441\u0442\u0440\u0430 \u0441\u0438\u043b\u044c\u043d\u044b\u0439 \u0430\u0440\u043e\u043c\u0430\u0442<\/h4>\n<p>\u041f\u043e\u0447\u0443\u0432\u0441\u0442\u0432\u0443\u0439\u0442\u0435 \u043d\u0435\u0432\u0435\u0440\u043e\u044f\u0442\u043d\u043e \u0441\u0438\u043b\u044c\u043d\u044b\u0439 \u0430\u0440\u043e\u043c\u0430\u0442 \u043a\u0430\u043b\u044c\u044f\u043d\u0430 \u0434\u043e \u043f\u043e\u0441\u043b\u0435\u0434\u043d\u0435\u0433\u043e \u043c\u043e\u043c\u0435\u043d\u0442\u0430!<\/p>\n<h4>Tatl\u0131 &amp; Fresh<\/h4>\n<p>Extra G\u00fc\u00e7l\u00fc Tatl\u0131 &amp; Fresh Tatlar\u0131n dans\u0131na hayran olacaks\u0131n\u0131z!<\/p>\n<h4>\u041d\u043e\u0432\u0430\u044f \u043f\u0440\u0435\u043c\u0438\u0430\u043b\u044c\u043d\u0430\u044f \u0443\u043f\u0430\u043a\u043e\u0432\u043a\u0430<\/h4>\n<p>\u0412\u0430\u0448\u0438 \u043b\u044e\u0431\u0438\u043c\u044b\u0435 \u0432\u043a\u0443\u0441\u044b \u043a\u0430\u043b\u044c\u044f\u043d\u0430 \u043d\u0438\u043a\u043e\u0433\u0434\u0430 \u043d\u0435 \u0438\u0441\u0441\u044f\u043a\u043d\u0443\u0442!<\/p>\n<h4>\u041f\u0440\u0435\u0432\u043e\u0441\u0445\u043e\u0434\u043d\u043e\u0435 \u0443\u043f\u0440\u0430\u0432\u043b\u0435\u043d\u0438\u0435 \u0442\u0435\u043c\u043f\u0435\u0440\u0430\u0442\u0443\u0440\u043e\u0439<\/h4>\n<p>\u0411\u043b\u0430\u0433\u043e\u0434\u0430\u0440\u044f \u0443\u0433\u043e\u043b\u044c\u043d\u043e\u043c\u0443 \u0436\u0430\u0440\u0443 \u0432 \u043a\u0430\u043b\u044c\u044f\u043d\u0435 \u043e\u043d \u0432 5 \u0440\u0430\u0437 \u0431\u043e\u043b\u0435\u0435 \u0443\u0441\u0442\u043e\u0439\u0447\u0438\u0432 \u043a \u0433\u043e\u0440\u0435\u043d\u0438\u044e, \u0447\u0435\u043c \u043e\u0431\u044b\u0447\u043d\u044b\u0439 \u0442\u0430\u0431\u0430\u043a!<\/p>\n<h4>\u041c\u0435\u0436\u0434\u0443\u043d\u0430\u0440\u043e\u0434\u043d\u044b\u0435 \u0441\u0442\u0430\u043d\u0434\u0430\u0440\u0442\u044b<\/h4>\n<p>\u041f\u0440\u043e\u0438\u0437\u0432\u043e\u0434\u0441\u0442\u0432\u043e \u0432 \u0441\u043e\u043e\u0442\u0432\u0435\u0442\u0441\u0442\u0432\u0438\u0438 \u0441 \u043d\u043e\u0440\u043c\u0430\u043c\u0438 FDA \u0415\u0432\u0440\u043e\u043f\u0435\u0439\u0441\u043a\u043e\u0433\u043e \u0421\u043e\u044e\u0437\u0430 \u0438 \u0421\u0428\u0410.<\/p>\n<h4>D\u00fcnya&#8217;n\u0131n Y\u0131ld\u0131zla\u015fan Markas\u0131<\/h4>\n<p>Nargile Sekt\u00f6r\u00fc&#8217;nde art artda al\u0131nan ihracat \u015fampiyonluk \u00f6d\u00fclleri ile D\u00fcnya Markas\u0131 haline gelmi\u015ftir!<\/p>\n<h4>\u042d\u043a\u0441\u043f\u043e\u0440\u0442 \u0432 55 \u0441\u0442\u0440\u0430\u043d<\/h4>\n<p>\u0412\u043e\u0441\u043f\u043e\u043b\u044c\u0437\u0443\u0439\u0442\u0435\u0441\u044c \u043f\u0440\u0435\u0438\u043c\u0443\u0449\u0435\u0441\u0442\u0432\u0430\u043c\u0438 \u043d\u0430\u0448\u0435\u0439 \u0441\u0435\u0442\u0438 \u0434\u043e\u0441\u0442\u0430\u0432\u043a\u0438, \u0434\u043e\u0441\u0442\u0443\u043f\u043d\u043e\u0439 \u0432 55 \u0441\u0442\u0440\u0430\u043d.<br \/>\n\u041c\u044b \u043c\u0435\u043d\u044f\u0435\u043c \u0432\u043a\u0443\u0441 \u043c\u0438\u0440\u0430! \u041f\u0443\u0441\u0442\u044c \u0438 \u0432\u044b \u043f\u0440\u0438\u043c\u0435\u0442\u0435 \u0443\u0447\u0430\u0441\u0442\u0438\u0435 \u0432 \u0431\u043e\u0440\u044c\u0431\u0435, \u043a\u043e\u0442\u043e\u0440\u0443\u044e \u043c\u044b \u043d\u0430\u0447\u0430\u043b\u0438 \u0441 \u044d\u0442\u043e\u0433\u043e \u043b\u043e\u0437\u0443\u043d\u0433\u0430.<\/p>\n<h4>\u041e\u043d \u0437\u0430\u043f\u0430\u0442\u0435\u043d\u0442\u043e\u0432\u0430\u043d \u043d\u0430 \u043c\u0435\u0436\u0434\u0443\u043d\u0430\u0440\u043e\u0434\u043d\u043e\u043c \u0443\u0440\u043e\u0432\u043d\u0435!<\/h4>\n<p>\u0411\u0443\u0434\u0443\u0447\u0438 \u043f\u0435\u0440\u0432\u044b\u043c \u0432 \u043c\u0438\u0440\u0435, \u043e\u043d \u0431\u044b\u043b \u0437\u0430\u043f\u0430\u0442\u0435\u043d\u0442\u043e\u0432\u0430\u043d \u043a\u0430\u043a \u0431\u0435\u0437\u0442\u0430\u0431\u0430\u0447\u043d\u044b\u0439 \u0438 \u0431\u0435\u0437\u043d\u0438\u043a\u043e\u0442\u0438\u043d\u043e\u0432\u044b\u0439.<\/p>","protected":false},"excerpt":{"rendered":"<p><strong>\u041a\u043e\u043a\u0441 <\/strong>So\u011fuk Kola&#8217;y\u0131 i\u00e7ti\u011finizde dama\u011f\u0131n\u0131zda k\u00f6p\u00fcren kabarc\u0131klar\u0131n verdi\u011fi ferahl\u0131\u011f\u0131n\u0131 ve serinli\u011fini hissedece\u011finiz \u015fekilde size \u00f6zel form\u00fcle ettik. Hayalinizdeki en sevdi\u011finiz ba\u015ftan \u00e7\u0131kar\u0131c\u0131 nargile lezzetlerini <strong>\u041e\u0411\u041d\u0410\u0420\u0423\u0416\u0418\u0422\u042c!<\/strong><\/p>","protected":false},"featured_media":11642,"comment_status":"open","ping_status":"closed","template":"","meta":{"content-type":""},"product_brand":[],"product_cat":[27],"product_tag":[369,118,96,368,367,94,103,104,173,93,100,102,97,98,99,95],"class_list":{"0":"post-11875","1":"product","2":"type-product","3":"status-publish","4":"has-post-thumbnail","6":"product_cat-herbal-hookah-tanya-125gr","7":"product_tag-bitkisel-nargile-melasi","8":"product_tag-herbal-hookah-flavors","9":"product_tag-herbal-hookah-molasses","10":"product_tag-herbal-shisha-flavors","11":"product_tag-herbal-shisha-molasses","12":"product_tag-hookah","13":"product_tag-hookah-molasses","14":"product_tag-hookah-tobacco","15":"product_tag-kola","16":"product_tag-nargile","17":"product_tag-nargile-aromasi","18":"product_tag-nargile-keyfi","19":"product_tag-nargile-melasi","20":"product_tag-nargile-tutunu","21":"product_tag-premium-nargile-melasi","22":"product_tag-shisha","24":"first","25":"instock","26":"virtual","27":"taxable","28":"product-type-simple"},"_links":{"self":[{"href":"https:\/\/tanyanargile.com.tr\/ru\/wp-json\/wp\/v2\/product\/11875","targetHints":{"allow":["GET"]}}],"collection":[{"href":"https:\/\/tanyanargile.com.tr\/ru\/wp-json\/wp\/v2\/product"}],"about":[{"href":"https:\/\/tanyanargile.com.tr\/ru\/wp-json\/wp\/v2\/types\/product"}],"replies":[{"embeddable":true,"href":"https:\/\/tanyanargile.com.tr\/ru\/wp-json\/wp\/v2\/comments?post=11875"}],"version-history":[{"count":0,"href":"https:\/\/tanyanargile.com.tr\/ru\/wp-json\/wp\/v2\/product\/11875\/revisions"}],"wp:featuredmedia":[{"embeddable":true,"href":"https:\/\/tanyanargile.com.tr\/ru\/wp-json\/wp\/v2\/media\/11642"}],"wp:attachment":[{"href":"https:\/\/tanyanargile.com.tr\/ru\/wp-json\/wp\/v2\/media?parent=11875"}],"wp:term":[{"taxonomy":"product_brand","embeddable":true,"href":"https:\/\/tanyanargile.com.tr\/ru\/wp-json\/wp\/v2\/product_brand?post=11875"},{"taxonomy":"product_cat","embeddable":true,"href":"https:\/\/tanyanargile.com.tr\/ru\/wp-json\/wp\/v2\/product_cat?post=11875"},{"taxonomy":"product_tag","embeddable":true,"href":"https:\/\/tanyanargile.com.tr\/ru\/wp-json\/wp\/v2\/product_tag?post=11875"}],"curies":[{"name":"wp","href":"https:\/\/api.w.org\/{rel}","templated":true}]}}