{"id":6239,"date":"2023-09-20T20:02:51","date_gmt":"2023-09-20T17:02:51","guid":{"rendered":"https:\/\/tanyanargile.com.tr\/?post_type=product&#038;p=6239"},"modified":"2024-11-02T18:13:16","modified_gmt":"2024-11-02T15:13:16","slug":"%d1%8d%d0%bd%d0%b5%d1%80%d0%b3%d0%b5%d1%82%d0%b8%d1%87%d0%b5%d1%81%d0%ba%d0%b8%d0%b9-%d0%bd%d0%b0%d0%bf%d0%b8%d1%82%d0%be%d0%ba-50%d0%b3-%d0%bf%d0%b0%d1%82%d0%be%d0%ba%d0%b0-%d0%b4%d0%bb%d1%8f-%d0%ba","status":"publish","type":"product","link":"https:\/\/tanyanargile.com.tr\/ru\/%d1%8d%d0%bd%d0%b5%d1%80%d0%b3%d0%b5%d1%82%d0%b8%d1%87%d0%b5%d1%81%d0%ba%d0%b8%d0%b9-%d0%bd%d0%b0%d0%bf%d0%b8%d1%82%d0%be%d0%ba-50%d0%b3-%d0%bf%d0%b0%d1%82%d0%be%d0%ba%d0%b0-%d0%b4%d0%bb%d1%8f-%d0%ba\/","title":{"rendered":"\u042d\u041d\u0415\u0420\u0413\u0415\u0422\u0418\u041a<br> \u0422\u0440\u0430\u0432\u044f\u043d\u0430\u044f \u043f\u0430\u0442\u043e\u043a\u0430 \u0434\u043b\u044f \u043a\u0430\u043b\u044c\u044f\u043d\u0430 50\u0433\u0440"},"content":{"rendered":"<h1>ENERJ\u0130 \u0130\u00c7ECE\u011e\u0130 Bitkisel Nargile Melas\u0131 50Gr.<\/h1>\n<p>\u0412\u0430\u0448\u0438 \u043b\u044e\u0431\u0438\u043c\u044b\u0435 \u0441\u043e\u0431\u043b\u0430\u0437\u043d\u0438\u0442\u0435\u043b\u044c\u043d\u044b\u0435 \u0430\u0440\u043e\u043c\u0430\u0442\u044b \u0432\u0430\u0448\u0435\u0439 \u043c\u0435\u0447\u0442\u044b <strong>\u041e\u0411\u041d\u0410\u0420\u0423\u0416\u0418\u0422\u042c<\/strong>!<\/p>\n<p>\u041c\u044b \u0441\u043f\u0435\u0446\u0438\u0430\u043b\u044c\u043d\u043e \u0440\u0430\u0437\u0440\u0430\u0431\u043e\u0442\u0430\u043b\u0438 \u044d\u0442\u043e\u0442 \u0432\u043a\u0443\u0441, \u0441\u043e\u0441\u0442\u043e\u044f\u0449\u0438\u0439 \u0438\u0437 \u043b\u0435\u0441\u043d\u044b\u0445 \u044f\u0433\u043e\u0434 \u0438 \u0430\u0440\u043e\u043c\u0430\u0442\u043e\u0432 \u0436\u0435\u043d\u044c\u0448\u0435\u043d\u044f, \u0447\u0442\u043e\u0431\u044b \u0434\u0430\u0442\u044c \u0432\u0430\u043c \u043a\u0440\u044b\u043b\u044c\u044f. \u0421\u043e\u0445\u0440\u0430\u043d\u044f\u0439\u0442\u0435 \u0441\u0432\u043e\u0438 \u043a\u0440\u044b\u043b\u044c\u044f \u043a\u0440\u0435\u043f\u043a\u0438\u043c\u0438.<\/p>\n<h3>\u0421\u043e\u0434\u0435\u0440\u0436\u0430\u043d\u0438\u0435:<\/h3>\n<p>\u042d\u043d\u0435\u0440\u0433\u0438\u044f<\/p>\n<h3>\u0411\u043e\u043b\u044c\u0448\u0435, \u0447\u0435\u043c \u0442\u043e, \u0447\u0442\u043e \u0432\u044b \u0438\u0449\u0435\u0442\u0435 \u0432 \u043a\u0430\u043b\u044c\u044f\u043d\u0435<\/h3>\n<h3>\u041c\u0435\u0436\u0434\u0443\u043d\u0430\u0440\u043e\u0434\u043d\u044b\u0439 \u0441\u0442\u0430\u043d\u0434\u0430\u0440\u0442 \u0438 \u043a\u0430\u0447\u0435\u0441\u0442\u0432\u043e<\/h3>\n<p>\u041d\u0430\u0448\u0430 \u043f\u0440\u043e\u0434\u0443\u043a\u0446\u0438\u044f \u0432\u043a\u043b\u044e\u0447\u0430\u0435\u0442 \u0432 \u0441\u0435\u0431\u044f \u043d\u0430\u0441\u044b\u0449\u0435\u043d\u043d\u0443\u044e \u043d\u0430\u0442\u0443\u0440\u0430\u043b\u044c\u043d\u0443\u044e \u043f\u0430\u0442\u043e\u043a\u0443 \u0434\u043b\u044f \u043a\u0430\u043b\u044c\u044f\u043d\u0430 \u043f\u0440\u0435\u043c\u0438\u0443\u043c-\u043a\u043b\u0430\u0441\u0441\u0430, \u043a\u043e\u0442\u043e\u0440\u0430\u044f \u0441\u043f\u0435\u0446\u0438\u0430\u043b\u044c\u043d\u043e \u043f\u0440\u043e\u0438\u0437\u0432\u043e\u0434\u0438\u0442\u0441\u044f \u0441 \u0438\u0441\u043f\u043e\u043b\u044c\u0437\u043e\u0432\u0430\u043d\u0438\u0435\u043c \u043f\u043e\u043b\u043d\u043e\u0441\u0442\u044c\u044e \u043d\u0430\u0442\u0443\u0440\u0430\u043b\u044c\u043d\u044b\u0445 \u0444\u0440\u0443\u043a\u0442\u043e\u0432 \u0441 \u0440\u0430\u0437\u043b\u0438\u0447\u043d\u044b\u043c\u0438 \u0432\u043a\u0443\u0441\u0430\u043c\u0438 \u0432 \u0441\u043e\u043e\u0442\u0432\u0435\u0442\u0441\u0442\u0432\u0438\u0438 \u0441 \u043d\u043e\u0440\u043c\u0430\u043c\u0438 FDA \u0415\u0432\u0440\u043e\u043f\u0435\u0439\u0441\u043a\u043e\u0433\u043e \u0421\u043e\u044e\u0437\u0430 \u0438 \u0421\u0428\u0410.<\/p>\n<p>\u0422\u0430\u043d\u044f \u041d\u0430\u0440\u0433\u0438\u043b\u0435, \u043b\u0438\u0434\u0435\u0440 \u043c\u0438\u0440\u043e\u0432\u043e\u0439 \u043a\u0430\u043b\u044c\u044f\u043d\u043d\u043e\u0439 \u0438\u043d\u0434\u0443\u0441\u0442\u0440\u0438\u0438, \u0441 \u0442\u0435\u043c \u0437\u043d\u0430\u0447\u0435\u043d\u0438\u0435\u043c, \u043a\u043e\u0442\u043e\u0440\u043e\u0435 \u043c\u044b \u043f\u0440\u0438\u0434\u0430\u0435\u043c \u0438\u0441\u0441\u043b\u0435\u0434\u043e\u0432\u0430\u043d\u0438\u044f\u043c \u0438 \u0440\u0430\u0437\u0440\u0430\u0431\u043e\u0442\u043a\u0430\u043c, \u0438\u043d\u043d\u043e\u0432\u0430\u0446\u0438\u044f\u043c \u0438 \u043d\u043e\u0432\u044b\u043c \u043b\u0438\u043d\u0435\u0439\u043a\u0430\u043c \u043f\u0440\u043e\u0434\u0443\u043a\u0446\u0438\u0438, \u043a\u043e\u0442\u043e\u0440\u044b\u0435 \u043c\u044b \u043f\u0440\u0435\u0434\u043b\u0430\u0433\u0430\u0435\u043c \u0440\u044b\u043d\u043a\u0443, \u0431\u044b\u0441\u0442\u0440\u043e \u043f\u0440\u043e\u0433\u0440\u0435\u0441\u0441\u0438\u0440\u0443\u0435\u0442 \u043a \u0442\u043e\u043c\u0443, \u0447\u0442\u043e\u0431\u044b \u0441\u0442\u0430\u0442\u044c \u0437\u0432\u0435\u0437\u0434\u043d\u044b\u043c \u0431\u0440\u0435\u043d\u0434\u043e\u043c \u0432 \u043c\u0438\u0440\u0435.<\/p>\n<h3>\u0413\u043e\u0434\u044b \u043e\u043f\u044b\u0442\u0430<\/h3>\n<p>\u041c\u044b \u0441\u0442\u0430\u043b\u0438 \u0430\u0434\u0440\u0435\u0441\u043e\u043c \u0442\u0435\u0445, \u043a\u0442\u043e \u043a\u0430\u0436\u0434\u044b\u0439 \u0433\u043e\u0434 \u0441\u043e\u0437\u0434\u0430\u0435\u0442 \u0440\u0430\u0437\u043b\u0438\u0447\u043d\u044b\u0435 \u0442\u0435\u043d\u0434\u0435\u043d\u0446\u0438\u0438 \u0432 \u043e\u0431\u043b\u0430\u0441\u0442\u0438 \u043a\u0430\u043b\u044c\u044f\u043d\u0430, \u0431\u0443\u0434\u0443\u0447\u0438 \u043f\u0438\u043e\u043d\u0435\u0440\u0430\u043c\u0438 \u0432 \u0422\u0443\u0440\u0446\u0438\u0438 \u0438 \u043c\u0438\u0440\u0435, \u0431\u043b\u0430\u0433\u043e\u0434\u0430\u0440\u044f \u043d\u0430\u0448\u0435\u043c\u0443 \u043f\u0440\u0435\u0432\u043e\u0441\u0445\u043e\u0434\u043d\u043e\u043c\u0443 \u043e\u043f\u044b\u0442\u0443 \u0438 \u043f\u0440\u0435\u0432\u043e\u0441\u0445\u043e\u0434\u043d\u043e\u043c\u0443 \u043e\u043f\u044b\u0442\u0443 \u0441 1996 \u0433\u043e\u0434\u0430, \u0438 \u043c\u044b \u0441\u0442\u0430\u043b\u0438 \u0431\u0440\u0435\u043d\u0434\u043e\u043c, \u0437\u0430 \u043a\u043e\u0442\u043e\u0440\u044b\u043c \u0432\u0441\u0435\u0433\u0434\u0430 \u0441\u043b\u0435\u0434\u0443\u044e\u0442 \u043f\u043e\u0442\u0440\u0435\u0431\u0438\u0442\u0435\u043b\u0438 \u043a\u0430\u043b\u044c\u044f\u043d\u0430. \u0438 \u043a\u0430\u043b\u044c\u044f\u043d\u043d\u0430\u044f \u0438\u043d\u0434\u0443\u0441\u0442\u0440\u0438\u044f.<\/p>\n<p>\u0427\u0442\u043e\u0431\u044b \u0443\u043b\u0443\u0447\u0448\u0438\u0442\u044c \u043f\u0440\u043e\u0434\u0443\u043a\u0446\u0438\u044e, \u043a\u043e\u0442\u043e\u0440\u0443\u044e \u043c\u044b \u043f\u0440\u043e\u0438\u0437\u0432\u043e\u0434\u0438\u043c, \u0441 \u043f\u043e\u043c\u043e\u0449\u044c\u044e \u0438\u0441\u0441\u043b\u0435\u0434\u043e\u0432\u0430\u043d\u0438\u0439 \u0438 \u0440\u0430\u0437\u0440\u0430\u0431\u043e\u0442\u043e\u043a \u043f\u043e\u043b\u0443\u0447\u0435\u043d\u043d\u044b\u0445 \u043c\u0435\u0436\u0434\u0443\u043d\u0430\u0440\u043e\u0434\u043d\u044b\u0445 \u043f\u0430\u0442\u0435\u043d\u0442\u043e\u0432, \u043c\u044b \u043f\u0440\u043e\u0438\u0437\u0432\u043e\u0434\u0438\u043c \u043f\u0440\u043e\u0434\u0443\u043a\u0442\u044b, \u043a\u043e\u0442\u043e\u0440\u044b\u0435 \u0441\u043d\u0438\u0436\u0430\u044e\u0442 \u044d\u0444\u0444\u0435\u043a\u0442\u0438\u0432\u043d\u043e\u0441\u0442\u044c \u0432\u0440\u0435\u0434\u043d\u044b\u0445 \u0432\u0435\u0449\u0435\u0441\u0442\u0432 \u0432 \u043a\u0430\u043b\u044c\u044f\u043d\u0435, \u0434\u0435\u043b\u0430\u044f \u043a\u0430\u043b\u044c\u044f\u043d\u043d\u0443\u044e \u043a\u0443\u043b\u044c\u0442\u0443\u0440\u0443 \u0431\u0435\u0437\u0432\u0440\u0435\u0434\u043d\u043e\u0439 \u0438 \u0431\u043e\u043b\u0435\u0435 \u043f\u0440\u0438\u044f\u0442\u043d\u043e\u0439.<\/p>\n<h3>\u041d\u0430\u0448\u0430 \u043f\u0440\u043e\u0434\u0443\u043a\u0446\u0438\u044f \u043d\u0435 \u0441\u043e\u0434\u0435\u0440\u0436\u0438\u0442 \u0442\u0430\u0431\u0430\u043a\u0430 \u0438 \u043d\u0438\u043a\u043e\u0442\u0438\u043d\u0430!<\/h3>\n<p>\u041d\u0435\u043b\u044c\u0437\u044f \u043f\u0440\u043e\u0434\u0430\u0432\u0430\u0442\u044c \u043b\u0438\u0446\u0430\u043c \u0434\u043e 18 \u043b\u0435\u0442!<\/p>\n<h4>100% \u041d\u0430\u0442\u0443\u0440\u0430\u043b\u044c\u043d\u044b\u0439<\/h4>\n<p>\u0421\u0434\u0435\u043b\u0430\u043d\u043e \u043f\u043e\u043b\u043d\u043e\u0441\u0442\u044c\u044e \u0438\u0437 \u043d\u0430\u0442\u0443\u0440\u0430\u043b\u044c\u043d\u044b\u0445 \u0444\u0440\u0443\u043a\u0442\u043e\u0432 100%!<\/p>\n<h4>\u0421\u043e\u0431\u043b\u0430\u0437\u043d\u0438\u0442\u0435\u043b\u044c\u043d\u044b\u0435 \u0430\u0440\u043e\u043c\u0430\u0442\u044b<\/h4>\n<p>\u0412\u044b \u043d\u0430\u0439\u0434\u0435\u0442\u0435 \u0441\u0432\u043e\u0438 \u043b\u044e\u0431\u0438\u043c\u044b\u0435 \u0441\u043e\u0431\u043b\u0430\u0437\u043d\u0438\u0442\u0435\u043b\u044c\u043d\u044b\u0435 \u0430\u0440\u043e\u043c\u0430\u0442\u044b \u0441\u0432\u043e\u0435\u0439 \u043c\u0435\u0447\u0442\u044b!<\/p>\n<h4>2 \u0447\u0430\u0441\u0430 \u0441\u0443\u043f\u0435\u0440 \u043f\u0440\u043e\u0438\u0437\u0432\u043e\u0434\u0438\u0442\u0435\u043b\u044c\u043d\u043e\u0441\u0442\u0438<\/h4>\n<p>\u041d\u0430\u0441\u044b\u0449\u0435\u043d\u043d\u044b\u0439 \u0432\u043a\u0443\u0441 \u0438 \u0432\u044b\u0441\u043e\u043a\u0430\u044f \u044d\u0444\u0444\u0435\u043a\u0442\u0438\u0432\u043d\u043e\u0441\u0442\u044c \u0433\u0430\u0440\u0430\u043d\u0442\u0438\u0440\u043e\u0432\u0430\u043d\u044b! \u0412\u044b \u0431\u0443\u0434\u0435\u0442\u0435 \u0443\u0434\u0438\u0432\u043b\u0435\u043d\u044b \u0438\u043d\u0442\u0435\u043d\u0441\u0438\u0432\u043d\u043e\u0439 \u043f\u0440\u043e\u0438\u0437\u0432\u043e\u0434\u0438\u0442\u0435\u043b\u044c\u043d\u043e\u0441\u0442\u044c\u044e.<\/p>\n<h4>\u042d\u043a\u0441\u0442\u0440\u0430 \u0441\u0438\u043b\u044c\u043d\u044b\u0439 \u0430\u0440\u043e\u043c\u0430\u0442<\/h4>\n<p>\u041f\u043e\u0447\u0443\u0432\u0441\u0442\u0432\u0443\u0439\u0442\u0435 \u043d\u0435\u0432\u0435\u0440\u043e\u044f\u0442\u043d\u043e \u0441\u0438\u043b\u044c\u043d\u044b\u0439 \u0430\u0440\u043e\u043c\u0430\u0442 \u043a\u0430\u043b\u044c\u044f\u043d\u0430 \u0434\u043e \u043f\u043e\u0441\u043b\u0435\u0434\u043d\u0435\u0433\u043e \u043c\u043e\u043c\u0435\u043d\u0442\u0430!<\/p>\n<h4>Tatl\u0131 &amp; Fresh<\/h4>\n<p>Extra G\u00fc\u00e7l\u00fc Tatl\u0131 &amp; Fresh Tatlar\u0131n dans\u0131na hayran olacaks\u0131n\u0131z!<\/p>\n<h4>\u041d\u043e\u0432\u0430\u044f \u043f\u0440\u0435\u043c\u0438\u0430\u043b\u044c\u043d\u0430\u044f \u0443\u043f\u0430\u043a\u043e\u0432\u043a\u0430<\/h4>\n<p>\u0412\u0430\u0448\u0438 \u043b\u044e\u0431\u0438\u043c\u044b\u0435 \u0432\u043a\u0443\u0441\u044b \u043a\u0430\u043b\u044c\u044f\u043d\u0430 \u043d\u0438\u043a\u043e\u0433\u0434\u0430 \u043d\u0435 \u0438\u0441\u0441\u044f\u043a\u043d\u0443\u0442!<\/p>\n<h4>\u041f\u0440\u0435\u0432\u043e\u0441\u0445\u043e\u0434\u043d\u043e\u0435 \u0443\u043f\u0440\u0430\u0432\u043b\u0435\u043d\u0438\u0435 \u0442\u0435\u043c\u043f\u0435\u0440\u0430\u0442\u0443\u0440\u043e\u0439<\/h4>\n<p>\u0411\u043b\u0430\u0433\u043e\u0434\u0430\u0440\u044f \u0443\u0433\u043e\u043b\u044c\u043d\u043e\u043c\u0443 \u0436\u0430\u0440\u0443 \u0432 \u043a\u0430\u043b\u044c\u044f\u043d\u0435 \u043e\u043d \u0432 5 \u0440\u0430\u0437 \u0431\u043e\u043b\u0435\u0435 \u0443\u0441\u0442\u043e\u0439\u0447\u0438\u0432 \u043a \u0433\u043e\u0440\u0435\u043d\u0438\u044e, \u0447\u0435\u043c \u043e\u0431\u044b\u0447\u043d\u044b\u0439 \u0442\u0430\u0431\u0430\u043a!<\/p>\n<h4>\u041c\u0435\u0436\u0434\u0443\u043d\u0430\u0440\u043e\u0434\u043d\u044b\u0435 \u0441\u0442\u0430\u043d\u0434\u0430\u0440\u0442\u044b<\/h4>\n<p>\u041f\u0440\u043e\u0438\u0437\u0432\u043e\u0434\u0441\u0442\u0432\u043e \u0432 \u0441\u043e\u043e\u0442\u0432\u0435\u0442\u0441\u0442\u0432\u0438\u0438 \u0441 \u043d\u043e\u0440\u043c\u0430\u043c\u0438 FDA \u0415\u0432\u0440\u043e\u043f\u0435\u0439\u0441\u043a\u043e\u0433\u043e \u0421\u043e\u044e\u0437\u0430 \u0438 \u0421\u0428\u0410.<\/p>\n<h4>D\u00fcnya&#8217;n\u0131n Y\u0131ld\u0131zla\u015fan Markas\u0131<\/h4>\n<p>Nargile Sekt\u00f6r\u00fc&#8217;nde art artda al\u0131nan ihracat \u015fampiyonluk \u00f6d\u00fclleri ile D\u00fcnya Markas\u0131 haline gelmi\u015ftir!<\/p>\n<h4>\u042d\u043a\u0441\u043f\u043e\u0440\u0442 \u0432 55 \u0441\u0442\u0440\u0430\u043d<\/h4>\n<p>\u0412\u043e\u0441\u043f\u043e\u043b\u044c\u0437\u0443\u0439\u0442\u0435\u0441\u044c \u043f\u0440\u0435\u0438\u043c\u0443\u0449\u0435\u0441\u0442\u0432\u0430\u043c\u0438 \u043d\u0430\u0448\u0435\u0439 \u0441\u0435\u0442\u0438 \u0434\u043e\u0441\u0442\u0430\u0432\u043a\u0438, \u0434\u043e\u0441\u0442\u0443\u043f\u043d\u043e\u0439 \u0432 55 \u0441\u0442\u0440\u0430\u043d.<\/p>\n<p>\u041c\u044b \u043c\u0435\u043d\u044f\u0435\u043c \u0432\u043a\u0443\u0441 \u043c\u0438\u0440\u0430! \u041f\u0443\u0441\u0442\u044c \u0438 \u0432\u044b \u043f\u0440\u0438\u043c\u0435\u0442\u0435 \u0443\u0447\u0430\u0441\u0442\u0438\u0435 \u0432 \u0431\u043e\u0440\u044c\u0431\u0435, \u043a\u043e\u0442\u043e\u0440\u0443\u044e \u043c\u044b \u043d\u0430\u0447\u0430\u043b\u0438 \u0441 \u044d\u0442\u043e\u0433\u043e \u043b\u043e\u0437\u0443\u043d\u0433\u0430.<\/p>\n<h4>\u041e\u043d \u0437\u0430\u043f\u0430\u0442\u0435\u043d\u0442\u043e\u0432\u0430\u043d \u043d\u0430 \u043c\u0435\u0436\u0434\u0443\u043d\u0430\u0440\u043e\u0434\u043d\u043e\u043c \u0443\u0440\u043e\u0432\u043d\u0435!<\/h4>\n<p>\u0411\u0443\u0434\u0443\u0447\u0438 \u043f\u0435\u0440\u0432\u044b\u043c \u0432 \u043c\u0438\u0440\u0435, \u043e\u043d \u0431\u044b\u043b \u0437\u0430\u043f\u0430\u0442\u0435\u043d\u0442\u043e\u0432\u0430\u043d \u043a\u0430\u043a \u0431\u0435\u0437\u0442\u0430\u0431\u0430\u0447\u043d\u044b\u0439 \u0438 \u0431\u0435\u0437\u043d\u0438\u043a\u043e\u0442\u0438\u043d\u043e\u0432\u044b\u0439.<\/p>","protected":false},"excerpt":{"rendered":"<p class=\"translation-block\"><strong>\u042d\u041d\u0415\u0420\u0413\u0415\u0422\u0418\u0427\u0415\u0421\u041a\u0418\u0419 \u041d\u0410\u041f\u0418\u0422\u041e\u041a<\/strong> \u041c\u044b \u0441\u043f\u0435\u0446\u0438\u0430\u043b\u044c\u043d\u043e \u0440\u0430\u0437\u0440\u0430\u0431\u043e\u0442\u0430\u043b\u0438 \u044d\u0442\u043e\u0442 \u0432\u043a\u0443\u0441, \u0441\u043e\u0441\u0442\u043e\u044f\u0449\u0438\u0439 \u0438\u0437 \u043d\u043e\u0442 \u043b\u0435\u0441\u043d\u044b\u0445 \u0444\u0440\u0443\u043a\u0442\u043e\u0432 \u0438 \u0430\u0440\u043e\u043c\u0430\u0442\u043e\u0432 \u0436\u0435\u043d\u044c\u0448\u0435\u043d\u044f, \u043a\u043e\u0442\u043e\u0440\u044b\u0439 \u043f\u043e\u0434\u0430\u0440\u0438\u0442 \u0432\u0430\u043c \u043a\u0440\u044b\u043b\u044c\u044f. \u0414\u0435\u0440\u0436\u0438\u0442\u0435 \u0441\u0432\u043e\u0438 \u043a\u0440\u044b\u043b\u044c\u044f \u0441\u0438\u043b\u044c\u043d\u044b\u043c\u0438. <strong>\u041e\u0422\u041a\u0420\u041e\u0419\u0422\u0415 \u0414\u041b\u042f \u0421\u0415\u0411\u042f \u043b\u044e\u0431\u0438\u043c\u044b\u0435 \u0441\u043e\u0431\u043b\u0430\u0437\u043d\u0438\u0442\u0435\u043b\u044c\u043d\u044b\u0435 \u0432\u043a\u0443\u0441\u044b \u043a\u0430\u043b\u044c\u044f\u043d\u0430 \u0432\u0430\u0448\u0435\u0439 \u043c\u0435\u0447\u0442\u044b!<\/strong><\/p>","protected":false},"featured_media":8155,"comment_status":"open","ping_status":"closed","template":"","meta":{"content-type":""},"product_brand":[],"product_cat":[25],"product_tag":[119,369,127,129,387,171,109,114,118,96,94,117,103,104,115,116,108,128,93,100,97,120,98,121,110,111,113,374,99,95,126,112,124,122,125,123],"class_list":{"0":"post-6239","1":"product","2":"type-product","3":"status-publish","4":"has-post-thumbnail","6":"product_cat-herbal-hookah-tanya-50gr","7":"product_tag-best-hookah-flavors","8":"product_tag-bitkisel-nargile-melasi","9":"product_tag-e-shisha","10":"product_tag-elektronik-sigara","11":"product_tag-energy-drink","12":"product_tag-enerji-icecegi","13":"product_tag-herbal-hookah","14":"product_tag-herbal-hookah-brands","15":"product_tag-herbal-hookah-flavors","16":"product_tag-herbal-hookah-molasses","17":"product_tag-hookah","18":"product_tag-hookah-flavors","19":"product_tag-hookah-molasses","20":"product_tag-hookah-tobacco","21":"product_tag-hookah-tobacco-brands","22":"product_tag-hookah-tobacco-flavor","23":"product_tag-how-to-make-hookah-molasses","24":"product_tag-likit","25":"product_tag-nargile","26":"product_tag-nargile-aromasi","27":"product_tag-nargile-melasi","28":"product_tag-nargile-nasil-hazirlanir","29":"product_tag-nargile-tutunu","30":"product_tag-nargile-yapimi","31":"product_tag-natural-hookah","32":"product_tag-natural-hookah-molasses","33":"product_tag-nicotine-free-hookah","34":"product_tag-nikotinsiz-nargile","35":"product_tag-premium-nargile-melasi","36":"product_tag-shisha","37":"product_tag-shisha-bar","38":"product_tag-tobacco-free-hookah","39":"product_tag-124","40":"product_tag-122","41":"product_tag-125","42":"product_tag-123","44":"first","45":"instock","46":"virtual","47":"taxable","48":"product-type-simple"},"_links":{"self":[{"href":"https:\/\/tanyanargile.com.tr\/ru\/wp-json\/wp\/v2\/product\/6239","targetHints":{"allow":["GET"]}}],"collection":[{"href":"https:\/\/tanyanargile.com.tr\/ru\/wp-json\/wp\/v2\/product"}],"about":[{"href":"https:\/\/tanyanargile.com.tr\/ru\/wp-json\/wp\/v2\/types\/product"}],"replies":[{"embeddable":true,"href":"https:\/\/tanyanargile.com.tr\/ru\/wp-json\/wp\/v2\/comments?post=6239"}],"version-history":[{"count":0,"href":"https:\/\/tanyanargile.com.tr\/ru\/wp-json\/wp\/v2\/product\/6239\/revisions"}],"wp:featuredmedia":[{"embeddable":true,"href":"https:\/\/tanyanargile.com.tr\/ru\/wp-json\/wp\/v2\/media\/8155"}],"wp:attachment":[{"href":"https:\/\/tanyanargile.com.tr\/ru\/wp-json\/wp\/v2\/media?parent=6239"}],"wp:term":[{"taxonomy":"product_brand","embeddable":true,"href":"https:\/\/tanyanargile.com.tr\/ru\/wp-json\/wp\/v2\/product_brand?post=6239"},{"taxonomy":"product_cat","embeddable":true,"href":"https:\/\/tanyanargile.com.tr\/ru\/wp-json\/wp\/v2\/product_cat?post=6239"},{"taxonomy":"product_tag","embeddable":true,"href":"https:\/\/tanyanargile.com.tr\/ru\/wp-json\/wp\/v2\/product_tag?post=6239"}],"curies":[{"name":"wp","href":"https:\/\/api.w.org\/{rel}","templated":true}]}}