{"id":9753,"date":"2023-10-09T22:28:14","date_gmt":"2023-10-09T19:28:14","guid":{"rendered":"https:\/\/tanyanargile.com.tr\/?post_type=product&#038;p=9753"},"modified":"2024-11-02T17:53:26","modified_gmt":"2024-11-02T14:53:26","slug":"%d0%bf%d0%b0%d1%82%d0%be%d0%ba%d0%b0-%d0%b0%d0%bf%d0%b5%d0%bb%d1%8c%d1%81%d0%b8%d0%bd%d0%be%d0%b2%d0%b0%d1%8f-%d0%b4%d0%bb%d1%8f-%d0%ba%d0%b0%d0%bb%d1%8c%d1%8f%d0%bd%d0%b0-100%d0%b3%d1%80","status":"publish","type":"product","link":"https:\/\/tanyanargile.com.tr\/ru\/%d0%bf%d0%b0%d1%82%d0%be%d0%ba%d0%b0-%d0%b0%d0%bf%d0%b5%d0%bb%d1%8c%d1%81%d0%b8%d0%bd%d0%be%d0%b2%d0%b0%d1%8f-%d0%b4%d0%bb%d1%8f-%d0%ba%d0%b0%d0%bb%d1%8c%d1%8f%d0%bd%d0%b0-100%d0%b3%d1%80\/","title":{"rendered":"\u0410\u041f\u0415\u041b\u042c\u0421\u0418\u041d<br> \u041f\u0430\u0442\u043e\u043a\u0430 \u0434\u043b\u044f \u043a\u0430\u043b\u044c\u044f\u043d\u0430 100\u0433\u0440"},"content":{"rendered":"<h1>PORTAKAL Bitkisel Nargile Melas\u0131 100Gr.<\/h1>\n<p>\u0412\u0430\u0448\u0438 \u043b\u044e\u0431\u0438\u043c\u044b\u0435 \u0441\u043e\u0431\u043b\u0430\u0437\u043d\u0438\u0442\u0435\u043b\u044c\u043d\u044b\u0435 \u0430\u0440\u043e\u043c\u0430\u0442\u044b \u0432\u0430\u0448\u0435\u0439 \u043c\u0435\u0447\u0442\u044b <strong>\u041e\u0411\u041d\u0410\u0420\u0423\u0416\u0418\u0422\u042c<\/strong>!<br \/>\nFinike \u015fehrinin me\u015fhur Portakal Bah\u00e7eleri&#8217;nin kokusunu dama\u011f\u0131n\u0131zda hissedecek ferah lezzeti, sizler i\u00e7in form\u00fcle ettik. Portakal kabuklar\u0131n\u0131n \u00f6z\u00fcnden olu\u015fturdu\u011fumuz bu lezzet sizi k\u0131\u015fk\u0131rtmaya yetecek.<\/p>\n<h3>\u0421\u043e\u0434\u0435\u0440\u0436\u0430\u043d\u0438\u0435:<\/h3>\n<p>\u0410\u043f\u0435\u043b\u044c\u0441\u0438\u043d<\/p>\n<h3>\u0411\u043e\u043b\u044c\u0448\u0435, \u0447\u0435\u043c \u0442\u043e, \u0447\u0442\u043e \u0432\u044b \u0438\u0449\u0435\u0442\u0435 \u0432 \u043a\u0430\u043b\u044c\u044f\u043d\u0435<\/h3>\n<h3>\u041c\u0435\u0436\u0434\u0443\u043d\u0430\u0440\u043e\u0434\u043d\u044b\u0439 \u0441\u0442\u0430\u043d\u0434\u0430\u0440\u0442 \u0438 \u043a\u0430\u0447\u0435\u0441\u0442\u0432\u043e<\/h3>\n<p>\u041d\u0430\u0448\u0430 \u043f\u0440\u043e\u0434\u0443\u043a\u0446\u0438\u044f \u0432\u043a\u043b\u044e\u0447\u0430\u0435\u0442 \u0432 \u0441\u0435\u0431\u044f \u043d\u0430\u0441\u044b\u0449\u0435\u043d\u043d\u0443\u044e \u043d\u0430\u0442\u0443\u0440\u0430\u043b\u044c\u043d\u0443\u044e \u043f\u0430\u0442\u043e\u043a\u0443 \u0434\u043b\u044f \u043a\u0430\u043b\u044c\u044f\u043d\u0430 \u043f\u0440\u0435\u043c\u0438\u0443\u043c-\u043a\u043b\u0430\u0441\u0441\u0430, \u043a\u043e\u0442\u043e\u0440\u0430\u044f \u0441\u043f\u0435\u0446\u0438\u0430\u043b\u044c\u043d\u043e \u043f\u0440\u043e\u0438\u0437\u0432\u043e\u0434\u0438\u0442\u0441\u044f \u0441 \u0438\u0441\u043f\u043e\u043b\u044c\u0437\u043e\u0432\u0430\u043d\u0438\u0435\u043c \u043f\u043e\u043b\u043d\u043e\u0441\u0442\u044c\u044e \u043d\u0430\u0442\u0443\u0440\u0430\u043b\u044c\u043d\u044b\u0445 \u0444\u0440\u0443\u043a\u0442\u043e\u0432 \u0441 \u0440\u0430\u0437\u043b\u0438\u0447\u043d\u044b\u043c\u0438 \u0432\u043a\u0443\u0441\u0430\u043c\u0438 \u0432 \u0441\u043e\u043e\u0442\u0432\u0435\u0442\u0441\u0442\u0432\u0438\u0438 \u0441 \u043d\u043e\u0440\u043c\u0430\u043c\u0438 FDA \u0415\u0432\u0440\u043e\u043f\u0435\u0439\u0441\u043a\u043e\u0433\u043e \u0421\u043e\u044e\u0437\u0430 \u0438 \u0421\u0428\u0410.<br \/>\n\u0422\u0430\u043d\u044f \u041d\u0430\u0440\u0433\u0438\u043b\u0435, \u043b\u0438\u0434\u0435\u0440 \u043c\u0438\u0440\u043e\u0432\u043e\u0439 \u043a\u0430\u043b\u044c\u044f\u043d\u043d\u043e\u0439 \u0438\u043d\u0434\u0443\u0441\u0442\u0440\u0438\u0438, \u0441 \u0442\u0435\u043c \u0437\u043d\u0430\u0447\u0435\u043d\u0438\u0435\u043c, \u043a\u043e\u0442\u043e\u0440\u043e\u0435 \u043c\u044b \u043f\u0440\u0438\u0434\u0430\u0435\u043c \u0438\u0441\u0441\u043b\u0435\u0434\u043e\u0432\u0430\u043d\u0438\u044f\u043c \u0438 \u0440\u0430\u0437\u0440\u0430\u0431\u043e\u0442\u043a\u0430\u043c, \u0438\u043d\u043d\u043e\u0432\u0430\u0446\u0438\u044f\u043c \u0438 \u043d\u043e\u0432\u044b\u043c \u043b\u0438\u043d\u0435\u0439\u043a\u0430\u043c \u043f\u0440\u043e\u0434\u0443\u043a\u0446\u0438\u0438, \u043a\u043e\u0442\u043e\u0440\u044b\u0435 \u043c\u044b \u043f\u0440\u0435\u0434\u043b\u0430\u0433\u0430\u0435\u043c \u0440\u044b\u043d\u043a\u0443, \u0431\u044b\u0441\u0442\u0440\u043e \u043f\u0440\u043e\u0433\u0440\u0435\u0441\u0441\u0438\u0440\u0443\u0435\u0442 \u043a \u0442\u043e\u043c\u0443, \u0447\u0442\u043e\u0431\u044b \u0441\u0442\u0430\u0442\u044c \u0437\u0432\u0435\u0437\u0434\u043d\u044b\u043c \u0431\u0440\u0435\u043d\u0434\u043e\u043c \u0432 \u043c\u0438\u0440\u0435.<\/p>\n<h3>\u0413\u043e\u0434\u044b \u043e\u043f\u044b\u0442\u0430<\/h3>\n<p>\u041c\u044b \u0441\u0442\u0430\u043b\u0438 \u0430\u0434\u0440\u0435\u0441\u043e\u043c \u0442\u0435\u0445, \u043a\u0442\u043e \u043a\u0430\u0436\u0434\u044b\u0439 \u0433\u043e\u0434 \u0441\u043e\u0437\u0434\u0430\u0435\u0442 \u0440\u0430\u0437\u043b\u0438\u0447\u043d\u044b\u0435 \u0442\u0435\u043d\u0434\u0435\u043d\u0446\u0438\u0438 \u0432 \u043e\u0431\u043b\u0430\u0441\u0442\u0438 \u043a\u0430\u043b\u044c\u044f\u043d\u0430, \u0431\u0443\u0434\u0443\u0447\u0438 \u043f\u0438\u043e\u043d\u0435\u0440\u0430\u043c\u0438 \u0432 \u0422\u0443\u0440\u0446\u0438\u0438 \u0438 \u043c\u0438\u0440\u0435, \u0431\u043b\u0430\u0433\u043e\u0434\u0430\u0440\u044f \u043d\u0430\u0448\u0435\u043c\u0443 \u043f\u0440\u0435\u0432\u043e\u0441\u0445\u043e\u0434\u043d\u043e\u043c\u0443 \u043e\u043f\u044b\u0442\u0443 \u0438 \u043f\u0440\u0435\u0432\u043e\u0441\u0445\u043e\u0434\u043d\u043e\u043c\u0443 \u043e\u043f\u044b\u0442\u0443 \u0441 1996 \u0433\u043e\u0434\u0430, \u0438 \u043c\u044b \u0441\u0442\u0430\u043b\u0438 \u0431\u0440\u0435\u043d\u0434\u043e\u043c, \u0437\u0430 \u043a\u043e\u0442\u043e\u0440\u044b\u043c \u0432\u0441\u0435\u0433\u0434\u0430 \u0441\u043b\u0435\u0434\u0443\u044e\u0442 \u043f\u043e\u0442\u0440\u0435\u0431\u0438\u0442\u0435\u043b\u0438 \u043a\u0430\u043b\u044c\u044f\u043d\u0430. \u0438 \u043a\u0430\u043b\u044c\u044f\u043d\u043d\u0430\u044f \u0438\u043d\u0434\u0443\u0441\u0442\u0440\u0438\u044f.<br \/>\n\u0427\u0442\u043e\u0431\u044b \u0443\u043b\u0443\u0447\u0448\u0438\u0442\u044c \u043f\u0440\u043e\u0434\u0443\u043a\u0446\u0438\u044e, \u043a\u043e\u0442\u043e\u0440\u0443\u044e \u043c\u044b \u043f\u0440\u043e\u0438\u0437\u0432\u043e\u0434\u0438\u043c, \u0441 \u043f\u043e\u043c\u043e\u0449\u044c\u044e \u0438\u0441\u0441\u043b\u0435\u0434\u043e\u0432\u0430\u043d\u0438\u0439 \u0438 \u0440\u0430\u0437\u0440\u0430\u0431\u043e\u0442\u043e\u043a \u043f\u043e\u043b\u0443\u0447\u0435\u043d\u043d\u044b\u0445 \u043c\u0435\u0436\u0434\u0443\u043d\u0430\u0440\u043e\u0434\u043d\u044b\u0445 \u043f\u0430\u0442\u0435\u043d\u0442\u043e\u0432, \u043c\u044b \u043f\u0440\u043e\u0438\u0437\u0432\u043e\u0434\u0438\u043c \u043f\u0440\u043e\u0434\u0443\u043a\u0442\u044b, \u043a\u043e\u0442\u043e\u0440\u044b\u0435 \u0441\u043d\u0438\u0436\u0430\u044e\u0442 \u044d\u0444\u0444\u0435\u043a\u0442\u0438\u0432\u043d\u043e\u0441\u0442\u044c \u0432\u0440\u0435\u0434\u043d\u044b\u0445 \u0432\u0435\u0449\u0435\u0441\u0442\u0432 \u0432 \u043a\u0430\u043b\u044c\u044f\u043d\u0435, \u0434\u0435\u043b\u0430\u044f \u043a\u0430\u043b\u044c\u044f\u043d\u043d\u0443\u044e \u043a\u0443\u043b\u044c\u0442\u0443\u0440\u0443 \u0431\u0435\u0437\u0432\u0440\u0435\u0434\u043d\u043e\u0439 \u0438 \u0431\u043e\u043b\u0435\u0435 \u043f\u0440\u0438\u044f\u0442\u043d\u043e\u0439.<\/p>\n<h3>\u041d\u0430\u0448\u0430 \u043f\u0440\u043e\u0434\u0443\u043a\u0446\u0438\u044f \u043d\u0435 \u0441\u043e\u0434\u0435\u0440\u0436\u0438\u0442 \u0442\u0430\u0431\u0430\u043a\u0430 \u0438 \u043d\u0438\u043a\u043e\u0442\u0438\u043d\u0430!<br \/>\n\u041d\u0435\u043b\u044c\u0437\u044f \u043f\u0440\u043e\u0434\u0430\u0432\u0430\u0442\u044c \u043b\u0438\u0446\u0430\u043c \u0434\u043e 18 \u043b\u0435\u0442!<\/h3>","protected":false},"excerpt":{"rendered":"<p><strong>\u0410\u041f\u0415\u041b\u042c\u0421\u0418\u041d <\/strong>Finike \u015fehrinin me\u015fhur Portakal Bah\u00e7eleri&#8217;nin kokusunu dama\u011f\u0131n\u0131zda hissedecek ferah lezzeti, sizler i\u00e7in form\u00fcle ettik. Portakal kabuklar\u0131n\u0131n \u00f6z\u00fcnden olu\u015fturdu\u011fumuz bu lezzet sizi k\u0131\u015fk\u0131rtmaya yetecek. Hayalinizdeki en sevdi\u011finiz ba\u015ftan \u00e7\u0131kar\u0131c\u0131 nargile lezzetlerini <strong>\u041e\u0411\u041d\u0410\u0420\u0423\u0416\u0418\u0422\u042c!<\/strong><\/p>","protected":false},"featured_media":9571,"comment_status":"open","ping_status":"closed","template":"","meta":{"content-type":""},"product_brand":[],"product_cat":[26],"product_tag":[119,127,129,109,114,118,96,94,117,103,104,115,116,108,128,93,100,102,97,120,98,121,110,111,113,153,99,95,126,112,124,122,125,123],"class_list":{"0":"post-9753","1":"product","2":"type-product","3":"status-publish","4":"has-post-thumbnail","6":"product_cat-herbal-hookah-tanya-100gr","7":"product_tag-best-hookah-flavors","8":"product_tag-e-shisha","9":"product_tag-elektronik-sigara","10":"product_tag-herbal-hookah","11":"product_tag-herbal-hookah-brands","12":"product_tag-herbal-hookah-flavors","13":"product_tag-herbal-hookah-molasses","14":"product_tag-hookah","15":"product_tag-hookah-flavors","16":"product_tag-hookah-molasses","17":"product_tag-hookah-tobacco","18":"product_tag-hookah-tobacco-brands","19":"product_tag-hookah-tobacco-flavor","20":"product_tag-how-to-make-hookah-molasses","21":"product_tag-likit","22":"product_tag-nargile","23":"product_tag-nargile-aromasi","24":"product_tag-nargile-keyfi","25":"product_tag-nargile-melasi","26":"product_tag-nargile-nasil-hazirlanir","27":"product_tag-nargile-tutunu","28":"product_tag-nargile-yapimi","29":"product_tag-natural-hookah","30":"product_tag-natural-hookah-molasses","31":"product_tag-nicotine-free-hookah","32":"product_tag-portakal","33":"product_tag-premium-nargile-melasi","34":"product_tag-shisha","35":"product_tag-shisha-bar","36":"product_tag-tobacco-free-hookah","37":"product_tag-124","38":"product_tag-122","39":"product_tag-125","40":"product_tag-123","42":"first","43":"instock","44":"virtual","45":"taxable","46":"product-type-simple"},"_links":{"self":[{"href":"https:\/\/tanyanargile.com.tr\/ru\/wp-json\/wp\/v2\/product\/9753","targetHints":{"allow":["GET"]}}],"collection":[{"href":"https:\/\/tanyanargile.com.tr\/ru\/wp-json\/wp\/v2\/product"}],"about":[{"href":"https:\/\/tanyanargile.com.tr\/ru\/wp-json\/wp\/v2\/types\/product"}],"replies":[{"embeddable":true,"href":"https:\/\/tanyanargile.com.tr\/ru\/wp-json\/wp\/v2\/comments?post=9753"}],"version-history":[{"count":0,"href":"https:\/\/tanyanargile.com.tr\/ru\/wp-json\/wp\/v2\/product\/9753\/revisions"}],"wp:featuredmedia":[{"embeddable":true,"href":"https:\/\/tanyanargile.com.tr\/ru\/wp-json\/wp\/v2\/media\/9571"}],"wp:attachment":[{"href":"https:\/\/tanyanargile.com.tr\/ru\/wp-json\/wp\/v2\/media?parent=9753"}],"wp:term":[{"taxonomy":"product_brand","embeddable":true,"href":"https:\/\/tanyanargile.com.tr\/ru\/wp-json\/wp\/v2\/product_brand?post=9753"},{"taxonomy":"product_cat","embeddable":true,"href":"https:\/\/tanyanargile.com.tr\/ru\/wp-json\/wp\/v2\/product_cat?post=9753"},{"taxonomy":"product_tag","embeddable":true,"href":"https:\/\/tanyanargile.com.tr\/ru\/wp-json\/wp\/v2\/product_tag?post=9753"}],"curies":[{"name":"wp","href":"https:\/\/api.w.org\/{rel}","templated":true}]}}